{"id":3498,"date":"2016-02-26T00:32:06","date_gmt":"2016-02-25T21:32:06","guid":{"rendered":"https:\/\/webmister.pro\/infographics\/"},"modified":"2017-06-28T19:34:15","modified_gmt":"2017-06-28T16:34:15","slug":"infographics","status":"publish","type":"page","link":"https:\/\/webmister.pro\/de\/infographics\/","title":{"rendered":"Infografik"},"content":{"rendered":"[vc_row][vc_column]<link href=\"https:\/\/fonts.googleapis.com\/css?family=Roboto:100\" rel=\"stylesheet\" property=\"stylesheet\" type=\"text\/css\" media=\"all\">\n<div id=\"rev_slider_44_1_wrapper\" class=\"rev_slider_wrapper fullwidthbanner-container\" data-source=\"gallery\" style=\"margin:0px auto;background:transparent;padding:0px;margin-top:0px;margin-bottom:0px;\">\n<!-- START REVOLUTION SLIDER 5.4.7.2 fullwidth mode -->\n\t<div id=\"rev_slider_44_1\" class=\"rev_slider fullwidthabanner\" style=\"display:none;\" data-version=\"5.4.7.2\">\n<ul>\t<!-- SLIDE  -->\n\t<li data-index=\"rs-59\" data-transition=\"fade\" data-slotamount=\"default\" data-hideafterloop=\"0\" data-hideslideonmobile=\"off\"  data-easein=\"default\" data-easeout=\"default\" data-masterspeed=\"300\"  data-rotate=\"0\"  data-saveperformance=\"off\"  data-title=\"Slide\" data-param1=\"\" data-param2=\"\" data-param3=\"\" data-param4=\"\" data-param5=\"\" data-param6=\"\" data-param7=\"\" data-param8=\"\" data-param9=\"\" data-param10=\"\" data-description=\"\">\n\t\t<!-- MAIN IMAGE -->\n\t\t<img src=\"https:\/\/webmister.pro\/wp-content\/uploads\/2016\/03\/slide3.jpg\"  alt=\"Infografik\" title=\"slide3\"  width=\"1600\" height=\"900\" data-bgposition=\"center center\" data-bgfit=\"cover\" data-bgrepeat=\"no-repeat\" class=\"rev-slidebg\" data-no-retina>\n\t\t<!-- LAYERS -->\n\n\t\t<!-- LAYER NR. 1 -->\n\t\t<div class=\"tp-caption   tp-resizeme\" \n\t\t\t id=\"slide-59-layer-1\" \n\t\t\t data-x=\"34\" \n\t\t\t data-y=\"242\" \n\t\t\t\t\t\tdata-width=\"['auto']\"\n\t\t\tdata-height=\"['auto']\"\n \n\t\t\tdata-type=\"text\" \n\t\t\tdata-responsive_offset=\"on\" \n\n\t\t\tdata-frames='[{\"delay\":0,\"speed\":2000,\"frame\":\"0\",\"from\":\"y:[100%];z:0;rX:0deg;rY:0;rZ:0;sX:1;sY:1;skX:0;skY:0;opacity:0;\",\"to\":\"o:1;\",\"ease\":\"Power4.easeInOut\"},{\"delay\":\"wait\",\"speed\":300,\"frame\":\"999\",\"to\":\"opacity:0;\",\"ease\":\"nothing\"}]'\n\t\t\tdata-textAlign=\"['left','left','left','left']\"\n\t\t\tdata-paddingtop=\"[0,0,0,0]\"\n\t\t\tdata-paddingright=\"[0,0,0,0]\"\n\t\t\tdata-paddingbottom=\"[0,0,0,0]\"\n\t\t\tdata-paddingleft=\"[0,0,0,0]\"\n\n\t\t\tstyle=\"z-index: 5; white-space: nowrap; font-size: 50px; line-height: 55px; font-weight: 100; color: rgba(255,255,255,1);font-family:Roboto;\">INFOGRAFIK <\/div>\n\n\t\t<!-- LAYER NR. 2 -->\n\t\t<div class=\"tp-caption   tp-resizeme\" \n\t\t\t id=\"slide-59-layer-45\" \n\t\t\t data-x=\"903\" \n\t\t\t data-y=\"132\" \n\t\t\t\t\t\tdata-width=\"['none','none','none','none']\"\n\t\t\tdata-height=\"['none','none','none','none']\"\n \n\t\t\tdata-type=\"image\" \n\t\t\tdata-responsive_offset=\"on\" \n\n\t\t\tdata-frames='[{\"delay\":2040,\"speed\":1350,\"frame\":\"0\",\"from\":\"y:[100%];z:0;rX:0deg;rY:0;rZ:0;sX:1;sY:1;skX:0;skY:0;opacity:0;\",\"mask\":\"x:0px;y:[100%];s:inherit;e:inherit;\",\"to\":\"o:1;\",\"ease\":\"Power2.easeInOut\"},{\"delay\":\"wait\",\"speed\":300,\"frame\":\"999\",\"to\":\"opacity:0;\",\"ease\":\"nothing\"}]'\n\t\t\tdata-textAlign=\"['left','left','left','left']\"\n\t\t\tdata-paddingtop=\"[0,0,0,0]\"\n\t\t\tdata-paddingright=\"[0,0,0,0]\"\n\t\t\tdata-paddingbottom=\"[0,0,0,0]\"\n\t\t\tdata-paddingleft=\"[0,0,0,0]\"\n\n\t\t\tstyle=\"z-index: 6;\"><img src=\"https:\/\/webmister.pro\/wp-content\/uploads\/2016\/03\/Infographic.jpg\" alt=\"Infografik\" data-ww=\"398px\" data-hh=\"398px\" width=\"600\" height=\"600\" data-no-retina> <\/div>\n\n\t\t<!-- LAYER NR. 3 -->\n\t\t<div class=\"tp-caption   tp-resizeme\" \n\t\t\t id=\"slide-59-layer-46\" \n\t\t\t data-x=\"629\" \n\t\t\t data-y=\"104\" \n\t\t\t\t\t\tdata-width=\"['none','none','none','none']\"\n\t\t\tdata-height=\"['none','none','none','none']\"\n \n\t\t\tdata-type=\"image\" \n\t\t\tdata-responsive_offset=\"on\" \n\n\t\t\tdata-frames='[{\"delay\":3300,\"speed\":1530,\"frame\":\"0\",\"from\":\"x:{-250,250};y:{-150,150};rX:{-90,90};rY:{-90,90};rZ:{-360,360};sX:0;sY:0;opacity:0;\",\"to\":\"o:1;\",\"ease\":\"Power2.easeInOut\"},{\"delay\":\"wait\",\"speed\":300,\"frame\":\"999\",\"to\":\"opacity:0;\",\"ease\":\"nothing\"}]'\n\t\t\tdata-textAlign=\"['left','left','left','left']\"\n\t\t\tdata-paddingtop=\"[0,0,0,0]\"\n\t\t\tdata-paddingright=\"[0,0,0,0]\"\n\t\t\tdata-paddingbottom=\"[0,0,0,0]\"\n\t\t\tdata-paddingleft=\"[0,0,0,0]\"\n\n\t\t\tstyle=\"z-index: 7;\"><img src=\"https:\/\/webmister.pro\/wp-content\/uploads\/2016\/03\/1-7.png\" alt=\"Infografik\" data-ww=\"337px\" data-hh=\"357px\" width=\"568\" height=\"600\" data-no-retina> <\/div>\n\n\t\t<!-- LAYER NR. 4 -->\n\t\t<div class=\"tp-caption   tp-resizeme\" \n\t\t\t id=\"slide-59-layer-48\" \n\t\t\t data-x=\"417\" \n\t\t\t data-y=\"348\" \n\t\t\t\t\t\tdata-width=\"['none','none','none','none']\"\n\t\t\tdata-height=\"['none','none','none','none']\"\n \n\t\t\tdata-type=\"image\" \n\t\t\tdata-responsive_offset=\"on\" \n\n\t\t\tdata-frames='[{\"delay\":5010,\"speed\":820,\"frame\":\"0\",\"from\":\"y:[100%];z:0;rX:0deg;rY:0;rZ:0;sX:1;sY:1;skX:0;skY:0;opacity:0;\",\"mask\":\"x:0px;y:[100%];s:inherit;e:inherit;\",\"to\":\"o:1;\",\"ease\":\"Power2.easeInOut\"},{\"delay\":\"wait\",\"speed\":300,\"frame\":\"999\",\"to\":\"opacity:0;\",\"ease\":\"nothing\"}]'\n\t\t\tdata-textAlign=\"['left','left','left','left']\"\n\t\t\tdata-paddingtop=\"[0,0,0,0]\"\n\t\t\tdata-paddingright=\"[0,0,0,0]\"\n\t\t\tdata-paddingbottom=\"[0,0,0,0]\"\n\t\t\tdata-paddingleft=\"[0,0,0,0]\"\n\n\t\t\tstyle=\"z-index: 8;\"><img src=\"https:\/\/webmister.pro\/wp-content\/uploads\/2016\/03\/3-6.png\" alt=\"Infografik\" data-ww=\"236px\" data-hh=\"89px\" width=\"932\" height=\"351\" data-no-retina> <\/div>\n\n\t\t<!-- LAYER NR. 5 -->\n\t\t<div class=\"tp-caption   tp-resizeme\" \n\t\t\t id=\"slide-59-layer-49\" \n\t\t\t data-x=\"506\" \n\t\t\t data-y=\"260\" \n\t\t\t\t\t\tdata-width=\"['none','none','none','none']\"\n\t\t\tdata-height=\"['none','none','none','none']\"\n \n\t\t\tdata-type=\"image\" \n\t\t\tdata-responsive_offset=\"on\" \n\n\t\t\tdata-frames='[{\"delay\":5980,\"speed\":770,\"frame\":\"0\",\"from\":\"x:[-175%];y:0px;z:0;rX:0;rY:0;rZ:0;sX:1;sY:1;skX:0;skY:0;opacity:1;\",\"mask\":\"x:[100%];y:0;s:inherit;e:inherit;\",\"to\":\"o:1;\",\"ease\":\"Power3.easeOut\"},{\"delay\":\"wait\",\"speed\":300,\"frame\":\"999\",\"to\":\"opacity:0;\",\"ease\":\"nothing\"}]'\n\t\t\tdata-textAlign=\"['left','left','left','left']\"\n\t\t\tdata-paddingtop=\"[0,0,0,0]\"\n\t\t\tdata-paddingright=\"[0,0,0,0]\"\n\t\t\tdata-paddingbottom=\"[0,0,0,0]\"\n\t\t\tdata-paddingleft=\"[0,0,0,0]\"\n\n\t\t\tstyle=\"z-index: 9;\"><img src=\"https:\/\/webmister.pro\/wp-content\/uploads\/2016\/03\/Learnnovators_Infographics_Elearning_4.png\" alt=\"Infografik\" data-ww=\"131px\" data-hh=\"73px\" width=\"384\" height=\"213\" data-no-retina> <\/div>\n\n\t\t<!-- LAYER NR. 6 -->\n\t\t<div class=\"tp-caption   tp-resizeme\" \n\t\t\t id=\"slide-59-layer-50\" \n\t\t\t data-x=\"511\" \n\t\t\t data-y=\"214\" \n\t\t\t\t\t\tdata-width=\"['none','none','none','none']\"\n\t\t\tdata-height=\"['none','none','none','none']\"\n \n\t\t\tdata-type=\"image\" \n\t\t\tdata-responsive_offset=\"on\" \n\n\t\t\tdata-frames='[{\"delay\":6150,\"speed\":680,\"frame\":\"0\",\"from\":\"x:[175%];y:0px;z:0;rX:0;rY:0;rZ:0;sX:1;sY:1;skX:0;skY:0;opacity:1;\",\"mask\":\"x:[-100%];y:0;s:inherit;e:inherit;\",\"to\":\"o:1;\",\"ease\":\"Power3.easeOut\"},{\"delay\":\"wait\",\"speed\":300,\"frame\":\"999\",\"to\":\"opacity:0;\",\"ease\":\"nothing\"}]'\n\t\t\tdata-textAlign=\"['left','left','left','left']\"\n\t\t\tdata-paddingtop=\"[0,0,0,0]\"\n\t\t\tdata-paddingright=\"[0,0,0,0]\"\n\t\t\tdata-paddingbottom=\"[0,0,0,0]\"\n\t\t\tdata-paddingleft=\"[0,0,0,0]\"\n\n\t\t\tstyle=\"z-index: 10;\"><img src=\"https:\/\/webmister.pro\/wp-content\/uploads\/2016\/03\/4-5.png\" alt=\"Infografik\" data-ww=\"117px\" data-hh=\"55px\" width=\"423\" height=\"198\" data-no-retina> <\/div>\n\t<\/li>\n\t<!-- SLIDE  -->\n\t<li data-index=\"rs-59-1\" data-transition=\"fade\" data-slotamount=\"default\" data-hideafterloop=\"0\" data-hideslideonmobile=\"off\"  data-easein=\"default\" data-easeout=\"default\" data-masterspeed=\"300\"  data-rotate=\"0\"  data-saveperformance=\"off\"  data-title=\"Slide\" data-param1=\"\" data-param2=\"\" data-param3=\"\" data-param4=\"\" data-param5=\"\" data-param6=\"\" data-param7=\"\" data-param8=\"\" data-param9=\"\" data-param10=\"\" data-description=\"\">\n\t\t<!-- MAIN IMAGE -->\n\t\t<img src=\"https:\/\/webmister.pro\/wp-content\/uploads\/2016\/03\/slide3.jpg\"  alt=\"Infografik\" title=\"slide3\"  width=\"1600\" height=\"900\" data-bgposition=\"center center\" data-bgfit=\"cover\" data-bgrepeat=\"no-repeat\" class=\"rev-slidebg\" data-no-retina>\n\t\t<!-- LAYERS -->\n\n\t\t<!-- LAYER NR. 7 -->\n\t\t<div class=\"tp-caption   tp-resizeme\" \n\t\t\t id=\"slide-591-layer-1\" \n\t\t\t data-x=\"34\" \n\t\t\t data-y=\"242\" \n\t\t\t\t\t\tdata-width=\"['auto']\"\n\t\t\tdata-height=\"['auto']\"\n \n\t\t\tdata-type=\"text\" \n\t\t\tdata-responsive_offset=\"on\" \n\n\t\t\tdata-frames='[{\"delay\":0,\"speed\":2000,\"frame\":\"0\",\"from\":\"y:[100%];z:0;rX:0deg;rY:0;rZ:0;sX:1;sY:1;skX:0;skY:0;opacity:0;\",\"to\":\"o:1;\",\"ease\":\"Power4.easeInOut\"},{\"delay\":\"wait\",\"speed\":300,\"frame\":\"999\",\"to\":\"opacity:0;\",\"ease\":\"nothing\"}]'\n\t\t\tdata-textAlign=\"['left','left','left','left']\"\n\t\t\tdata-paddingtop=\"[0,0,0,0]\"\n\t\t\tdata-paddingright=\"[0,0,0,0]\"\n\t\t\tdata-paddingbottom=\"[0,0,0,0]\"\n\t\t\tdata-paddingleft=\"[0,0,0,0]\"\n\n\t\t\tstyle=\"z-index: 5; white-space: nowrap; font-size: 50px; line-height: 55px; font-weight: 100; color: rgba(255,255,255,1);font-family:Roboto;\">INFOGRAFIK <\/div>\n\n\t\t<!-- LAYER NR. 8 -->\n\t\t<div class=\"tp-caption   tp-resizeme\" \n\t\t\t id=\"slide-591-layer-45\" \n\t\t\t data-x=\"903\" \n\t\t\t data-y=\"132\" \n\t\t\t\t\t\tdata-width=\"['none','none','none','none']\"\n\t\t\tdata-height=\"['none','none','none','none']\"\n \n\t\t\tdata-type=\"image\" \n\t\t\tdata-responsive_offset=\"on\" \n\n\t\t\tdata-frames='[{\"delay\":2040,\"speed\":1350,\"frame\":\"0\",\"from\":\"y:[100%];z:0;rX:0deg;rY:0;rZ:0;sX:1;sY:1;skX:0;skY:0;opacity:0;\",\"mask\":\"x:0px;y:[100%];s:inherit;e:inherit;\",\"to\":\"o:1;\",\"ease\":\"Power2.easeInOut\"},{\"delay\":\"wait\",\"speed\":300,\"frame\":\"999\",\"to\":\"opacity:0;\",\"ease\":\"nothing\"}]'\n\t\t\tdata-textAlign=\"['left','left','left','left']\"\n\t\t\tdata-paddingtop=\"[0,0,0,0]\"\n\t\t\tdata-paddingright=\"[0,0,0,0]\"\n\t\t\tdata-paddingbottom=\"[0,0,0,0]\"\n\t\t\tdata-paddingleft=\"[0,0,0,0]\"\n\n\t\t\tstyle=\"z-index: 6;\"><img src=\"https:\/\/webmister.pro\/wp-content\/uploads\/2016\/03\/Infographic.jpg\" alt=\"Infografik\" data-ww=\"398px\" data-hh=\"398px\" width=\"600\" height=\"600\" data-no-retina> <\/div>\n\n\t\t<!-- LAYER NR. 9 -->\n\t\t<div class=\"tp-caption   tp-resizeme\" \n\t\t\t id=\"slide-591-layer-46\" \n\t\t\t data-x=\"629\" \n\t\t\t data-y=\"104\" \n\t\t\t\t\t\tdata-width=\"['none','none','none','none']\"\n\t\t\tdata-height=\"['none','none','none','none']\"\n \n\t\t\tdata-type=\"image\" \n\t\t\tdata-responsive_offset=\"on\" \n\n\t\t\tdata-frames='[{\"delay\":3300,\"speed\":1530,\"frame\":\"0\",\"from\":\"x:{-250,250};y:{-150,150};rX:{-90,90};rY:{-90,90};rZ:{-360,360};sX:0;sY:0;opacity:0;\",\"to\":\"o:1;\",\"ease\":\"Power2.easeInOut\"},{\"delay\":\"wait\",\"speed\":300,\"frame\":\"999\",\"to\":\"opacity:0;\",\"ease\":\"nothing\"}]'\n\t\t\tdata-textAlign=\"['left','left','left','left']\"\n\t\t\tdata-paddingtop=\"[0,0,0,0]\"\n\t\t\tdata-paddingright=\"[0,0,0,0]\"\n\t\t\tdata-paddingbottom=\"[0,0,0,0]\"\n\t\t\tdata-paddingleft=\"[0,0,0,0]\"\n\n\t\t\tstyle=\"z-index: 7;\"><img src=\"https:\/\/webmister.pro\/wp-content\/uploads\/2016\/03\/1-7.png\" alt=\"Infografik\" data-ww=\"337px\" data-hh=\"357px\" width=\"568\" height=\"600\" data-no-retina> <\/div>\n\n\t\t<!-- LAYER NR. 10 -->\n\t\t<div class=\"tp-caption   tp-resizeme\" \n\t\t\t id=\"slide-591-layer-48\" \n\t\t\t data-x=\"417\" \n\t\t\t data-y=\"348\" \n\t\t\t\t\t\tdata-width=\"['none','none','none','none']\"\n\t\t\tdata-height=\"['none','none','none','none']\"\n \n\t\t\tdata-type=\"image\" \n\t\t\tdata-responsive_offset=\"on\" \n\n\t\t\tdata-frames='[{\"delay\":5010,\"speed\":820,\"frame\":\"0\",\"from\":\"y:[100%];z:0;rX:0deg;rY:0;rZ:0;sX:1;sY:1;skX:0;skY:0;opacity:0;\",\"mask\":\"x:0px;y:[100%];s:inherit;e:inherit;\",\"to\":\"o:1;\",\"ease\":\"Power2.easeInOut\"},{\"delay\":\"wait\",\"speed\":300,\"frame\":\"999\",\"to\":\"opacity:0;\",\"ease\":\"nothing\"}]'\n\t\t\tdata-textAlign=\"['left','left','left','left']\"\n\t\t\tdata-paddingtop=\"[0,0,0,0]\"\n\t\t\tdata-paddingright=\"[0,0,0,0]\"\n\t\t\tdata-paddingbottom=\"[0,0,0,0]\"\n\t\t\tdata-paddingleft=\"[0,0,0,0]\"\n\n\t\t\tstyle=\"z-index: 8;\"><img src=\"https:\/\/webmister.pro\/wp-content\/uploads\/2016\/03\/3-6.png\" alt=\"Infografik\" data-ww=\"236px\" data-hh=\"89px\" width=\"932\" height=\"351\" data-no-retina> <\/div>\n\n\t\t<!-- LAYER NR. 11 -->\n\t\t<div class=\"tp-caption   tp-resizeme\" \n\t\t\t id=\"slide-591-layer-49\" \n\t\t\t data-x=\"506\" \n\t\t\t data-y=\"260\" \n\t\t\t\t\t\tdata-width=\"['none','none','none','none']\"\n\t\t\tdata-height=\"['none','none','none','none']\"\n \n\t\t\tdata-type=\"image\" \n\t\t\tdata-responsive_offset=\"on\" \n\n\t\t\tdata-frames='[{\"delay\":5980,\"speed\":770,\"frame\":\"0\",\"from\":\"x:[-175%];y:0px;z:0;rX:0;rY:0;rZ:0;sX:1;sY:1;skX:0;skY:0;opacity:1;\",\"mask\":\"x:[100%];y:0;s:inherit;e:inherit;\",\"to\":\"o:1;\",\"ease\":\"Power3.easeOut\"},{\"delay\":\"wait\",\"speed\":300,\"frame\":\"999\",\"to\":\"opacity:0;\",\"ease\":\"nothing\"}]'\n\t\t\tdata-textAlign=\"['left','left','left','left']\"\n\t\t\tdata-paddingtop=\"[0,0,0,0]\"\n\t\t\tdata-paddingright=\"[0,0,0,0]\"\n\t\t\tdata-paddingbottom=\"[0,0,0,0]\"\n\t\t\tdata-paddingleft=\"[0,0,0,0]\"\n\n\t\t\tstyle=\"z-index: 9;\"><img src=\"https:\/\/webmister.pro\/wp-content\/uploads\/2016\/03\/Learnnovators_Infographics_Elearning_4.png\" alt=\"Infografik\" data-ww=\"131px\" data-hh=\"73px\" width=\"384\" height=\"213\" data-no-retina> <\/div>\n\n\t\t<!-- LAYER NR. 12 -->\n\t\t<div class=\"tp-caption   tp-resizeme\" \n\t\t\t id=\"slide-591-layer-50\" \n\t\t\t data-x=\"511\" \n\t\t\t data-y=\"214\" \n\t\t\t\t\t\tdata-width=\"['none','none','none','none']\"\n\t\t\tdata-height=\"['none','none','none','none']\"\n \n\t\t\tdata-type=\"image\" \n\t\t\tdata-responsive_offset=\"on\" \n\n\t\t\tdata-frames='[{\"delay\":6150,\"speed\":680,\"frame\":\"0\",\"from\":\"x:[175%];y:0px;z:0;rX:0;rY:0;rZ:0;sX:1;sY:1;skX:0;skY:0;opacity:1;\",\"mask\":\"x:[-100%];y:0;s:inherit;e:inherit;\",\"to\":\"o:1;\",\"ease\":\"Power3.easeOut\"},{\"delay\":\"wait\",\"speed\":300,\"frame\":\"999\",\"to\":\"opacity:0;\",\"ease\":\"nothing\"}]'\n\t\t\tdata-textAlign=\"['left','left','left','left']\"\n\t\t\tdata-paddingtop=\"[0,0,0,0]\"\n\t\t\tdata-paddingright=\"[0,0,0,0]\"\n\t\t\tdata-paddingbottom=\"[0,0,0,0]\"\n\t\t\tdata-paddingleft=\"[0,0,0,0]\"\n\n\t\t\tstyle=\"z-index: 10;\"><img src=\"https:\/\/webmister.pro\/wp-content\/uploads\/2016\/03\/4-5.png\" alt=\"Infografik\" data-ww=\"117px\" data-hh=\"55px\" width=\"423\" height=\"198\" data-no-retina> <\/div>\n\t<\/li>\n<\/ul>\n<div class=\"tp-bannertimer tp-bottom\" style=\"visibility: hidden !important;\"><\/div>\t<\/div>\n<script>var htmlDiv = document.getElementById(\"rs-plugin-settings-inline-css\"); var htmlDivCss=\"\";\n\t\t\t\tif(htmlDiv) {\n\t\t\t\t\thtmlDiv.innerHTML = htmlDiv.innerHTML + htmlDivCss;\n\t\t\t\t}else{\n\t\t\t\t\tvar htmlDiv = document.createElement(\"div\");\n\t\t\t\t\thtmlDiv.innerHTML = \"<style>\" + htmlDivCss + \"<\/style>\";\n\t\t\t\t\tdocument.getElementsByTagName(\"head\")[0].appendChild(htmlDiv.childNodes[0]);\n\t\t\t\t}\n\t\t\t<\/script>\n\t\t<script type=\"text\/javascript\">\nif (setREVStartSize!==undefined) setREVStartSize(\n\t{c: '#rev_slider_44_1', gridwidth: [1240], gridheight: [450], sliderLayout: 'fullwidth'});\n\t\t\t\nvar revapi44,\n\ttpj;\t\n(function() {\t\t\t\n\tif (!\/loaded|interactive|complete\/.test(document.readyState)) document.addEventListener(\"DOMContentLoaded\",onLoad); else onLoad();\t\n\tfunction onLoad() {\t\t\t\t\n\t\tif (tpj===undefined) { tpj = jQuery; if(\"off\" == \"on\") tpj.noConflict();}\n\tif(tpj(\"#rev_slider_44_1\").revolution == undefined){\n\t\trevslider_showDoubleJqueryError(\"#rev_slider_44_1\");\n\t}else{\n\t\trevapi44 = tpj(\"#rev_slider_44_1\").show().revolution({\n\t\t\tsliderType:\"standard\",\n\t\t\tjsFileLocation:\"\/\/webmister.pro\/wp-content\/plugins\/revslider\/public\/assets\/js\/\",\n\t\t\tsliderLayout:\"fullwidth\",\n\t\t\tdottedOverlay:\"none\",\n\t\t\tdelay:9000,\n\t\t\tnavigation: {\n\t\t\t\tonHoverStop:\"off\",\n\t\t\t},\n\t\t\tvisibilityLevels:[1240,1024,778,480],\n\t\t\tgridwidth:1240,\n\t\t\tgridheight:450,\n\t\t\tlazyType:\"none\",\n\t\t\tshadow:0,\n\t\t\tspinner:\"spinner4\",\n\t\t\tstopLoop:\"off\",\n\t\t\tstopAfterLoops:-1,\n\t\t\tstopAtSlide:-1,\n\t\t\tshuffle:\"off\",\n\t\t\tautoHeight:\"off\",\n\t\t\tdisableProgressBar:\"on\",\n\t\t\thideThumbsOnMobile:\"off\",\n\t\t\thideSliderAtLimit:0,\n\t\t\thideCaptionAtLimit:0,\n\t\t\thideAllCaptionAtLilmit:0,\n\t\t\tdebugMode:false,\n\t\t\tfallbacks: {\n\t\t\t\tsimplifyAll:\"off\",\n\t\t\t\tnextSlideOnWindowFocus:\"off\",\n\t\t\t\tdisableFocusListener:false,\n\t\t\t}\n\t\t});\n\t}; \/* END OF revapi call *\/\n\t\n }; \/* END OF ON LOAD FUNCTION *\/\n}()); \/* END OF WRAPPING FUNCTION *\/\n<\/script>\n\t\t<script>\n\t\t\t\t\tvar htmlDivCss = '\t#rev_slider_44_1_wrapper .tp-loader.spinner4 div { background-color: #FFFFFF !important; } ';\n\t\t\t\t\tvar htmlDiv = document.getElementById('rs-plugin-settings-inline-css');\n\t\t\t\t\tif(htmlDiv) {\n\t\t\t\t\t\thtmlDiv.innerHTML = htmlDiv.innerHTML + htmlDivCss;\n\t\t\t\t\t}\n\t\t\t\t\telse{\n\t\t\t\t\t\tvar htmlDiv = document.createElement('div');\n\t\t\t\t\t\thtmlDiv.innerHTML = '<style>' + htmlDivCss + '<\/style>';\n\t\t\t\t\t\tdocument.getElementsByTagName('head')[0].appendChild(htmlDiv.childNodes[0]);\n\t\t\t\t\t}\n\t\t\t\t\t<\/script>\n\t\t\t\t\t<\/div><!-- END REVOLUTION SLIDER -->[\/vc_column][\/vc_row][vc_row css=&#8220;.vc_custom_1458328818806{padding-top: 70px !important;}&#8220;][vc_column][vc_column_text animation=&#8220;flip-x&#8220;]\n<p style=\"text-align: justify;\">Die Infografik ist eine anschauliche grafische Darstellung einiger, zum ersten Blick n\u00f6tiger, aber komplizierter f\u00fcr die Aufnahme Ziffern und Tatsachen.<\/p>\n<p style=\"text-align: justify;\">Mittels der Infografik k\u00f6nnen Sie: erz\u00e4hlen, womit sich Ihre Gesellschaft besch\u00e4ftigt, die Arbeit Ihrer Webseite vorstellen, den Bericht \u00fcber die durchgef\u00fchrten Arbeiten erstellen, die Geschichte Ihrer Gesellschaft zeigen, eine kurze Anweisung bildet, wie man, zum Beispiel, die Fahrkarten auf Ihrer Webseite richtig buchen kann, erstellen, und viel anderes noch machen, was Ihrem Business helfen wird, sich zu entwickeln.<\/p>\n[\/vc_column_text][mk_fancy_title tag_name=&#8220;h3&#8243; color=&#8220;#ffffff&#8220; size=&#8220;48&#8243; font_weight=&#8220;100&#8243; txt_transform=&#8220;uppercase&#8220; margin_top=&#8220;70&#8243; font_family=&#8220;none&#8220; align=&#8220;center&#8220; animation=&#8220;scale-up&#8220;]WAS BRINGT DAS IHNEN?[\/mk_fancy_title][vc_column_text animation=&#8220;flip-x&#8220;]\n<p style=\"text-align: justify;\"><strong>Fortschritt.<\/strong> Wie sie schon bemerkt haben, ist dieses \u201eThema\u201c neu und sehr interessant. Deswegen die Infografik nutzend, gelten Sie als ein richtig fortgeschrittener Mensch.<\/p>\n<p style=\"text-align: justify;\"><strong>Einfache Aufnahme.<\/strong> Im Grunde genommen wurde die Infografik eben dazu geschaffen. Damit komplizierte Materialien grafisch dargestellt werden k\u00f6nnen. Es ist kein Geheimnis, dass jeder Mensch ein unterschiedliches Ged\u00e4chtnis hat. Die Infografik tritt in diesem Fall als ein universelles Mittel f\u00fcr solche Handlungen.<\/p>\n<p style=\"text-align: justify;\"><strong>Verst\u00e4ndlichkeit und K\u00fcrze. <\/strong>Die Infografik nimmt nicht hundert Seiten in einem Buch in Anspruch. Das ist, wie ein \u201eExtrakt\u201c der Tatsachen, so zu sagen, \u201eohne Wasser\u201c, die viele sehr gern haben. Noch mehr, dank grafischen Elementen wird alles in der Infografik kurz und maximal verst\u00e4ndlich gemacht.<\/p>\n[\/vc_column_text]<div class=\"ult-animation  ult-animate-viewport  ult-no-mobile  vc_custom_1458328847877\" data-animate=\"bounceIn\" data-animation-delay=\"0\" data-animation-duration=\"3\" data-animation-iteration=\"1\" style=\"opacity:0;\" data-opacity_start_effect=\"\">[mk_pricing_table style=&#8220;monocolor&#8220; order=&#8220;ASC&#8220; tables=&#8220;3590, 3589, 3588, 3587&#8243;][\/mk_pricing_table]<\/div>[\/vc_column][\/vc_row][mk_page_section bg_color=&#8220;#232323&#8243; sidebar=&#8220;sidebar-1&#8243;][vc_column css=&#8220;.vc_custom_1458463526207{padding-top: 70px !important;}&#8220;][vc_column_text]\n<h3 style=\"text-align: center;\">M\u00d6CHTEN SIE INFOGRAFIK BESTELLEN?<\/h3>\n<h2 style=\"text-align: center;\">RUFEN SIE UNS ODER KOMPLETIEREN SIE DAS FORM UNTEN!<\/h2>\n[\/vc_column_text][vc_row_inner css=&#8220;.vc_custom_1458463538007{padding-top: 35px !important;padding-bottom: 70px !important;}&#8220;][vc_column_inner width=&#8220;1\/2&#8243;]<div role=\"form\" class=\"wpcf7\" id=\"wpcf7-f3981-o1\" lang=\"ru-RU\" dir=\"ltr\">\n<div class=\"screen-reader-response\"><p role=\"status\" aria-live=\"polite\" aria-atomic=\"true\"><\/p> <ul><\/ul><\/div>\n<form action=\"\/de\/wp-json\/wp\/v2\/pages\/3498#wpcf7-f3981-o1\" method=\"post\" class=\"wpcf7-form init\" novalidate=\"novalidate\" data-status=\"init\">\n<div style=\"display: none;\">\n<input type=\"hidden\" name=\"_wpcf7\" value=\"3981\" \/>\n<input type=\"hidden\" name=\"_wpcf7_version\" value=\"5.5.2\" \/>\n<input type=\"hidden\" name=\"_wpcf7_locale\" value=\"ru_RU\" \/>\n<input type=\"hidden\" name=\"_wpcf7_unit_tag\" value=\"wpcf7-f3981-o1\" \/>\n<input type=\"hidden\" name=\"_wpcf7_container_post\" value=\"0\" \/>\n<input type=\"hidden\" name=\"_wpcf7_posted_data_hash\" value=\"\" \/>\n<\/div>\n<p>Art der Infografik von Interesse:<br \/>\n    <span class=\"wpcf7-form-control-wrap radio-601\"><span class=\"wpcf7-form-control wpcf7-radio\"><span class=\"wpcf7-list-item first\"><input type=\"radio\" name=\"radio-601\" value=\"Simple\" checked=\"checked\" \/><span class=\"wpcf7-list-item-label\">Simple<\/span><\/span><span class=\"wpcf7-list-item\"><input type=\"radio\" name=\"radio-601\" value=\"Standart\" \/><span class=\"wpcf7-list-item-label\">Standart<\/span><\/span><span class=\"wpcf7-list-item\"><input type=\"radio\" name=\"radio-601\" value=\"Standart+\" \/><span class=\"wpcf7-list-item-label\">Standart+<\/span><\/span><span class=\"wpcf7-list-item last\"><input type=\"radio\" name=\"radio-601\" value=\"PRO\" \/><span class=\"wpcf7-list-item-label\">PRO<\/span><\/span><\/span><\/span> <\/p>\n<p><span class=\"wpcf7-form-control-wrap your-name\"><input type=\"text\" name=\"your-name\" value=\"\" size=\"40\" class=\"wpcf7-form-control wpcf7-text wpcf7-validates-as-required\" aria-required=\"true\" aria-invalid=\"false\" placeholder=\"Name*\" \/><\/span> <\/p>\n<p><span class=\"wpcf7-form-control-wrap your-email\"><input type=\"email\" name=\"your-email\" value=\"\" size=\"40\" class=\"wpcf7-form-control wpcf7-text wpcf7-email wpcf7-validates-as-required wpcf7-validates-as-email\" aria-required=\"true\" aria-invalid=\"false\" placeholder=\"Email *\" \/><\/span><\/p>\n<p><span class=\"wpcf7-form-control-wrap your-message\"><textarea name=\"your-message\" cols=\"40\" rows=\"10\" class=\"wpcf7-form-control wpcf7-textarea\" aria-invalid=\"false\" placeholder=\"Nachricht\"><\/textarea><\/span> <\/p>\n<div class=\"webmister-box-agree\"><span class=\"wpcf7-form-control-wrap agree\"><span class=\"wpcf7-form-control wpcf7-acceptance invert\"><span class=\"wpcf7-list-item\"><input type=\"checkbox\" name=\"agree\" value=\"1\" aria-invalid=\"false\" checked=\"checked\" class=\"webmister-agree\" \/><\/span><\/span><\/span><\/div>\n<div class=\"webmister-submit\"><input type=\"submit\" value=\"Senden\" class=\"wpcf7-form-control has-spinner wpcf7-submit\" \/><\/div>\n<div class=\"wpcf7-response-output\" aria-hidden=\"true\"><\/div><\/form><\/div>[\/vc_column_inner][vc_column_inner width=&#8220;1\/2&#8243;]<div class=\"ult-animation  ult-animate-viewport  ult-no-mobile \" data-animate=\"infinite InfiniteBounce\" data-animation-delay=\"0\" data-animation-duration=\"3\" data-animation-iteration=\"infinite\" style=\"opacity:0;\" data-opacity_start_effect=\"\">[vc_column_text align=&#8220;center&#8220;]<img loading=\"lazy\" class=\"size-full wp-image-1261 aligncenter\" src=\"https:\/\/webmister.pro\/wp-content\/uploads\/2016\/03\/book2.png\" alt=\"book2\" width=\"441\" height=\"500\" srcset=\"https:\/\/webmister.pro\/wp-content\/uploads\/2016\/03\/book2.png 441w, https:\/\/webmister.pro\/wp-content\/uploads\/2016\/03\/book2-265x300.png 265w, https:\/\/webmister.pro\/wp-content\/uploads\/2016\/03\/book2-229x260.png 229w\" sizes=\"(max-width: 441px) 100vw, 441px\" \/>[\/vc_column_text]<\/div>[\/vc_column_inner][\/vc_row_inner][\/vc_column][\/mk_page_section]\n","protected":false},"excerpt":{"rendered":"<p>[vc_row][vc_column][\/vc_column][\/vc_row][vc_row css=&#8220;.vc_custom_1458328818806{padding-top: 70px !important;}&#8220;][vc_column][vc_column_text animation=&#8220;flip-x&#8220;] Die Infografik ist eine anschauliche grafische Darstellung einiger, zum ersten Blick n\u00f6tiger, aber komplizierter f\u00fcr die Aufnahme Ziffern und Tatsachen. Mittels der Infografik k\u00f6nnen Sie: erz\u00e4hlen, womit sich Ihre Gesellschaft besch\u00e4ftigt, die Arbeit Ihrer Webseite vorstellen, den Bericht \u00fcber die durchgef\u00fchrten Arbeiten erstellen, die Geschichte Ihrer Gesellschaft zeigen, eine kurze [&hellip;]<\/p>\n","protected":false},"author":1,"featured_media":0,"parent":0,"menu_order":0,"comment_status":"closed","ping_status":"closed","template":"","meta":[],"_links":{"self":[{"href":"https:\/\/webmister.pro\/de\/wp-json\/wp\/v2\/pages\/3498"}],"collection":[{"href":"https:\/\/webmister.pro\/de\/wp-json\/wp\/v2\/pages"}],"about":[{"href":"https:\/\/webmister.pro\/de\/wp-json\/wp\/v2\/types\/page"}],"author":[{"embeddable":true,"href":"https:\/\/webmister.pro\/de\/wp-json\/wp\/v2\/users\/1"}],"replies":[{"embeddable":true,"href":"https:\/\/webmister.pro\/de\/wp-json\/wp\/v2\/comments?post=3498"}],"version-history":[{"count":0,"href":"https:\/\/webmister.pro\/de\/wp-json\/wp\/v2\/pages\/3498\/revisions"}],"wp:attachment":[{"href":"https:\/\/webmister.pro\/de\/wp-json\/wp\/v2\/media?parent=3498"}],"curies":[{"name":"wp","href":"https:\/\/api.w.org\/{rel}","templated":true}]}}