{"id":3491,"date":"2016-02-26T00:36:08","date_gmt":"2016-02-25T21:36:08","guid":{"rendered":"https:\/\/webmister.pro\/site-design\/"},"modified":"2017-06-28T19:32:28","modified_gmt":"2017-06-28T16:32:28","slug":"site-design","status":"publish","type":"page","link":"https:\/\/webmister.pro\/de\/site-design\/","title":{"rendered":"Design der Webseite"},"content":{"rendered":"[vc_row][vc_column]<link href=\"https:\/\/fonts.googleapis.com\/css?family=Roboto:100\" rel=\"stylesheet\" property=\"stylesheet\" type=\"text\/css\" media=\"all\">\n<div id=\"rev_slider_43_1_wrapper\" class=\"rev_slider_wrapper fullwidthbanner-container\" data-source=\"gallery\" style=\"margin:0px auto;background:transparent;padding:0px;margin-top:0px;margin-bottom:0px;\">\n<!-- START REVOLUTION SLIDER 5.4.7.2 fullwidth mode -->\n\t<div id=\"rev_slider_43_1\" class=\"rev_slider fullwidthabanner\" style=\"display:none;\" data-version=\"5.4.7.2\">\n<ul>\t<!-- SLIDE  -->\n\t<li data-index=\"rs-58\" data-transition=\"fade\" data-slotamount=\"default\" data-hideafterloop=\"0\" data-hideslideonmobile=\"off\"  data-easein=\"default\" data-easeout=\"default\" data-masterspeed=\"300\"  data-rotate=\"0\"  data-saveperformance=\"off\"  data-title=\"Slide\" data-param1=\"\" data-param2=\"\" data-param3=\"\" data-param4=\"\" data-param5=\"\" data-param6=\"\" data-param7=\"\" data-param8=\"\" data-param9=\"\" data-param10=\"\" data-description=\"\">\n\t\t<!-- MAIN IMAGE -->\n\t\t<img src=\"https:\/\/webmister.pro\/wp-content\/uploads\/2016\/03\/slide3.jpg\"  alt=\"Design der Webseite\" title=\"slide3\"  width=\"1600\" height=\"900\" data-bgposition=\"center center\" data-bgfit=\"cover\" data-bgrepeat=\"no-repeat\" class=\"rev-slidebg\" data-no-retina>\n\t\t<!-- LAYERS -->\n\n\t\t<!-- LAYER NR. 1 -->\n\t\t<div class=\"tp-caption   tp-resizeme\" \n\t\t\t id=\"slide-58-layer-1\" \n\t\t\t data-x=\"217\" \n\t\t\t data-y=\"133\" \n\t\t\t\t\t\tdata-width=\"['auto']\"\n\t\t\tdata-height=\"['auto']\"\n \n\t\t\tdata-type=\"text\" \n\t\t\tdata-responsive_offset=\"on\" \n\n\t\t\tdata-frames='[{\"delay\":0,\"speed\":2000,\"frame\":\"0\",\"from\":\"y:[100%];z:0;rX:0deg;rY:0;rZ:0;sX:1;sY:1;skX:0;skY:0;opacity:0;\",\"to\":\"o:1;\",\"ease\":\"Power4.easeInOut\"},{\"delay\":\"wait\",\"speed\":300,\"frame\":\"999\",\"to\":\"opacity:0;\",\"ease\":\"nothing\"}]'\n\t\t\tdata-textAlign=\"['left','left','left','left']\"\n\t\t\tdata-paddingtop=\"[0,0,0,0]\"\n\t\t\tdata-paddingright=\"[0,0,0,0]\"\n\t\t\tdata-paddingbottom=\"[0,0,0,0]\"\n\t\t\tdata-paddingleft=\"[0,0,0,0]\"\n\n\t\t\tstyle=\"z-index: 5; white-space: nowrap; font-size: 50px; line-height: 55px; font-weight: 100; color: rgba(255,255,255,1);font-family:Roboto;\">DESIGN DER WEBSEITE <\/div>\n\n\t\t<!-- LAYER NR. 2 -->\n\t\t<div class=\"tp-caption   tp-resizeme\" \n\t\t\t id=\"slide-58-layer-41\" \n\t\t\t data-x=\"-773\" \n\t\t\t data-y=\"-72\" \n\t\t\t\t\t\tdata-width=\"['none','none','none','none']\"\n\t\t\tdata-height=\"['none','none','none','none']\"\n \n\t\t\tdata-type=\"image\" \n\t\t\tdata-responsive_offset=\"on\" \n\n\t\t\tdata-frames='[{\"delay\":4160,\"speed\":1820,\"frame\":\"0\",\"from\":\"y:-50px;opacity:0;\",\"to\":\"o:1;rZ:180;\",\"ease\":\"Power3.easeInOut\"},{\"delay\":\"wait\",\"speed\":300,\"frame\":\"999\",\"to\":\"opacity:0;\",\"ease\":\"nothing\"}]'\n\t\t\tdata-textAlign=\"['left','left','left','left']\"\n\t\t\tdata-paddingtop=\"[0,0,0,0]\"\n\t\t\tdata-paddingright=\"[0,0,0,0]\"\n\t\t\tdata-paddingbottom=\"[0,0,0,0]\"\n\t\t\tdata-paddingleft=\"[0,0,0,0]\"\n\n\t\t\tstyle=\"z-index: 6;\"><img src=\"https:\/\/webmister.pro\/wp-content\/uploads\/2016\/03\/1-6.png\" alt=\"Design der Webseite\" data-ww=\"1062px\" data-hh=\"336px\" width=\"1062\" height=\"336\" data-no-retina> <\/div>\n\n\t\t<!-- LAYER NR. 3 -->\n\t\t<div class=\"tp-caption   tp-resizeme\" \n\t\t\t id=\"slide-58-layer-44\" \n\t\t\t data-x=\"7\" \n\t\t\t data-y=\"-175\" \n\t\t\t\t\t\tdata-width=\"['none','none','none','none']\"\n\t\t\tdata-height=\"['none','none','none','none']\"\n \n\t\t\tdata-type=\"image\" \n\t\t\tdata-responsive_offset=\"on\" \n\n\t\t\tdata-frames='[{\"delay\":2500,\"speed\":1000,\"frame\":\"0\",\"from\":\"z:0;rX:0deg;rY:0;rZ:0;sX:2;sY:2;skX:0;skY:0;opacity:0;\",\"mask\":\"x:0px;y:0px;s:inherit;e:inherit;\",\"to\":\"o:1;\",\"ease\":\"Power2.easeOut\"},{\"delay\":\"wait\",\"speed\":300,\"frame\":\"999\",\"to\":\"opacity:0;\",\"ease\":\"nothing\"}]'\n\t\t\tdata-textAlign=\"['left','left','left','left']\"\n\t\t\tdata-paddingtop=\"[0,0,0,0]\"\n\t\t\tdata-paddingright=\"[0,0,0,0]\"\n\t\t\tdata-paddingbottom=\"[0,0,0,0]\"\n\t\t\tdata-paddingleft=\"[0,0,0,0]\"\n\n\t\t\tstyle=\"z-index: 7;\"><img src=\"https:\/\/webmister.pro\/wp-content\/uploads\/2016\/03\/bloc1.png\" alt=\"Design der Webseite\" data-ww=\"1294px\" data-hh=\"621px\" width=\"1294\" height=\"621\" data-no-retina> <\/div>\n\t<\/li>\n\t<!-- SLIDE  -->\n\t<li data-index=\"rs-58-1\" data-transition=\"fade\" data-slotamount=\"default\" data-hideafterloop=\"0\" data-hideslideonmobile=\"off\"  data-easein=\"default\" data-easeout=\"default\" data-masterspeed=\"300\"  data-rotate=\"0\"  data-saveperformance=\"off\"  data-title=\"Slide\" data-param1=\"\" data-param2=\"\" data-param3=\"\" data-param4=\"\" data-param5=\"\" data-param6=\"\" data-param7=\"\" data-param8=\"\" data-param9=\"\" data-param10=\"\" data-description=\"\">\n\t\t<!-- MAIN IMAGE -->\n\t\t<img src=\"https:\/\/webmister.pro\/wp-content\/uploads\/2016\/03\/slide3.jpg\"  alt=\"Design der Webseite\" title=\"slide3\"  width=\"1600\" height=\"900\" data-bgposition=\"center center\" data-bgfit=\"cover\" data-bgrepeat=\"no-repeat\" class=\"rev-slidebg\" data-no-retina>\n\t\t<!-- LAYERS -->\n\n\t\t<!-- LAYER NR. 4 -->\n\t\t<div class=\"tp-caption   tp-resizeme\" \n\t\t\t id=\"slide-581-layer-1\" \n\t\t\t data-x=\"217\" \n\t\t\t data-y=\"133\" \n\t\t\t\t\t\tdata-width=\"['auto']\"\n\t\t\tdata-height=\"['auto']\"\n \n\t\t\tdata-type=\"text\" \n\t\t\tdata-responsive_offset=\"on\" \n\n\t\t\tdata-frames='[{\"delay\":0,\"speed\":2000,\"frame\":\"0\",\"from\":\"y:[100%];z:0;rX:0deg;rY:0;rZ:0;sX:1;sY:1;skX:0;skY:0;opacity:0;\",\"to\":\"o:1;\",\"ease\":\"Power4.easeInOut\"},{\"delay\":\"wait\",\"speed\":300,\"frame\":\"999\",\"to\":\"opacity:0;\",\"ease\":\"nothing\"}]'\n\t\t\tdata-textAlign=\"['left','left','left','left']\"\n\t\t\tdata-paddingtop=\"[0,0,0,0]\"\n\t\t\tdata-paddingright=\"[0,0,0,0]\"\n\t\t\tdata-paddingbottom=\"[0,0,0,0]\"\n\t\t\tdata-paddingleft=\"[0,0,0,0]\"\n\n\t\t\tstyle=\"z-index: 5; white-space: nowrap; font-size: 50px; line-height: 55px; font-weight: 100; color: rgba(255,255,255,1);font-family:Roboto;\">DESIGN DER WEBSEITE <\/div>\n\n\t\t<!-- LAYER NR. 5 -->\n\t\t<div class=\"tp-caption   tp-resizeme\" \n\t\t\t id=\"slide-581-layer-41\" \n\t\t\t data-x=\"-773\" \n\t\t\t data-y=\"-72\" \n\t\t\t\t\t\tdata-width=\"['none','none','none','none']\"\n\t\t\tdata-height=\"['none','none','none','none']\"\n \n\t\t\tdata-type=\"image\" \n\t\t\tdata-responsive_offset=\"on\" \n\n\t\t\tdata-frames='[{\"delay\":4160,\"speed\":1820,\"frame\":\"0\",\"from\":\"y:-50px;opacity:0;\",\"to\":\"o:1;rZ:180;\",\"ease\":\"Power3.easeInOut\"},{\"delay\":\"wait\",\"speed\":300,\"frame\":\"999\",\"to\":\"opacity:0;\",\"ease\":\"nothing\"}]'\n\t\t\tdata-textAlign=\"['left','left','left','left']\"\n\t\t\tdata-paddingtop=\"[0,0,0,0]\"\n\t\t\tdata-paddingright=\"[0,0,0,0]\"\n\t\t\tdata-paddingbottom=\"[0,0,0,0]\"\n\t\t\tdata-paddingleft=\"[0,0,0,0]\"\n\n\t\t\tstyle=\"z-index: 6;\"><img src=\"https:\/\/webmister.pro\/wp-content\/uploads\/2016\/03\/1-6.png\" alt=\"Design der Webseite\" data-ww=\"1062px\" data-hh=\"336px\" width=\"1062\" height=\"336\" data-no-retina> <\/div>\n\n\t\t<!-- LAYER NR. 6 -->\n\t\t<div class=\"tp-caption   tp-resizeme\" \n\t\t\t id=\"slide-581-layer-44\" \n\t\t\t data-x=\"7\" \n\t\t\t data-y=\"-175\" \n\t\t\t\t\t\tdata-width=\"['none','none','none','none']\"\n\t\t\tdata-height=\"['none','none','none','none']\"\n \n\t\t\tdata-type=\"image\" \n\t\t\tdata-responsive_offset=\"on\" \n\n\t\t\tdata-frames='[{\"delay\":2500,\"speed\":1000,\"frame\":\"0\",\"from\":\"z:0;rX:0deg;rY:0;rZ:0;sX:2;sY:2;skX:0;skY:0;opacity:0;\",\"mask\":\"x:0px;y:0px;s:inherit;e:inherit;\",\"to\":\"o:1;\",\"ease\":\"Power2.easeOut\"},{\"delay\":\"wait\",\"speed\":300,\"frame\":\"999\",\"to\":\"opacity:0;\",\"ease\":\"nothing\"}]'\n\t\t\tdata-textAlign=\"['left','left','left','left']\"\n\t\t\tdata-paddingtop=\"[0,0,0,0]\"\n\t\t\tdata-paddingright=\"[0,0,0,0]\"\n\t\t\tdata-paddingbottom=\"[0,0,0,0]\"\n\t\t\tdata-paddingleft=\"[0,0,0,0]\"\n\n\t\t\tstyle=\"z-index: 7;\"><img src=\"https:\/\/webmister.pro\/wp-content\/uploads\/2016\/03\/bloc1.png\" alt=\"Design der Webseite\" data-ww=\"1294px\" data-hh=\"621px\" width=\"1294\" height=\"621\" data-no-retina> <\/div>\n\t<\/li>\n<\/ul>\n<div class=\"tp-bannertimer tp-bottom\" style=\"visibility: hidden !important;\"><\/div>\t<\/div>\n<script>var htmlDiv = document.getElementById(\"rs-plugin-settings-inline-css\"); var htmlDivCss=\"\";\n\t\t\t\tif(htmlDiv) {\n\t\t\t\t\thtmlDiv.innerHTML = htmlDiv.innerHTML + htmlDivCss;\n\t\t\t\t}else{\n\t\t\t\t\tvar htmlDiv = document.createElement(\"div\");\n\t\t\t\t\thtmlDiv.innerHTML = \"<style>\" + htmlDivCss + \"<\/style>\";\n\t\t\t\t\tdocument.getElementsByTagName(\"head\")[0].appendChild(htmlDiv.childNodes[0]);\n\t\t\t\t}\n\t\t\t<\/script>\n\t\t<script type=\"text\/javascript\">\nif (setREVStartSize!==undefined) setREVStartSize(\n\t{c: '#rev_slider_43_1', gridwidth: [1240], gridheight: [450], sliderLayout: 'fullwidth'});\n\t\t\t\nvar revapi43,\n\ttpj;\t\n(function() {\t\t\t\n\tif (!\/loaded|interactive|complete\/.test(document.readyState)) document.addEventListener(\"DOMContentLoaded\",onLoad); else onLoad();\t\n\tfunction onLoad() {\t\t\t\t\n\t\tif (tpj===undefined) { tpj = jQuery; if(\"off\" == \"on\") tpj.noConflict();}\n\tif(tpj(\"#rev_slider_43_1\").revolution == undefined){\n\t\trevslider_showDoubleJqueryError(\"#rev_slider_43_1\");\n\t}else{\n\t\trevapi43 = tpj(\"#rev_slider_43_1\").show().revolution({\n\t\t\tsliderType:\"standard\",\n\t\t\tjsFileLocation:\"\/\/webmister.pro\/wp-content\/plugins\/revslider\/public\/assets\/js\/\",\n\t\t\tsliderLayout:\"fullwidth\",\n\t\t\tdottedOverlay:\"none\",\n\t\t\tdelay:9000,\n\t\t\tnavigation: {\n\t\t\t\tonHoverStop:\"off\",\n\t\t\t},\n\t\t\tvisibilityLevels:[1240,1024,778,480],\n\t\t\tgridwidth:1240,\n\t\t\tgridheight:450,\n\t\t\tlazyType:\"none\",\n\t\t\tshadow:0,\n\t\t\tspinner:\"spinner4\",\n\t\t\tstopLoop:\"off\",\n\t\t\tstopAfterLoops:-1,\n\t\t\tstopAtSlide:-1,\n\t\t\tshuffle:\"off\",\n\t\t\tautoHeight:\"off\",\n\t\t\tdisableProgressBar:\"on\",\n\t\t\thideThumbsOnMobile:\"off\",\n\t\t\thideSliderAtLimit:0,\n\t\t\thideCaptionAtLimit:0,\n\t\t\thideAllCaptionAtLilmit:0,\n\t\t\tdebugMode:false,\n\t\t\tfallbacks: {\n\t\t\t\tsimplifyAll:\"off\",\n\t\t\t\tnextSlideOnWindowFocus:\"off\",\n\t\t\t\tdisableFocusListener:false,\n\t\t\t}\n\t\t});\n\t}; \/* END OF revapi call *\/\n\t\n }; \/* END OF ON LOAD FUNCTION *\/\n}()); \/* END OF WRAPPING FUNCTION *\/\n<\/script>\n\t\t<script>\n\t\t\t\t\tvar htmlDivCss = '\t#rev_slider_43_1_wrapper .tp-loader.spinner4 div { background-color: #FFFFFF !important; } ';\n\t\t\t\t\tvar htmlDiv = document.getElementById('rs-plugin-settings-inline-css');\n\t\t\t\t\tif(htmlDiv) {\n\t\t\t\t\t\thtmlDiv.innerHTML = htmlDiv.innerHTML + htmlDivCss;\n\t\t\t\t\t}\n\t\t\t\t\telse{\n\t\t\t\t\t\tvar htmlDiv = document.createElement('div');\n\t\t\t\t\t\thtmlDiv.innerHTML = '<style>' + htmlDivCss + '<\/style>';\n\t\t\t\t\t\tdocument.getElementsByTagName('head')[0].appendChild(htmlDiv.childNodes[0]);\n\t\t\t\t\t}\n\t\t\t\t\t<\/script>\n\t\t\t\t\t<\/div><!-- END REVOLUTION SLIDER -->[\/vc_column][\/vc_row][vc_row css=&#8220;.vc_custom_1458327169448{padding-top: 70px !important;}&#8220;][vc_column][vc_column_text animation=&#8220;flip-x&#8220;]\n<p style=\"text-align: justify;\">Die Gestaltung der Webseite ist ihre Visitenkarte, \u201edas Kleide\u201c, nach dem Ihr Projekt die Nutzer empfangen.<\/p>\n<p style=\"text-align: justify;\">Die Bedeutung der Leistung besteht in der Ausarbeitung der Konzeption der \u00e4u\u00dferen Aussicht der Webseite, Bildung der Hauptseiten des Musters durch einzelne Schichten im Format PDF, wobei die Design-Elemente leicht transformiert und in neue Seiten der Webseite eingeschlossen werden k\u00f6nnen.<\/p>\n<p style=\"text-align: justify;\">Die Beispiele vom Design k\u00f6nnen Sie in der Rubrik Portfolio sehen.<\/p>\n<p style=\"text-align: justify;\">Au\u00dfer der Bildung des Design-Musters k\u00f6nnen wir auch andere Aufgaben im Bereich vom Web-Design erf\u00fcllen, zum Beispiel, Banner oder Tasten zeichnen, eine neue Seite gestalten usw.<\/p>\n[\/vc_column_text][mk_fancy_title tag_name=&#8220;h3&#8243; color=&#8220;#ffffff&#8220; size=&#8220;48&#8243; font_weight=&#8220;100&#8243; txt_transform=&#8220;uppercase&#8220; margin_top=&#8220;70&#8243; font_family=&#8220;none&#8220; align=&#8220;center&#8220; animation=&#8220;scale-up&#8220;]WAS BRINGT DAS IHNEN?[\/mk_fancy_title][vc_column_text animation=&#8220;flip-x&#8220;]\n<ol>\n<li style=\"text-align: justify;\">Professionelle Design-Entwicklung gem\u00e4\u00df dem Stil und den Anforderungen Ihrer Gesellschaft.<\/li>\n<li style=\"text-align: justify;\">Orientierung des Designs auf die Erwartungen einer potentiellen Zielgruppe einer Internet-Ressource.<\/li>\n<li style=\"text-align: justify;\">Logisches Schema und Struktur der Webseite.<\/li>\n<\/ol>\n<p style=\"text-align: justify;\">Auch Sie k\u00f6nnen die Erstellung der Webseite auf Grund der bereits ausgearbeiteten Designs bestellen. Mit unseren Arbeiten kann man sich hier bekannt machen.<\/p>\n[\/vc_column_text][mk_fancy_title tag_name=&#8220;h3&#8243; color=&#8220;#ffffff&#8220; size=&#8220;48&#8243; font_weight=&#8220;100&#8243; txt_transform=&#8220;uppercase&#8220; margin_top=&#8220;70&#8243; font_family=&#8220;none&#8220; align=&#8220;center&#8220; animation=&#8220;scale-up&#8220;]DESIGN VON LANDING PAGE[\/mk_fancy_title][vc_column_text animation=&#8220;flip-x&#8220;]\n<p style=\"text-align: justify;\">Landing Page ist die einseitige Webseite, die den Besucher zur Handlung besser als eine gew\u00f6hnliche Webseite # anregt. Mit anderen Worten bedeutet das die Webseite, die verkauft.<\/p>\n<p style=\"text-align: justify;\">Der Hauptleistungsindex von Landing ist seine Konversion, d.h. das Verh\u00e4ltnis zwischen der Zahl der Anrufe\/Bestellungen\/Anfragen und der Zahl der Besucher f\u00fcr einen bestimmten Zeitraum. Vor allem wird die Konversion einer solchen Webseite von ihrem Design: einer richtigen Struktur, Logik und Informationszug\u00e4nglichkeit beeinflusst.<\/p>\n[\/vc_column_text][mk_fancy_title tag_name=&#8220;h3&#8243; color=&#8220;#ffffff&#8220; size=&#8220;48&#8243; font_weight=&#8220;100&#8243; txt_transform=&#8220;uppercase&#8220; margin_top=&#8220;70&#8243; font_family=&#8220;none&#8220; align=&#8220;center&#8220; animation=&#8220;scale-up&#8220;]DESIGN DER WEBSEITE-VISITENKARTE[\/mk_fancy_title][vc_column_text animation=&#8220;flip-x&#8220;]\n<p style=\"text-align: justify;\">Die Webseite-Visitenkarte stellt Sie, Ihre Gesellschaft, ein Produkt oder eine Leistung im Internet-Netz kurz, aber effektiv vor.<\/p>\n<p style=\"text-align: justify;\">Die Webseite-Visitenkarte ist unter kleinen Gesellschaften, die sich mit der Erbringung verschiedener Leistungen besch\u00e4ftigen, privaten Fachleuten und individuellen Unternehmern \u2013 Beratern, \u00c4rzten usw. &#8211; popul\u00e4r. Die L\u00f6sung \u201eWebseite-Visitenkarte\u201c sieht eine einfache aus einem Niveau bestehende Struktur der Webseite ohne eingelegten Rubriken vor.<\/p>\n[\/vc_column_text][mk_fancy_title tag_name=&#8220;h3&#8243; color=&#8220;#ffffff&#8220; size=&#8220;48&#8243; font_weight=&#8220;100&#8243; txt_transform=&#8220;uppercase&#8220; margin_top=&#8220;70&#8243; font_family=&#8220;none&#8220; align=&#8220;center&#8220; animation=&#8220;scale-up&#8220;]DESIGN EINER UNTERNEHMENSWEBSEITE[\/mk_fancy_title][vc_column_text animation=&#8220;flip-x&#8220;]\n<p style=\"text-align: justify;\">Die Unternehmenswebseite ist ein kompliziertes Instrument, das gleichzeitig mehrere Funktionen erf\u00fcllen kann \u2013 die Informationen \u00fcber Hauptprodukte und Service der Gesellschaft geben, als kommunikative Plattform f\u00fcr die Mitarbeiter des Unternehmens dienen, die Kontaktinformationen der Filialen widerspiegeln.<\/p>\n<p style=\"text-align: justify;\">Die Hauptbesonderheit bei der Erstellung einer\u00a0 Unternehmenswebseite ist die Bildung eines bequemen Interface und einer (f\u00fcr den Nutzer) klaren Struktur, weil die\u00a0 Unternehmenswebseite gew\u00f6hnlich ziemlich viele Seiten hat.<\/p>\n[\/vc_column_text][mk_fancy_title tag_name=&#8220;h3&#8243; color=&#8220;#ffffff&#8220; size=&#8220;48&#8243; font_weight=&#8220;100&#8243; txt_transform=&#8220;uppercase&#8220; margin_top=&#8220;70&#8243; font_family=&#8220;none&#8220; align=&#8220;center&#8220; animation=&#8220;scale-up&#8220;]DESIGN EINES INTERNETGESCH\u00c4FTES[\/mk_fancy_title][vc_column_text animation=&#8220;flip-x&#8220;]\n<p style=\"text-align: justify;\">Das Internetgesch\u00e4ft ist nicht ein Katalog von Produkten im Internet, sondern ein vollst\u00e4ndig funktionierendes Gesch\u00e4ft mit Funktionen einer realen Kaufhalle.<\/p>\n<p style=\"text-align: justify;\">Die Erstellung eines Internetgesch\u00e4fts erm\u00f6glicht f\u00fcr Sie eine wesentliche Erweiterung Ihres Einzel- und Gro\u00dfhandelsnetzes, ein neuer Markt f\u00fcr Ihre Produkte und neue Kunden. Falls Sie sich bez\u00fcglich der Design-Erstellung einer solchen Webseite Sorgen machen, beachten Sie, dass die Hauptaufgabe dieser Webseite darin besteht, dass sie Waren zu verkaufen hat, deswegen soll sie, in erster Linie, bequem und verst\u00e4ndlich, und nur in zweiter Linie sch\u00f6n\u00a0 sein. Und wir, dieser Regel folgend, schaffen f\u00fcr Sie ein Muster, das bequem, verst\u00e4ndlich, einstellbar wird, und diejenige Aufgaben, die man vor einem Design des Internetgesch\u00e4fts gestellt werden, vollst\u00e4ndig erf\u00fcllen wird.<\/p>\n[\/vc_column_text][\/vc_column][\/vc_row][vc_row css=&#8220;.vc_custom_1458463307267{padding-top: 70px !important;}&#8220;][vc_column]<div class=\"ult-animation  ult-animate-viewport  ult-no-mobile \" data-animate=\"bounceIn\" data-animation-delay=\"0\" data-animation-duration=\"3\" data-animation-iteration=\"1\" style=\"opacity:0;\" data-opacity_start_effect=\"\">[mk_pricing_table style=&#8220;monocolor&#8220; order=&#8220;ASC&#8220; tables=&#8220;3594, 3593, 3592, 3591&#8243;][\/mk_pricing_table]<\/div>[\/vc_column][\/vc_row][mk_page_section bg_color=&#8220;#232323&#8243; sidebar=&#8220;sidebar-1&#8243;][vc_column css=&#8220;.vc_custom_1458463182258{padding-top: 70px !important;}&#8220;][vc_column_text]\n<h3 style=\"text-align: center;\">M\u00d6CHTEN SIE DAS DESIGN DER WEBSEITE BESTELLEN?<\/h3>\n<h2 style=\"text-align: center;\">RUFEN SIE UNS ODER KOMPLETIEREN SIE DAS FORM UNTEN!<\/h2>\n[\/vc_column_text][vc_row_inner css=&#8220;.vc_custom_1458463378607{padding-top: 35px !important;padding-bottom: 70px !important;}&#8220;][vc_column_inner width=&#8220;1\/2&#8243;]<div role=\"form\" class=\"wpcf7\" id=\"wpcf7-f3983-o1\" lang=\"ru-RU\" dir=\"ltr\">\n<div class=\"screen-reader-response\"><p role=\"status\" aria-live=\"polite\" aria-atomic=\"true\"><\/p> <ul><\/ul><\/div>\n<form action=\"\/de\/wp-json\/wp\/v2\/pages\/3491#wpcf7-f3983-o1\" method=\"post\" class=\"wpcf7-form init\" novalidate=\"novalidate\" data-status=\"init\">\n<div style=\"display: none;\">\n<input type=\"hidden\" name=\"_wpcf7\" value=\"3983\" \/>\n<input type=\"hidden\" name=\"_wpcf7_version\" value=\"5.5.2\" \/>\n<input type=\"hidden\" name=\"_wpcf7_locale\" value=\"ru_RU\" \/>\n<input type=\"hidden\" name=\"_wpcf7_unit_tag\" value=\"wpcf7-f3983-o1\" \/>\n<input type=\"hidden\" name=\"_wpcf7_container_post\" value=\"0\" \/>\n<input type=\"hidden\" name=\"_wpcf7_posted_data_hash\" value=\"\" \/>\n<\/div>\n<p>Welche Website-Design Sie brauchen?:<br \/>\n    <span class=\"wpcf7-form-control-wrap radio-601\"><span class=\"wpcf7-form-control wpcf7-radio\"><span class=\"wpcf7-list-item first\"><input type=\"radio\" name=\"radio-601\" value=\"Landing page\" checked=\"checked\" \/><span class=\"wpcf7-list-item-label\">Landing page<\/span><\/span><span class=\"wpcf7-list-item\"><input type=\"radio\" name=\"radio-601\" value=\"Webseite-visitenkarte\" \/><span class=\"wpcf7-list-item-label\">Webseite-visitenkarte<\/span><\/span><span class=\"wpcf7-list-item\"><input type=\"radio\" name=\"radio-601\" value=\"Unternehmenswebseite\" \/><span class=\"wpcf7-list-item-label\">Unternehmenswebseite<\/span><\/span><span class=\"wpcf7-list-item last\"><input type=\"radio\" name=\"radio-601\" value=\"Online-shop\" \/><span class=\"wpcf7-list-item-label\">Online-shop<\/span><\/span><\/span><\/span> <\/p>\n<p><span class=\"wpcf7-form-control-wrap your-name\"><input type=\"text\" name=\"your-name\" value=\"\" size=\"40\" class=\"wpcf7-form-control wpcf7-text wpcf7-validates-as-required\" aria-required=\"true\" aria-invalid=\"false\" placeholder=\"Name *\" \/><\/span> <\/p>\n<p><span class=\"wpcf7-form-control-wrap your-email\"><input type=\"email\" name=\"your-email\" value=\"\" size=\"40\" class=\"wpcf7-form-control wpcf7-text wpcf7-email wpcf7-validates-as-required wpcf7-validates-as-email\" aria-required=\"true\" aria-invalid=\"false\" placeholder=\"E-mail *\" \/><\/span><\/p>\n<p><span class=\"wpcf7-form-control-wrap your-message\"><textarea name=\"your-message\" cols=\"40\" rows=\"10\" class=\"wpcf7-form-control wpcf7-textarea\" aria-invalid=\"false\" placeholder=\"Nachricht\"><\/textarea><\/span> <\/p>\n<div class=\"webmister-box-agree\"><span class=\"wpcf7-form-control-wrap agree\"><span class=\"wpcf7-form-control wpcf7-acceptance invert\"><span class=\"wpcf7-list-item\"><input type=\"checkbox\" name=\"agree\" value=\"1\" aria-invalid=\"false\" checked=\"checked\" class=\"webmister-agree\" \/><\/span><\/span><\/span><\/div>\n<div class=\"webmister-submit\"><input type=\"submit\" value=\"Senden\" class=\"wpcf7-form-control has-spinner wpcf7-submit\" \/><\/div>\n<div class=\"wpcf7-response-output\" aria-hidden=\"true\"><\/div><\/form><\/div>[\/vc_column_inner][vc_column_inner width=&#8220;1\/2&#8243;]<div class=\"ult-animation  ult-animate-viewport  ult-no-mobile \" data-animate=\"infinite InfiniteHorizontalShake\" data-animation-delay=\"0\" data-animation-duration=\"3\" data-animation-iteration=\"infinite\" style=\"opacity:0;\" data-opacity_start_effect=\"\">[vc_column_text align=&#8220;center&#8220;]<img loading=\"lazy\" class=\"size-full wp-image-1261 aligncenter\" src=\"https:\/\/webmister.pro\/wp-content\/uploads\/2016\/03\/book2.png\" alt=\"book2\" width=\"441\" height=\"500\" srcset=\"https:\/\/webmister.pro\/wp-content\/uploads\/2016\/03\/book2.png 441w, https:\/\/webmister.pro\/wp-content\/uploads\/2016\/03\/book2-265x300.png 265w, https:\/\/webmister.pro\/wp-content\/uploads\/2016\/03\/book2-229x260.png 229w\" sizes=\"(max-width: 441px) 100vw, 441px\" \/>[\/vc_column_text]<\/div>[\/vc_column_inner][\/vc_row_inner][\/vc_column][\/mk_page_section]\n","protected":false},"excerpt":{"rendered":"<p>[vc_row][vc_column][\/vc_column][\/vc_row][vc_row css=&#8220;.vc_custom_1458327169448{padding-top: 70px !important;}&#8220;][vc_column][vc_column_text animation=&#8220;flip-x&#8220;] Die Gestaltung der Webseite ist ihre Visitenkarte, \u201edas Kleide\u201c, nach dem Ihr Projekt die Nutzer empfangen. Die Bedeutung der Leistung besteht in der Ausarbeitung der Konzeption der \u00e4u\u00dferen Aussicht der Webseite, Bildung der Hauptseiten des Musters durch einzelne Schichten im Format PDF, wobei die Design-Elemente leicht transformiert und in neue [&hellip;]<\/p>\n","protected":false},"author":1,"featured_media":0,"parent":0,"menu_order":0,"comment_status":"closed","ping_status":"closed","template":"","meta":[],"_links":{"self":[{"href":"https:\/\/webmister.pro\/de\/wp-json\/wp\/v2\/pages\/3491"}],"collection":[{"href":"https:\/\/webmister.pro\/de\/wp-json\/wp\/v2\/pages"}],"about":[{"href":"https:\/\/webmister.pro\/de\/wp-json\/wp\/v2\/types\/page"}],"author":[{"embeddable":true,"href":"https:\/\/webmister.pro\/de\/wp-json\/wp\/v2\/users\/1"}],"replies":[{"embeddable":true,"href":"https:\/\/webmister.pro\/de\/wp-json\/wp\/v2\/comments?post=3491"}],"version-history":[{"count":0,"href":"https:\/\/webmister.pro\/de\/wp-json\/wp\/v2\/pages\/3491\/revisions"}],"wp:attachment":[{"href":"https:\/\/webmister.pro\/de\/wp-json\/wp\/v2\/media?parent=3491"}],"curies":[{"name":"wp","href":"https:\/\/api.w.org\/{rel}","templated":true}]}}