{"id":4535,"date":"2018-05-16T11:33:55","date_gmt":"2018-05-16T08:33:55","guid":{"rendered":"https:\/\/webmister.pro\/seo\/anketa\/"},"modified":"2018-05-25T11:15:39","modified_gmt":"2018-05-25T08:15:39","slug":"anketa","status":"publish","type":"page","link":"https:\/\/webmister.pro\/cz\/seo\/anketa\/","title":{"rendered":"DOTAZN\u00cdK SEO"},"content":{"rendered":"[vc_row css=&#8220;.vc_custom_1526459950854{margin-bottom: 20px !important;}&#8220;][vc_column][mk_fancy_title tag_name=&#8220;h1&#8243; size=&#8220;48&#8243; margin_bottom=&#8220;0&#8243; font_family=&#8220;none&#8220; align=&#8220;center&#8220; animation=&#8220;scale-up&#8220;]DOTAZN\u00cdK[\/mk_fancy_title][mk_fancy_title tag_name=&#8220;h1&#8243; size=&#8220;36&#8243; font_family=&#8220;none&#8220; align=&#8220;center&#8220; animation=&#8220;scale-up&#8220;]OBJEDNAT PROPAGACE SEO WEBOV\u00ddCH STR\u00c1NEK[\/mk_fancy_title][vc_column_text animation=&#8220;scale-up&#8220; css=&#8220;.vc_custom_1527236106719{margin-bottom: 0px !important;}&#8220;]\n<p style=\"text-align: center;\">Chcete-li si objednat SEO &#8211; optimalizaci str\u00e1nek, vypl\u0148te dotazn\u00edk a ode\u0161lete jej. (Pokud nem\u016f\u017eete odpov\u011bd\u011bt na n\u011bkter\u00e9 ot\u00e1zky &#8211; nechte je bez vypln\u011bn\u00ed)<br \/>\n<em>(laskav\u00fd po\u017eadavek &#8211; vypl\u0148te dotazn\u00edk co nejv\u00edce, proto\u017ee bude slou\u017eit jako z\u00e1klad pro technick\u00e9 zad\u00e1n\u00ed v SEO v budoucnu)<\/em><\/p>\n[\/vc_column_text][\/vc_column][\/vc_row][vc_row animation=&#8220;scale-up&#8220; el_class=&#8220;seo-anketa&#8220;][vc_column]<div role=\"form\" class=\"wpcf7\" id=\"wpcf7-f4534-o1\" lang=\"en-US\" dir=\"ltr\">\n<div class=\"screen-reader-response\"><p role=\"status\" aria-live=\"polite\" aria-atomic=\"true\"><\/p> <ul><\/ul><\/div>\n<form action=\"\/cz\/wp-json\/wp\/v2\/pages\/4535#wpcf7-f4534-o1\" method=\"post\" class=\"wpcf7-form init\" novalidate=\"novalidate\" data-status=\"init\">\n<div style=\"display: none;\">\n<input type=\"hidden\" name=\"_wpcf7\" value=\"4534\" \/>\n<input type=\"hidden\" name=\"_wpcf7_version\" value=\"5.5.2\" \/>\n<input type=\"hidden\" name=\"_wpcf7_locale\" value=\"en_US\" \/>\n<input type=\"hidden\" name=\"_wpcf7_unit_tag\" value=\"wpcf7-f4534-o1\" \/>\n<input type=\"hidden\" name=\"_wpcf7_container_post\" value=\"0\" \/>\n<input type=\"hidden\" name=\"_wpcf7_posted_data_hash\" value=\"\" \/>\n<\/div>\n<h3>\u0418\u043d\u0444\u043e\u0440\u043c\u0430\u0446\u0438\u044f \u043e \u0437\u0430\u043a\u0430\u0437\u0447\u0438\u043a\u0435:<\/h3>\n<p><label> \u041d\u0430\u0437\u0432\u0430\u043d\u0438\u0435 \u043a\u043e\u043c\u043f\u0430\u043d\u0438\u0438<br \/>\n    <span class=\"wpcf7-form-control-wrap company-name\"><input type=\"text\" name=\"company-name\" value=\"\" size=\"40\" class=\"wpcf7-form-control wpcf7-text\" aria-invalid=\"false\" \/><\/span> <\/label><\/p>\n<p><label> \u041a\u043e\u043d\u0442\u0430\u043a\u0442\u043d\u043e\u0435 \u043b\u0438\u0446\u043e (\u043e\u0431\u044f\u0437\u0430\u0442\u0435\u043b\u044c\u043d\u043e)<br \/>\n    <span class=\"wpcf7-form-control-wrap persona-name\"><input type=\"text\" name=\"persona-name\" value=\"\" size=\"40\" class=\"wpcf7-form-control wpcf7-text wpcf7-validates-as-required\" aria-required=\"true\" aria-invalid=\"false\" \/><\/span> <\/label><\/p>\n<p><label> \u0412\u0430\u0448 e-mail (\u043e\u0431\u044f\u0437\u0430\u0442\u0435\u043b\u044c\u043d\u043e)<br \/>\n    <span class=\"wpcf7-form-control-wrap your-email\"><input type=\"email\" name=\"your-email\" value=\"\" size=\"40\" class=\"wpcf7-form-control wpcf7-text wpcf7-email wpcf7-validates-as-required wpcf7-validates-as-email\" aria-required=\"true\" aria-invalid=\"false\" \/><\/span> <\/label><\/p>\n<p><label> \u0412\u0430\u0448 \u0442\u0435\u043b\u0435\u0444\u043e\u043d (\u043e\u0431\u044f\u0437\u0430\u0442\u0435\u043b\u044c\u043d\u043e)<br \/>\n    <span class=\"wpcf7-form-control-wrap tel\"><input type=\"tel\" name=\"tel\" value=\"\" size=\"40\" class=\"wpcf7-form-control wpcf7-text wpcf7-tel wpcf7-validates-as-required wpcf7-validates-as-tel\" aria-required=\"true\" aria-invalid=\"false\" \/><\/span> <\/label><\/p>\n<h3>\u0418\u043d\u0444\u043e\u0440\u043c\u0430\u0446\u0438\u044f \u043e \u0434\u0435\u044f\u0442\u0435\u043b\u044c\u043d\u043e\u0441\u0442\u0438 \u043a\u043e\u043c\u043f\u0430\u043d\u0438\u0438:<\/h3>\n<p><label> \u0421\u0430\u0439\u0442 \u043a\u043e\u043c\u043f\u0430\u043d\u0438\u0438<br \/>\n    <span class=\"wpcf7-form-control-wrap url\"><input type=\"url\" name=\"url\" value=\"\" size=\"40\" class=\"wpcf7-form-control wpcf7-text wpcf7-url wpcf7-validates-as-url\" aria-invalid=\"false\" \/><\/span> <\/label><\/p>\n<p><label> \u041e\u0441\u043d\u043e\u0432\u043d\u044b\u0435 \u043d\u0430\u043f\u0440\u0430\u0432\u043b\u0435\u043d\u0438\u044f \u0434\u0435\u044f\u0442\u0435\u043b\u044c\u043d\u043e\u0441\u0442\u0438 \u043a\u043e\u043c\u043f\u0430\u043d\u0438\u0438<br \/>\n    <span class=\"wpcf7-form-control-wrap dejatelnost\"><textarea name=\"dejatelnost\" cols=\"40\" rows=\"10\" class=\"wpcf7-form-control wpcf7-textarea\" aria-invalid=\"false\"><\/textarea><\/span> <\/label><\/p>\n<p><label> \u0421\u043f\u0438\u0441\u043e\u043a \u0442\u043e\u0432\u0430\u0440\u043e\u0432\/\u0443\u0441\u043b\u0443\u0433 \u0432 \u043f\u043e\u0440\u044f\u0434\u043a\u0435 \u043f\u0440\u0438\u043e\u0440\u0438\u0442\u0435\u0442\u043d\u043e\u0441\u0442\u0438<br \/>\n    <span class=\"wpcf7-form-control-wrap service-list\"><textarea name=\"service-list\" cols=\"40\" rows=\"10\" class=\"wpcf7-form-control wpcf7-textarea\" aria-invalid=\"false\"><\/textarea><\/span> <\/label><\/p>\n<p><label> \u0426\u0435\u043b\u0435\u0432\u0430\u044f \u0430\u0443\u0434\u0438\u0442\u043e\u0440\u0438\u044f \u043f\u043e\u0442\u0440\u0435\u0431\u0438\u0442\u0435\u043b\u0435\u0439<br \/>\n    <span class=\"wpcf7-form-control-wrap auditorija\"><textarea name=\"auditorija\" cols=\"40\" rows=\"10\" class=\"wpcf7-form-control wpcf7-textarea\" aria-invalid=\"false\"><\/textarea><\/span> <\/label><\/p>\n<p><label> \u0423\u043d\u0438\u043a\u0430\u043b\u044c\u043d\u043e\u0441\u0442\u044c \u043f\u0440\u043e\u0434\u0443\u043a\u0442\u0430<br \/>\n    <span class=\"wpcf7-form-control-wrap product-unik\"><textarea name=\"product-unik\" cols=\"40\" rows=\"10\" class=\"wpcf7-form-control wpcf7-textarea\" aria-invalid=\"false\"><\/textarea><\/span> <\/label><\/p>\n<p><label> \u041f\u0440\u0435\u0438\u043c\u0443\u0449\u0435\u0441\u0442\u0432\u0430 \u043a\u043e\u043c\u043f\u0430\u043d\u0438\u0438 \u043f\u0435\u0440\u0435\u0434 \u043a\u043e\u043d\u043a\u0443\u0440\u0435\u043d\u0442\u0430\u043c\u0438<br \/>\n    <span class=\"wpcf7-form-control-wrap preimushestva\"><textarea name=\"preimushestva\" cols=\"40\" rows=\"10\" class=\"wpcf7-form-control wpcf7-textarea\" aria-invalid=\"false\"><\/textarea><\/span> <\/label><\/p>\n<p><label> \u041d\u0435\u0434\u043e\u0441\u0442\u0430\u0442\u043a\u0438 \u043f\u0435\u0440\u0435\u0434 \u043a\u043e\u043d\u043a\u0443\u0440\u0435\u043d\u0442\u0430\u043c\u0438<br \/>\n    <span class=\"wpcf7-form-control-wrap nedostatki\"><textarea name=\"nedostatki\" cols=\"40\" rows=\"10\" class=\"wpcf7-form-control wpcf7-textarea\" aria-invalid=\"false\"><\/textarea><\/span> <\/label><\/p>\n<h3>\u041f\u043e\u0434\u0440\u043e\u0431\u043d\u0435\u0435 \u043e SEO \u043f\u0440\u043e\u0434\u0432\u0438\u0436\u0435\u043d\u0438\u0438:<\/h3>\n<p><label> \u0420\u0435\u0433\u0438\u043e\u043d \u0432 \u043a\u043e\u0442\u043e\u0440\u043e\u043c \u043d\u0430\u0434\u043e \u043f\u0440\u043e\u0434\u0432\u0438\u0433\u0430\u0442\u044c \u0441\u0430\u0439\u0442 (\u0421\u0442\u0440\u0430\u043d\u0430 \/ \u041e\u0431\u043b\u0430\u0441\u0442\u044c \/ \u0413\u043e\u0440\u043e\u0434 \/ \u0420\u0430\u0439\u043e\u043d \u0433\u043e\u0440\u043e\u0434\u0430)<br \/>\n    <span class=\"wpcf7-form-control-wrap target\"><input type=\"text\" name=\"target\" value=\"\" size=\"40\" class=\"wpcf7-form-control wpcf7-text\" aria-invalid=\"false\" \/><\/span> <\/label><\/p>\n<p><label> \u041a\u043e\u043d\u043a\u0443\u0440\u0435\u043d\u0442\u044b (\u0441\u0441\u044b\u043b\u043a\u0438 \u043d\u0430 \u0441\u0430\u0439\u0442\u044b \u043a\u043e\u043d\u043a\u0443\u0440\u0435\u043d\u0442\u043e\u0432)<br \/>\n    <span class=\"wpcf7-form-control-wrap konkurenti\"><textarea name=\"konkurenti\" cols=\"40\" rows=\"10\" class=\"wpcf7-form-control wpcf7-textarea\" aria-invalid=\"false\"><\/textarea><\/span> <\/label><\/p>\n<p><label> \u041e\u043f\u044b\u0442 \u0440\u0430\u0431\u043e\u0442\u044b \u0441 SEO \u0438 \u0440\u0435\u0437\u0443\u043b\u044c\u0442\u0430\u0442\u044b<br \/>\n    <span class=\"wpcf7-form-control-wrap seo\"><textarea name=\"seo\" cols=\"40\" rows=\"10\" class=\"wpcf7-form-control wpcf7-textarea\" aria-invalid=\"false\"><\/textarea><\/span> <\/label><\/p>\n<p><label> \u0414\u043e\u043f\u043e\u043b\u043d\u0438\u0442\u0435\u043b\u044c\u043d\u0430\u044f \u0438\u043d\u0444\u043e\u0440\u043c\u0430\u0446\u0438\u044f \u043a\u043e\u0442\u043e\u0440\u0443\u044e \u0412\u044b \u0445\u043e\u0442\u0435\u043b\u0438 \u0431\u044b \u0441\u043e\u043e\u0431\u0449\u0438\u0442\u044c \u043d\u0430\u043c<br \/>\n    <span class=\"wpcf7-form-control-wrap additional\"><textarea name=\"additional\" cols=\"40\" rows=\"10\" class=\"wpcf7-form-control wpcf7-textarea\" aria-invalid=\"false\"><\/textarea><\/span> <\/label><\/p>\n<div class=\"webmister-box-agree\"><span class=\"wpcf7-form-control-wrap agree\"><span class=\"wpcf7-form-control wpcf7-acceptance invert\"><span class=\"wpcf7-list-item\"><input type=\"checkbox\" name=\"agree\" value=\"1\" aria-invalid=\"false\" checked=\"checked\" class=\"webmister-agree\" \/><\/span><\/span><\/span><\/div>\n<p><input type=\"submit\" value=\"\u041e\u0442\u043f\u0440\u0430\u0432\u0438\u0442\u044c\" class=\"wpcf7-form-control has-spinner wpcf7-submit\" \/><\/p>\n<div class=\"wpcf7-response-output\" aria-hidden=\"true\"><\/div><\/form><\/div>[\/vc_column][\/vc_row]\n","protected":false},"excerpt":{"rendered":"<p>[vc_row css=&#8220;.vc_custom_1526459950854{margin-bottom: 20px !important;}&#8220;][vc_column][mk_fancy_title tag_name=&#8220;h1&#8243; size=&#8220;48&#8243; margin_bottom=&#8220;0&#8243; font_family=&#8220;none&#8220; align=&#8220;center&#8220; animation=&#8220;scale-up&#8220;]DOTAZN\u00cdK[\/mk_fancy_title][mk_fancy_title tag_name=&#8220;h1&#8243; size=&#8220;36&#8243; font_family=&#8220;none&#8220; align=&#8220;center&#8220; animation=&#8220;scale-up&#8220;]OBJEDNAT PROPAGACE SEO WEBOV\u00ddCH STR\u00c1NEK[\/mk_fancy_title][vc_column_text animation=&#8220;scale-up&#8220; css=&#8220;.vc_custom_1527236106719{margin-bottom: 0px !important;}&#8220;] Chcete-li si objednat SEO &#8211; optimalizaci str\u00e1nek, vypl\u0148te dotazn\u00edk a ode\u0161lete jej. (Pokud nem\u016f\u017eete odpov\u011bd\u011bt na n\u011bkter\u00e9 ot\u00e1zky &#8211; nechte je bez vypln\u011bn\u00ed) (laskav\u00fd po\u017eadavek &#8211; vypl\u0148te dotazn\u00edk co nejv\u00edce, proto\u017ee bude [&hellip;]<\/p>\n","protected":false},"author":1,"featured_media":0,"parent":3484,"menu_order":0,"comment_status":"closed","ping_status":"closed","template":"","meta":[],"_links":{"self":[{"href":"https:\/\/webmister.pro\/cz\/wp-json\/wp\/v2\/pages\/4535"}],"collection":[{"href":"https:\/\/webmister.pro\/cz\/wp-json\/wp\/v2\/pages"}],"about":[{"href":"https:\/\/webmister.pro\/cz\/wp-json\/wp\/v2\/types\/page"}],"author":[{"embeddable":true,"href":"https:\/\/webmister.pro\/cz\/wp-json\/wp\/v2\/users\/1"}],"replies":[{"embeddable":true,"href":"https:\/\/webmister.pro\/cz\/wp-json\/wp\/v2\/comments?post=4535"}],"version-history":[{"count":0,"href":"https:\/\/webmister.pro\/cz\/wp-json\/wp\/v2\/pages\/4535\/revisions"}],"up":[{"embeddable":true,"href":"https:\/\/webmister.pro\/cz\/wp-json\/wp\/v2\/pages\/3484"}],"wp:attachment":[{"href":"https:\/\/webmister.pro\/cz\/wp-json\/wp\/v2\/media?parent=4535"}],"curies":[{"name":"wp","href":"https:\/\/api.w.org\/{rel}","templated":true}]}}