{"id":3535,"date":"2016-02-26T00:47:40","date_gmt":"2016-02-25T21:47:40","guid":{"rendered":"https:\/\/webmister.pro\/useful\/"},"modified":"2017-05-26T19:49:35","modified_gmt":"2017-05-26T16:49:35","slug":"useful","status":"publish","type":"page","link":"https:\/\/webmister.pro\/cz\/useful\/","title":{"rendered":"U\u017eite\u010dn\u00fd"},"content":{"rendered":"[vc_row][vc_column][vc_empty_space height=&#8220;60px&#8220;][mk_blog_teaser][vc_empty_space height=&#8220;60px&#8220;][\/vc_column][\/vc_row][vc_row][vc_column width=&#8220;9\/12&#8243;][mk_blog style=&#8220;spotlight&#8220; column=&#8220;2&#8243; el_class=&#8220;no-meta&#8220;][\/vc_column][vc_column width=&#8220;3\/12&#8243;][mk_custom_sidebar sidebar=&#8220;sidebar-6&#8243;][\/vc_column][\/vc_row]\n","protected":false},"excerpt":{"rendered":"<p>[vc_row][vc_column][vc_empty_space height=&#8220;60px&#8220;][mk_blog_teaser][vc_empty_space height=&#8220;60px&#8220;][\/vc_column][\/vc_row][vc_row][vc_column width=&#8220;9\/12&#8243;][mk_blog style=&#8220;spotlight&#8220; column=&#8220;2&#8243; el_class=&#8220;no-meta&#8220;][\/vc_column][vc_column width=&#8220;3\/12&#8243;][mk_custom_sidebar sidebar=&#8220;sidebar-6&#8243;][\/vc_column][\/vc_row]<\/p>\n","protected":false},"author":1,"featured_media":0,"parent":0,"menu_order":0,"comment_status":"closed","ping_status":"closed","template":"","meta":[],"_links":{"self":[{"href":"https:\/\/webmister.pro\/cz\/wp-json\/wp\/v2\/pages\/3535"}],"collection":[{"href":"https:\/\/webmister.pro\/cz\/wp-json\/wp\/v2\/pages"}],"about":[{"href":"https:\/\/webmister.pro\/cz\/wp-json\/wp\/v2\/types\/page"}],"author":[{"embeddable":true,"href":"https:\/\/webmister.pro\/cz\/wp-json\/wp\/v2\/users\/1"}],"replies":[{"embeddable":true,"href":"https:\/\/webmister.pro\/cz\/wp-json\/wp\/v2\/comments?post=3535"}],"version-history":[{"count":0,"href":"https:\/\/webmister.pro\/cz\/wp-json\/wp\/v2\/pages\/3535\/revisions"}],"wp:attachment":[{"href":"https:\/\/webmister.pro\/cz\/wp-json\/wp\/v2\/media?parent=3535"}],"curies":[{"name":"wp","href":"https:\/\/api.w.org\/{rel}","templated":true}]}}