{"id":3504,"date":"2016-02-26T00:37:14","date_gmt":"2016-02-25T21:37:14","guid":{"rendered":"https:\/\/webmister.pro\/logo-design\/"},"modified":"2017-06-28T19:35:36","modified_gmt":"2017-06-28T16:35:36","slug":"logo-design","status":"publish","type":"page","link":"https:\/\/webmister.pro\/cz\/logo-design\/","title":{"rendered":"Design loga"},"content":{"rendered":"[vc_row][vc_column]<link href=\"https:\/\/fonts.googleapis.com\/css?family=Roboto:100\" rel=\"stylesheet\" property=\"stylesheet\" type=\"text\/css\" media=\"all\">\n<div id=\"rev_slider_33_1_wrapper\" class=\"rev_slider_wrapper fullwidthbanner-container\" data-source=\"gallery\" style=\"margin:0px auto;background:transparent;padding:0px;margin-top:0px;margin-bottom:0px;\">\n<!-- START REVOLUTION SLIDER 5.4.7.2 fullwidth mode -->\n\t<div id=\"rev_slider_33_1\" class=\"rev_slider fullwidthabanner\" style=\"display:none;\" data-version=\"5.4.7.2\">\n<ul>\t<!-- SLIDE  -->\n\t<li data-index=\"rs-46\" data-transition=\"fade\" data-slotamount=\"default\" data-hideafterloop=\"0\" data-hideslideonmobile=\"off\"  data-easein=\"default\" data-easeout=\"default\" data-masterspeed=\"300\"  data-rotate=\"0\"  data-saveperformance=\"off\"  data-title=\"Slide\" data-param1=\"\" data-param2=\"\" data-param3=\"\" data-param4=\"\" data-param5=\"\" data-param6=\"\" data-param7=\"\" data-param8=\"\" data-param9=\"\" data-param10=\"\" data-description=\"\">\n\t\t<!-- MAIN IMAGE -->\n\t\t<img src=\"https:\/\/webmister.pro\/wp-content\/uploads\/2016\/03\/slide3.jpg\"  alt=\"Design loga\" title=\"slide3\"  width=\"1600\" height=\"900\" data-bgposition=\"center center\" data-bgfit=\"cover\" data-bgrepeat=\"no-repeat\" class=\"rev-slidebg\" data-no-retina>\n\t\t<!-- LAYERS -->\n\n\t\t<!-- LAYER NR. 1 -->\n\t\t<div class=\"tp-caption   tp-resizeme\" \n\t\t\t id=\"slide-46-layer-1\" \n\t\t\t data-x=\"835\" \n\t\t\t data-y=\"238\" \n\t\t\t\t\t\tdata-width=\"['auto']\"\n\t\t\tdata-height=\"['auto']\"\n \n\t\t\tdata-type=\"text\" \n\t\t\tdata-responsive_offset=\"on\" \n\n\t\t\tdata-frames='[{\"delay\":0,\"split\":\"chars\",\"splitdelay\":0.05,\"speed\":2000,\"frame\":\"0\",\"from\":\"x:[105%];z:0;rX:45deg;rY:0deg;rZ:90deg;sX:1;sY:1;skX:0;skY:0;\",\"mask\":\"x:0px;y:0px;s:inherit;e:inherit;\",\"to\":\"o:1;\",\"ease\":\"Power4.easeInOut\"},{\"delay\":\"wait\",\"speed\":300,\"frame\":\"999\",\"to\":\"opacity:0;\",\"ease\":\"nothing\"}]'\n\t\t\tdata-textAlign=\"['left','left','left','left']\"\n\t\t\tdata-paddingtop=\"[0,0,0,0]\"\n\t\t\tdata-paddingright=\"[0,0,0,0]\"\n\t\t\tdata-paddingbottom=\"[0,0,0,0]\"\n\t\t\tdata-paddingleft=\"[0,0,0,0]\"\n\n\t\t\tstyle=\"z-index: 5; white-space: nowrap; font-size: 50px; line-height: 55px; font-weight: 100; color: rgba(255,255,255,1);font-family:Roboto;\">DESIGN LOGA <\/div>\n\n\t\t<!-- LAYER NR. 2 -->\n\t\t<div class=\"tp-caption   tp-resizeme\" \n\t\t\t id=\"slide-46-layer-54\" \n\t\t\t data-x=\"60\" \n\t\t\t data-y=\"150\" \n\t\t\t\t\t\tdata-width=\"['none','none','none','none']\"\n\t\t\tdata-height=\"['none','none','none','none']\"\n \n\t\t\tdata-type=\"image\" \n\t\t\tdata-responsive_offset=\"on\" \n\n\t\t\tdata-frames='[{\"delay\":2390,\"speed\":1000,\"frame\":\"0\",\"from\":\"x:-50px;opacity:0;\",\"to\":\"o:1;\",\"ease\":\"Power2.easeOut\"},{\"delay\":\"wait\",\"speed\":300,\"frame\":\"999\",\"to\":\"opacity:0;\",\"ease\":\"nothing\"}]'\n\t\t\tdata-textAlign=\"['left','left','left','left']\"\n\t\t\tdata-paddingtop=\"[0,0,0,0]\"\n\t\t\tdata-paddingright=\"[0,0,0,0]\"\n\t\t\tdata-paddingbottom=\"[0,0,0,0]\"\n\t\t\tdata-paddingleft=\"[0,0,0,0]\"\n\n\t\t\tstyle=\"z-index: 6;\"><img src=\"https:\/\/webmister.pro\/wp-content\/uploads\/2016\/03\/1-11.png\" alt=\"Design loga\" data-ww=\"476px\" data-hh=\"300px\" width=\"476\" height=\"300\" data-no-retina> <\/div>\n\n\t\t<!-- LAYER NR. 3 -->\n\t\t<div class=\"tp-caption   tp-resizeme\" \n\t\t\t id=\"slide-46-layer-55\" \n\t\t\t data-x=\"60\" \n\t\t\t data-y=\"150\" \n\t\t\t\t\t\tdata-width=\"['none','none','none','none']\"\n\t\t\tdata-height=\"['none','none','none','none']\"\n \n\t\t\tdata-type=\"image\" \n\t\t\tdata-responsive_offset=\"on\" \n\n\t\t\tdata-frames='[{\"delay\":5640,\"speed\":820,\"frame\":\"0\",\"from\":\"opacity:0;\",\"to\":\"o:1;\",\"ease\":\"Power2.easeInOut\"},{\"delay\":\"wait\",\"speed\":300,\"frame\":\"999\",\"to\":\"opacity:0;\",\"ease\":\"nothing\"}]'\n\t\t\tdata-textAlign=\"['left','left','left','left']\"\n\t\t\tdata-paddingtop=\"[0,0,0,0]\"\n\t\t\tdata-paddingright=\"[0,0,0,0]\"\n\t\t\tdata-paddingbottom=\"[0,0,0,0]\"\n\t\t\tdata-paddingleft=\"[0,0,0,0]\"\n\n\t\t\tstyle=\"z-index: 7;\"><img src=\"https:\/\/webmister.pro\/wp-content\/uploads\/2016\/03\/2-8.png\" alt=\"Design loga\" data-ww=\"476px\" data-hh=\"300px\" width=\"476\" height=\"300\" data-no-retina> <\/div>\n\n\t\t<!-- LAYER NR. 4 -->\n\t\t<div class=\"tp-caption   tp-resizeme\" \n\t\t\t id=\"slide-46-layer-56\" \n\t\t\t data-x=\"266\" \n\t\t\t data-y=\"221\" \n\t\t\t\t\t\tdata-width=\"['none','none','none','none']\"\n\t\t\tdata-height=\"['none','none','none','none']\"\n \n\t\t\tdata-type=\"image\" \n\t\t\tdata-responsive_offset=\"on\" \n\n\t\t\tdata-frames='[{\"delay\":3570,\"speed\":950,\"frame\":\"0\",\"from\":\"y:50px;opacity:0;\",\"to\":\"o:1;rZ:62;\",\"ease\":\"Power2.easeInOut\"},{\"delay\":\"wait\",\"speed\":300,\"frame\":\"999\",\"to\":\"opacity:0;\",\"ease\":\"nothing\"}]'\n\t\t\tdata-textAlign=\"['left','left','left','left']\"\n\t\t\tdata-paddingtop=\"[0,0,0,0]\"\n\t\t\tdata-paddingright=\"[0,0,0,0]\"\n\t\t\tdata-paddingbottom=\"[0,0,0,0]\"\n\t\t\tdata-paddingleft=\"[0,0,0,0]\"\n\n\t\t\tstyle=\"z-index: 8;\">\n<div class=\"rs-looped rs-pendulum\"  data-easing=\"Power0.easeIn\" data-startdeg=\"-20\" data-enddeg=\"30\" data-speed=\"2\" data-origin=\"50% 50%\"><img src=\"https:\/\/webmister.pro\/wp-content\/uploads\/2016\/03\/3-10.png\" alt=\"Design loga\" data-ww=\"325px\" data-hh=\"300px\" width=\"325\" height=\"300\" data-no-retina> <\/div><\/div>\n\t<\/li>\n\t<!-- SLIDE  -->\n\t<li data-index=\"rs-46-1\" data-transition=\"fade\" data-slotamount=\"default\" data-hideafterloop=\"0\" data-hideslideonmobile=\"off\"  data-easein=\"default\" data-easeout=\"default\" data-masterspeed=\"300\"  data-rotate=\"0\"  data-saveperformance=\"off\"  data-title=\"Slide\" data-param1=\"\" data-param2=\"\" data-param3=\"\" data-param4=\"\" data-param5=\"\" data-param6=\"\" data-param7=\"\" data-param8=\"\" data-param9=\"\" data-param10=\"\" data-description=\"\">\n\t\t<!-- MAIN IMAGE -->\n\t\t<img src=\"https:\/\/webmister.pro\/wp-content\/uploads\/2016\/03\/slide3.jpg\"  alt=\"Design loga\" title=\"slide3\"  width=\"1600\" height=\"900\" data-bgposition=\"center center\" data-bgfit=\"cover\" data-bgrepeat=\"no-repeat\" class=\"rev-slidebg\" data-no-retina>\n\t\t<!-- LAYERS -->\n\n\t\t<!-- LAYER NR. 5 -->\n\t\t<div class=\"tp-caption   tp-resizeme\" \n\t\t\t id=\"slide-461-layer-1\" \n\t\t\t data-x=\"835\" \n\t\t\t data-y=\"238\" \n\t\t\t\t\t\tdata-width=\"['auto']\"\n\t\t\tdata-height=\"['auto']\"\n \n\t\t\tdata-type=\"text\" \n\t\t\tdata-responsive_offset=\"on\" \n\n\t\t\tdata-frames='[{\"delay\":0,\"split\":\"chars\",\"splitdelay\":0.05,\"speed\":2000,\"frame\":\"0\",\"from\":\"x:[105%];z:0;rX:45deg;rY:0deg;rZ:90deg;sX:1;sY:1;skX:0;skY:0;\",\"mask\":\"x:0px;y:0px;s:inherit;e:inherit;\",\"to\":\"o:1;\",\"ease\":\"Power4.easeInOut\"},{\"delay\":\"wait\",\"speed\":300,\"frame\":\"999\",\"to\":\"opacity:0;\",\"ease\":\"nothing\"}]'\n\t\t\tdata-textAlign=\"['left','left','left','left']\"\n\t\t\tdata-paddingtop=\"[0,0,0,0]\"\n\t\t\tdata-paddingright=\"[0,0,0,0]\"\n\t\t\tdata-paddingbottom=\"[0,0,0,0]\"\n\t\t\tdata-paddingleft=\"[0,0,0,0]\"\n\n\t\t\tstyle=\"z-index: 5; white-space: nowrap; font-size: 50px; line-height: 55px; font-weight: 100; color: rgba(255,255,255,1);font-family:Roboto;\">DESIGN LOGA <\/div>\n\n\t\t<!-- LAYER NR. 6 -->\n\t\t<div class=\"tp-caption   tp-resizeme\" \n\t\t\t id=\"slide-461-layer-54\" \n\t\t\t data-x=\"60\" \n\t\t\t data-y=\"150\" \n\t\t\t\t\t\tdata-width=\"['none','none','none','none']\"\n\t\t\tdata-height=\"['none','none','none','none']\"\n \n\t\t\tdata-type=\"image\" \n\t\t\tdata-responsive_offset=\"on\" \n\n\t\t\tdata-frames='[{\"delay\":2390,\"speed\":1000,\"frame\":\"0\",\"from\":\"x:-50px;opacity:0;\",\"to\":\"o:1;\",\"ease\":\"Power2.easeOut\"},{\"delay\":\"wait\",\"speed\":300,\"frame\":\"999\",\"to\":\"opacity:0;\",\"ease\":\"nothing\"}]'\n\t\t\tdata-textAlign=\"['left','left','left','left']\"\n\t\t\tdata-paddingtop=\"[0,0,0,0]\"\n\t\t\tdata-paddingright=\"[0,0,0,0]\"\n\t\t\tdata-paddingbottom=\"[0,0,0,0]\"\n\t\t\tdata-paddingleft=\"[0,0,0,0]\"\n\n\t\t\tstyle=\"z-index: 6;\"><img src=\"https:\/\/webmister.pro\/wp-content\/uploads\/2016\/03\/1-11.png\" alt=\"Design loga\" data-ww=\"476px\" data-hh=\"300px\" width=\"476\" height=\"300\" data-no-retina> <\/div>\n\n\t\t<!-- LAYER NR. 7 -->\n\t\t<div class=\"tp-caption   tp-resizeme\" \n\t\t\t id=\"slide-461-layer-55\" \n\t\t\t data-x=\"60\" \n\t\t\t data-y=\"150\" \n\t\t\t\t\t\tdata-width=\"['none','none','none','none']\"\n\t\t\tdata-height=\"['none','none','none','none']\"\n \n\t\t\tdata-type=\"image\" \n\t\t\tdata-responsive_offset=\"on\" \n\n\t\t\tdata-frames='[{\"delay\":5640,\"speed\":820,\"frame\":\"0\",\"from\":\"opacity:0;\",\"to\":\"o:1;\",\"ease\":\"Power2.easeInOut\"},{\"delay\":\"wait\",\"speed\":300,\"frame\":\"999\",\"to\":\"opacity:0;\",\"ease\":\"nothing\"}]'\n\t\t\tdata-textAlign=\"['left','left','left','left']\"\n\t\t\tdata-paddingtop=\"[0,0,0,0]\"\n\t\t\tdata-paddingright=\"[0,0,0,0]\"\n\t\t\tdata-paddingbottom=\"[0,0,0,0]\"\n\t\t\tdata-paddingleft=\"[0,0,0,0]\"\n\n\t\t\tstyle=\"z-index: 7;\"><img src=\"https:\/\/webmister.pro\/wp-content\/uploads\/2016\/03\/2-8.png\" alt=\"Design loga\" data-ww=\"476px\" data-hh=\"300px\" width=\"476\" height=\"300\" data-no-retina> <\/div>\n\n\t\t<!-- LAYER NR. 8 -->\n\t\t<div class=\"tp-caption   tp-resizeme\" \n\t\t\t id=\"slide-461-layer-56\" \n\t\t\t data-x=\"266\" \n\t\t\t data-y=\"221\" \n\t\t\t\t\t\tdata-width=\"['none','none','none','none']\"\n\t\t\tdata-height=\"['none','none','none','none']\"\n \n\t\t\tdata-type=\"image\" \n\t\t\tdata-responsive_offset=\"on\" \n\n\t\t\tdata-frames='[{\"delay\":3570,\"speed\":950,\"frame\":\"0\",\"from\":\"y:50px;opacity:0;\",\"to\":\"o:1;rZ:62;\",\"ease\":\"Power2.easeInOut\"},{\"delay\":\"wait\",\"speed\":300,\"frame\":\"999\",\"to\":\"opacity:0;\",\"ease\":\"nothing\"}]'\n\t\t\tdata-textAlign=\"['left','left','left','left']\"\n\t\t\tdata-paddingtop=\"[0,0,0,0]\"\n\t\t\tdata-paddingright=\"[0,0,0,0]\"\n\t\t\tdata-paddingbottom=\"[0,0,0,0]\"\n\t\t\tdata-paddingleft=\"[0,0,0,0]\"\n\n\t\t\tstyle=\"z-index: 8;\">\n<div class=\"rs-looped rs-pendulum\"  data-easing=\"Power0.easeIn\" data-startdeg=\"-20\" data-enddeg=\"30\" data-speed=\"2\" data-origin=\"50% 50%\"><img src=\"https:\/\/webmister.pro\/wp-content\/uploads\/2016\/03\/3-10.png\" alt=\"Design loga\" data-ww=\"325px\" data-hh=\"300px\" width=\"325\" height=\"300\" data-no-retina> <\/div><\/div>\n\t<\/li>\n<\/ul>\n<div class=\"tp-bannertimer tp-bottom\" style=\"visibility: hidden !important;\"><\/div>\t<\/div>\n<script>var htmlDiv = document.getElementById(\"rs-plugin-settings-inline-css\"); var htmlDivCss=\"\";\n\t\t\t\tif(htmlDiv) {\n\t\t\t\t\thtmlDiv.innerHTML = htmlDiv.innerHTML + htmlDivCss;\n\t\t\t\t}else{\n\t\t\t\t\tvar htmlDiv = document.createElement(\"div\");\n\t\t\t\t\thtmlDiv.innerHTML = \"<style>\" + htmlDivCss + \"<\/style>\";\n\t\t\t\t\tdocument.getElementsByTagName(\"head\")[0].appendChild(htmlDiv.childNodes[0]);\n\t\t\t\t}\n\t\t\t<\/script>\n\t\t<script type=\"text\/javascript\">\nif (setREVStartSize!==undefined) setREVStartSize(\n\t{c: '#rev_slider_33_1', gridwidth: [1240], gridheight: [450], sliderLayout: 'fullwidth'});\n\t\t\t\nvar revapi33,\n\ttpj;\t\n(function() {\t\t\t\n\tif (!\/loaded|interactive|complete\/.test(document.readyState)) document.addEventListener(\"DOMContentLoaded\",onLoad); else onLoad();\t\n\tfunction onLoad() {\t\t\t\t\n\t\tif (tpj===undefined) { tpj = jQuery; if(\"off\" == \"on\") tpj.noConflict();}\n\tif(tpj(\"#rev_slider_33_1\").revolution == undefined){\n\t\trevslider_showDoubleJqueryError(\"#rev_slider_33_1\");\n\t}else{\n\t\trevapi33 = tpj(\"#rev_slider_33_1\").show().revolution({\n\t\t\tsliderType:\"standard\",\n\t\t\tjsFileLocation:\"\/\/webmister.pro\/wp-content\/plugins\/revslider\/public\/assets\/js\/\",\n\t\t\tsliderLayout:\"fullwidth\",\n\t\t\tdottedOverlay:\"none\",\n\t\t\tdelay:9000,\n\t\t\tnavigation: {\n\t\t\t\tonHoverStop:\"off\",\n\t\t\t},\n\t\t\tvisibilityLevels:[1240,1024,778,480],\n\t\t\tgridwidth:1240,\n\t\t\tgridheight:450,\n\t\t\tlazyType:\"none\",\n\t\t\tshadow:0,\n\t\t\tspinner:\"spinner4\",\n\t\t\tstopLoop:\"off\",\n\t\t\tstopAfterLoops:-1,\n\t\t\tstopAtSlide:-1,\n\t\t\tshuffle:\"off\",\n\t\t\tautoHeight:\"off\",\n\t\t\tdisableProgressBar:\"on\",\n\t\t\thideThumbsOnMobile:\"off\",\n\t\t\thideSliderAtLimit:0,\n\t\t\thideCaptionAtLimit:0,\n\t\t\thideAllCaptionAtLilmit:0,\n\t\t\tdebugMode:false,\n\t\t\tfallbacks: {\n\t\t\t\tsimplifyAll:\"off\",\n\t\t\t\tnextSlideOnWindowFocus:\"off\",\n\t\t\t\tdisableFocusListener:false,\n\t\t\t}\n\t\t});\n\t}; \/* END OF revapi call *\/\n\t\n }; \/* END OF ON LOAD FUNCTION *\/\n}()); \/* END OF WRAPPING FUNCTION *\/\n<\/script>\n\t\t<script>\n\t\t\t\t\tvar htmlDivCss = '\t#rev_slider_33_1_wrapper .tp-loader.spinner4 div { background-color: #FFFFFF !important; } ';\n\t\t\t\t\tvar htmlDiv = document.getElementById('rs-plugin-settings-inline-css');\n\t\t\t\t\tif(htmlDiv) {\n\t\t\t\t\t\thtmlDiv.innerHTML = htmlDiv.innerHTML + htmlDivCss;\n\t\t\t\t\t}\n\t\t\t\t\telse{\n\t\t\t\t\t\tvar htmlDiv = document.createElement('div');\n\t\t\t\t\t\thtmlDiv.innerHTML = '<style>' + htmlDivCss + '<\/style>';\n\t\t\t\t\t\tdocument.getElementsByTagName('head')[0].appendChild(htmlDiv.childNodes[0]);\n\t\t\t\t\t}\n\t\t\t\t\t<\/script>\n\t\t\t\t\t<\/div><!-- END REVOLUTION SLIDER -->[\/vc_column][\/vc_row][vc_row css=&#8220;.vc_custom_1458328955348{padding-top: 70px !important;}&#8220;][vc_column][vc_column_text animation=&#8220;flip-x&#8220;]\n<p style=\"text-align: justify;\">Logo je to grafick\u00e9 zn\u00e1zorn\u011bn\u00ed podstaty spole\u010dnosti. Slovo &#8222;logo&#8220; znamen\u00e1: jm\u00e9no, symbol nebo zna\u010dka, je\u017e je vyvinuta pro snadnou rozpoznatelnost.<\/p>\n<p style=\"text-align: justify;\">Loga existuj\u00ed pro to, aby rozli\u0161ovat v\u00fdrobky r\u016fzn\u00fdch firem v r\u00e1mci jednoho odv\u011btv\u00ed, krom\u011b toho, registrovan\u00e1 ochrann\u00e1 zn\u00e1mka chr\u00e1n\u00ed Spole\u010dnost proti nekal\u00e9 sout\u011b\u017ei a d\u00e1v\u00e1 mo\u017enost chr\u00e1nit pr\u00e1va u soudu. Ve vn\u00edm\u00e1n\u00ed spot\u0159ebitelem p\u0159\u00edtomnost loga, nebo ochrann\u00fdch zn\u00e1mek by m\u011bla b\u00fdt z\u00e1rukou kvalitn\u00edch v\u00fdrobk\u016f.<\/p>\n[\/vc_column_text][mk_fancy_title tag_name=&#8220;h3&#8243; color=&#8220;#ffffff&#8220; size=&#8220;48&#8243; font_weight=&#8220;100&#8243; txt_transform=&#8220;uppercase&#8220; margin_top=&#8220;70&#8243; font_family=&#8220;none&#8220; align=&#8220;center&#8220; animation=&#8220;scale-up&#8220;]CO TO V\u00c1M D\u00c1V\u00c1?[\/mk_fancy_title][vc_column_text animation=&#8220;flip-x&#8220;]\n<ol>\n<li style=\"text-align: justify;\">Logo v b\u011b\u017en\u00e9m a vektorov\u00e9m form\u00e1tu (Adobe Photoshop (Psd) i Adobe Illustrator (AI). Soubor tohoto form\u00e1tu budete pot\u0159ebovat p\u0159i pou\u017eit\u00ed loga v ti\u0161t\u011bn\u00fdch materi\u00e1lech.<\/li>\n<li style=\"text-align: justify;\">Logo ve form\u00e1tu PNG s pr\u016fhledn\u00fdm pozad\u00edm. Tento form\u00e1t p\u0159ijde v\u00e1m vhod p\u0159i um\u00edst\u011bn\u00ed loga na webov\u00fdch str\u00e1nk\u00e1ch, v dokumentu aplikace Word, v prezentac\u00edch.<\/li>\n<li style=\"text-align: justify;\">Ikonka-favicon pro webov\u00e9 str\u00e1nky na z\u00e1klad\u011b loga. Pro\u010d pot\u0159ebujete takovou ikonku a jak ji pou\u017e\u00edvat na webov\u00fdch str\u00e1nk\u00e1ch, si m\u016f\u017eete <a href=\"http:\/\/favicon.ru\/faq\/\" rel=\"nofollow noopener\" target=\"_blank\">p\u0159e\u010d\u00edst zde<\/a>.<\/li>\n<\/ol>\n[\/vc_column_text]<div class=\"ult-animation  ult-animate-viewport  ult-no-mobile  vc_custom_1458377765851\" data-animate=\"bounceIn\" data-animation-delay=\"0\" data-animation-duration=\"3\" data-animation-iteration=\"1\" style=\"opacity:0;\" data-opacity_start_effect=\"\">[mk_pricing_table style=&#8220;monocolor&#8220; table_number=&#8220;3&#8243; order=&#8220;ASC&#8220; tables=&#8220;2762, 2760, 2758&#8243;][\/mk_pricing_table]<\/div>[\/vc_column][\/vc_row][mk_page_section bg_color=&#8220;#232323&#8243; sidebar=&#8220;sidebar-1&#8243;][vc_column css=&#8220;.vc_custom_1458463697565{padding-top: 70px !important;}&#8220;][vc_column_text]\n<h3 style=\"text-align: center;\">CHCETE SI OBJEDNAT LOGO NEBO PODPORU?<\/h3>\n<h2 style=\"text-align: center;\">VYZKOU\u0160EJTE NEBO NAPLN\u011aTE N\u00c1SLEDNOU FORMU!<\/h2>\n[\/vc_column_text][vc_row_inner css=&#8220;.vc_custom_1458463707380{padding-top: 35px !important;padding-bottom: 70px !important;}&#8220;][vc_column_inner width=&#8220;1\/2&#8243;]<div role=\"form\" class=\"wpcf7\" id=\"wpcf7-f3984-o1\" lang=\"ru-RU\" dir=\"ltr\">\n<div class=\"screen-reader-response\"><p role=\"status\" aria-live=\"polite\" aria-atomic=\"true\"><\/p> <ul><\/ul><\/div>\n<form action=\"\/cz\/wp-json\/wp\/v2\/pages\/3504#wpcf7-f3984-o1\" method=\"post\" class=\"wpcf7-form init\" novalidate=\"novalidate\" data-status=\"init\">\n<div style=\"display: none;\">\n<input type=\"hidden\" name=\"_wpcf7\" value=\"3984\" \/>\n<input type=\"hidden\" name=\"_wpcf7_version\" value=\"5.5.2\" \/>\n<input type=\"hidden\" name=\"_wpcf7_locale\" value=\"ru_RU\" \/>\n<input type=\"hidden\" name=\"_wpcf7_unit_tag\" value=\"wpcf7-f3984-o1\" \/>\n<input type=\"hidden\" name=\"_wpcf7_container_post\" value=\"0\" \/>\n<input type=\"hidden\" name=\"_wpcf7_posted_data_hash\" value=\"\" \/>\n<\/div>\n<p>Kter\u00e9 logo obalov\u00fd design m\u00e1te z\u00e1jem?<br \/>\n    <span class=\"wpcf7-form-control-wrap radio-601\"><span class=\"wpcf7-form-control wpcf7-radio\"><span class=\"wpcf7-list-item first\"><input type=\"radio\" name=\"radio-601\" value=\"Logo Simple\" checked=\"checked\" \/><span class=\"wpcf7-list-item-label\">Logo Simple<\/span><\/span><span class=\"wpcf7-list-item\"><input type=\"radio\" name=\"radio-601\" value=\"Logo Standart\" \/><span class=\"wpcf7-list-item-label\">Logo Standart<\/span><\/span><span class=\"wpcf7-list-item last\"><input type=\"radio\" name=\"radio-601\" value=\"Logo PRO\" \/><span class=\"wpcf7-list-item-label\">Logo PRO<\/span><\/span><\/span><\/span> <\/p>\n<p><span class=\"wpcf7-form-control-wrap your-name\"><input type=\"text\" name=\"your-name\" value=\"\" size=\"40\" class=\"wpcf7-form-control wpcf7-text wpcf7-validates-as-required\" aria-required=\"true\" aria-invalid=\"false\" placeholder=\"Jm\u00e9no *\" \/><\/span> <\/p>\n<p><span class=\"wpcf7-form-control-wrap your-email\"><input type=\"email\" name=\"your-email\" value=\"\" size=\"40\" class=\"wpcf7-form-control wpcf7-text wpcf7-email wpcf7-validates-as-required wpcf7-validates-as-email\" aria-required=\"true\" aria-invalid=\"false\" placeholder=\"Email *\" \/><\/span><\/p>\n<p><span class=\"wpcf7-form-control-wrap your-message\"><textarea name=\"your-message\" cols=\"40\" rows=\"10\" class=\"wpcf7-form-control wpcf7-textarea\" aria-invalid=\"false\" placeholder=\"Zpr\u00e1va\"><\/textarea><\/span> <\/p>\n<div class=\"webmister-box-agree\"><span class=\"wpcf7-form-control-wrap agree\"><span class=\"wpcf7-form-control wpcf7-acceptance invert\"><span class=\"wpcf7-list-item\"><input type=\"checkbox\" name=\"agree\" value=\"1\" aria-invalid=\"false\" checked=\"checked\" class=\"webmister-agree\" \/><\/span><\/span><\/span><\/div>\n<div class=\"webmister-submit\"><input type=\"submit\" value=\"Poslat\" class=\"wpcf7-form-control has-spinner wpcf7-submit\" \/><\/div>\n<div class=\"wpcf7-response-output\" aria-hidden=\"true\"><\/div><\/form><\/div>[\/vc_column_inner][vc_column_inner width=&#8220;1\/2&#8243;]<div class=\"ult-animation  ult-animate-viewport  ult-no-mobile \" data-animate=\"infinite InfinitePulse\" data-animation-delay=\"0\" data-animation-duration=\"3\" data-animation-iteration=\"infinite\" style=\"opacity:0;\" data-opacity_start_effect=\"\">[vc_column_text align=&#8220;center&#8220;]<img loading=\"lazy\" class=\"size-full wp-image-1261 aligncenter\" src=\"https:\/\/webmister.pro\/wp-content\/uploads\/2016\/03\/book2.png\" alt=\"book2\" width=\"441\" height=\"500\" srcset=\"https:\/\/webmister.pro\/wp-content\/uploads\/2016\/03\/book2.png 441w, https:\/\/webmister.pro\/wp-content\/uploads\/2016\/03\/book2-265x300.png 265w, https:\/\/webmister.pro\/wp-content\/uploads\/2016\/03\/book2-229x260.png 229w\" sizes=\"(max-width: 441px) 100vw, 441px\" \/>[\/vc_column_text]<\/div>[\/vc_column_inner][\/vc_row_inner][\/vc_column][\/mk_page_section]\n","protected":false},"excerpt":{"rendered":"<p>[vc_row][vc_column][\/vc_column][\/vc_row][vc_row css=&#8220;.vc_custom_1458328955348{padding-top: 70px !important;}&#8220;][vc_column][vc_column_text animation=&#8220;flip-x&#8220;] Logo je to grafick\u00e9 zn\u00e1zorn\u011bn\u00ed podstaty spole\u010dnosti. Slovo &#8222;logo&#8220; znamen\u00e1: jm\u00e9no, symbol nebo zna\u010dka, je\u017e je vyvinuta pro snadnou rozpoznatelnost. Loga existuj\u00ed pro to, aby rozli\u0161ovat v\u00fdrobky r\u016fzn\u00fdch firem v r\u00e1mci jednoho odv\u011btv\u00ed, krom\u011b toho, registrovan\u00e1 ochrann\u00e1 zn\u00e1mka chr\u00e1n\u00ed Spole\u010dnost proti nekal\u00e9 sout\u011b\u017ei a d\u00e1v\u00e1 mo\u017enost chr\u00e1nit pr\u00e1va u soudu. [&hellip;]<\/p>\n","protected":false},"author":1,"featured_media":0,"parent":0,"menu_order":0,"comment_status":"closed","ping_status":"closed","template":"","meta":[],"_links":{"self":[{"href":"https:\/\/webmister.pro\/cz\/wp-json\/wp\/v2\/pages\/3504"}],"collection":[{"href":"https:\/\/webmister.pro\/cz\/wp-json\/wp\/v2\/pages"}],"about":[{"href":"https:\/\/webmister.pro\/cz\/wp-json\/wp\/v2\/types\/page"}],"author":[{"embeddable":true,"href":"https:\/\/webmister.pro\/cz\/wp-json\/wp\/v2\/users\/1"}],"replies":[{"embeddable":true,"href":"https:\/\/webmister.pro\/cz\/wp-json\/wp\/v2\/comments?post=3504"}],"version-history":[{"count":0,"href":"https:\/\/webmister.pro\/cz\/wp-json\/wp\/v2\/pages\/3504\/revisions"}],"wp:attachment":[{"href":"https:\/\/webmister.pro\/cz\/wp-json\/wp\/v2\/media?parent=3504"}],"curies":[{"name":"wp","href":"https:\/\/api.w.org\/{rel}","templated":true}]}}