{"id":3497,"date":"2016-02-26T00:32:06","date_gmt":"2016-02-25T21:32:06","guid":{"rendered":"https:\/\/webmister.pro\/infographics\/"},"modified":"2017-06-28T19:33:41","modified_gmt":"2017-06-28T16:33:41","slug":"infographics","status":"publish","type":"page","link":"https:\/\/webmister.pro\/cz\/infographics\/","title":{"rendered":"Infografika"},"content":{"rendered":"[vc_row][vc_column]<link href=\"https:\/\/fonts.googleapis.com\/css?family=Roboto:100\" rel=\"stylesheet\" property=\"stylesheet\" type=\"text\/css\" media=\"all\">\n<div id=\"rev_slider_32_1_wrapper\" class=\"rev_slider_wrapper fullwidthbanner-container\" data-source=\"gallery\" style=\"margin:0px auto;background:transparent;padding:0px;margin-top:0px;margin-bottom:0px;\">\n<!-- START REVOLUTION SLIDER 5.4.7.2 fullwidth mode -->\n\t<div id=\"rev_slider_32_1\" class=\"rev_slider fullwidthabanner\" style=\"display:none;\" data-version=\"5.4.7.2\">\n<ul>\t<!-- SLIDE  -->\n\t<li data-index=\"rs-45\" data-transition=\"fade\" data-slotamount=\"default\" data-hideafterloop=\"0\" data-hideslideonmobile=\"off\"  data-easein=\"default\" data-easeout=\"default\" data-masterspeed=\"300\"  data-rotate=\"0\"  data-saveperformance=\"off\"  data-title=\"Slide\" data-param1=\"\" data-param2=\"\" data-param3=\"\" data-param4=\"\" data-param5=\"\" data-param6=\"\" data-param7=\"\" data-param8=\"\" data-param9=\"\" data-param10=\"\" data-description=\"\">\n\t\t<!-- MAIN IMAGE -->\n\t\t<img src=\"https:\/\/webmister.pro\/wp-content\/uploads\/2016\/03\/slide3.jpg\"  alt=\"Infografika\" title=\"slide3\"  width=\"1600\" height=\"900\" data-bgposition=\"center center\" data-bgfit=\"cover\" data-bgrepeat=\"no-repeat\" class=\"rev-slidebg\" data-no-retina>\n\t\t<!-- LAYERS -->\n\n\t\t<!-- LAYER NR. 1 -->\n\t\t<div class=\"tp-caption   tp-resizeme\" \n\t\t\t id=\"slide-45-layer-1\" \n\t\t\t data-x=\"34\" \n\t\t\t data-y=\"242\" \n\t\t\t\t\t\tdata-width=\"['auto']\"\n\t\t\tdata-height=\"['auto']\"\n \n\t\t\tdata-type=\"text\" \n\t\t\tdata-responsive_offset=\"on\" \n\n\t\t\tdata-frames='[{\"delay\":0,\"speed\":2000,\"frame\":\"0\",\"from\":\"y:[100%];z:0;rX:0deg;rY:0;rZ:0;sX:1;sY:1;skX:0;skY:0;opacity:0;\",\"to\":\"o:1;\",\"ease\":\"Power4.easeInOut\"},{\"delay\":\"wait\",\"speed\":300,\"frame\":\"999\",\"to\":\"opacity:0;\",\"ease\":\"nothing\"}]'\n\t\t\tdata-textAlign=\"['left','left','left','left']\"\n\t\t\tdata-paddingtop=\"[0,0,0,0]\"\n\t\t\tdata-paddingright=\"[0,0,0,0]\"\n\t\t\tdata-paddingbottom=\"[0,0,0,0]\"\n\t\t\tdata-paddingleft=\"[0,0,0,0]\"\n\n\t\t\tstyle=\"z-index: 5; white-space: nowrap; font-size: 50px; line-height: 55px; font-weight: 100; color: rgba(255,255,255,1);font-family:Roboto;\">INFOGRAFIKA <\/div>\n\n\t\t<!-- LAYER NR. 2 -->\n\t\t<div class=\"tp-caption   tp-resizeme\" \n\t\t\t id=\"slide-45-layer-45\" \n\t\t\t data-x=\"903\" \n\t\t\t data-y=\"132\" \n\t\t\t\t\t\tdata-width=\"['none','none','none','none']\"\n\t\t\tdata-height=\"['none','none','none','none']\"\n \n\t\t\tdata-type=\"image\" \n\t\t\tdata-responsive_offset=\"on\" \n\n\t\t\tdata-frames='[{\"delay\":2040,\"speed\":1350,\"frame\":\"0\",\"from\":\"y:[100%];z:0;rX:0deg;rY:0;rZ:0;sX:1;sY:1;skX:0;skY:0;opacity:0;\",\"mask\":\"x:0px;y:[100%];s:inherit;e:inherit;\",\"to\":\"o:1;\",\"ease\":\"Power2.easeInOut\"},{\"delay\":\"wait\",\"speed\":300,\"frame\":\"999\",\"to\":\"opacity:0;\",\"ease\":\"nothing\"}]'\n\t\t\tdata-textAlign=\"['left','left','left','left']\"\n\t\t\tdata-paddingtop=\"[0,0,0,0]\"\n\t\t\tdata-paddingright=\"[0,0,0,0]\"\n\t\t\tdata-paddingbottom=\"[0,0,0,0]\"\n\t\t\tdata-paddingleft=\"[0,0,0,0]\"\n\n\t\t\tstyle=\"z-index: 6;\"><img src=\"https:\/\/webmister.pro\/wp-content\/uploads\/2016\/03\/Infographic.jpg\" alt=\"Infografika\" data-ww=\"398px\" data-hh=\"398px\" width=\"600\" height=\"600\" data-no-retina> <\/div>\n\n\t\t<!-- LAYER NR. 3 -->\n\t\t<div class=\"tp-caption   tp-resizeme\" \n\t\t\t id=\"slide-45-layer-46\" \n\t\t\t data-x=\"629\" \n\t\t\t data-y=\"104\" \n\t\t\t\t\t\tdata-width=\"['none','none','none','none']\"\n\t\t\tdata-height=\"['none','none','none','none']\"\n \n\t\t\tdata-type=\"image\" \n\t\t\tdata-responsive_offset=\"on\" \n\n\t\t\tdata-frames='[{\"delay\":3300,\"speed\":1530,\"frame\":\"0\",\"from\":\"x:{-250,250};y:{-150,150};rX:{-90,90};rY:{-90,90};rZ:{-360,360};sX:0;sY:0;opacity:0;\",\"to\":\"o:1;\",\"ease\":\"Power2.easeInOut\"},{\"delay\":\"wait\",\"speed\":300,\"frame\":\"999\",\"to\":\"opacity:0;\",\"ease\":\"nothing\"}]'\n\t\t\tdata-textAlign=\"['left','left','left','left']\"\n\t\t\tdata-paddingtop=\"[0,0,0,0]\"\n\t\t\tdata-paddingright=\"[0,0,0,0]\"\n\t\t\tdata-paddingbottom=\"[0,0,0,0]\"\n\t\t\tdata-paddingleft=\"[0,0,0,0]\"\n\n\t\t\tstyle=\"z-index: 7;\"><img src=\"https:\/\/webmister.pro\/wp-content\/uploads\/2016\/03\/1-7.png\" alt=\"Infografika\" data-ww=\"337px\" data-hh=\"357px\" width=\"568\" height=\"600\" data-no-retina> <\/div>\n\n\t\t<!-- LAYER NR. 4 -->\n\t\t<div class=\"tp-caption   tp-resizeme\" \n\t\t\t id=\"slide-45-layer-48\" \n\t\t\t data-x=\"417\" \n\t\t\t data-y=\"348\" \n\t\t\t\t\t\tdata-width=\"['none','none','none','none']\"\n\t\t\tdata-height=\"['none','none','none','none']\"\n \n\t\t\tdata-type=\"image\" \n\t\t\tdata-responsive_offset=\"on\" \n\n\t\t\tdata-frames='[{\"delay\":5010,\"speed\":820,\"frame\":\"0\",\"from\":\"y:[100%];z:0;rX:0deg;rY:0;rZ:0;sX:1;sY:1;skX:0;skY:0;opacity:0;\",\"mask\":\"x:0px;y:[100%];s:inherit;e:inherit;\",\"to\":\"o:1;\",\"ease\":\"Power2.easeInOut\"},{\"delay\":\"wait\",\"speed\":300,\"frame\":\"999\",\"to\":\"opacity:0;\",\"ease\":\"nothing\"}]'\n\t\t\tdata-textAlign=\"['left','left','left','left']\"\n\t\t\tdata-paddingtop=\"[0,0,0,0]\"\n\t\t\tdata-paddingright=\"[0,0,0,0]\"\n\t\t\tdata-paddingbottom=\"[0,0,0,0]\"\n\t\t\tdata-paddingleft=\"[0,0,0,0]\"\n\n\t\t\tstyle=\"z-index: 8;\"><img src=\"https:\/\/webmister.pro\/wp-content\/uploads\/2016\/03\/3-6.png\" alt=\"Infografika\" data-ww=\"236px\" data-hh=\"89px\" width=\"932\" height=\"351\" data-no-retina> <\/div>\n\n\t\t<!-- LAYER NR. 5 -->\n\t\t<div class=\"tp-caption   tp-resizeme\" \n\t\t\t id=\"slide-45-layer-49\" \n\t\t\t data-x=\"506\" \n\t\t\t data-y=\"260\" \n\t\t\t\t\t\tdata-width=\"['none','none','none','none']\"\n\t\t\tdata-height=\"['none','none','none','none']\"\n \n\t\t\tdata-type=\"image\" \n\t\t\tdata-responsive_offset=\"on\" \n\n\t\t\tdata-frames='[{\"delay\":5980,\"speed\":770,\"frame\":\"0\",\"from\":\"x:[-175%];y:0px;z:0;rX:0;rY:0;rZ:0;sX:1;sY:1;skX:0;skY:0;opacity:1;\",\"mask\":\"x:[100%];y:0;s:inherit;e:inherit;\",\"to\":\"o:1;\",\"ease\":\"Power3.easeOut\"},{\"delay\":\"wait\",\"speed\":300,\"frame\":\"999\",\"to\":\"opacity:0;\",\"ease\":\"nothing\"}]'\n\t\t\tdata-textAlign=\"['left','left','left','left']\"\n\t\t\tdata-paddingtop=\"[0,0,0,0]\"\n\t\t\tdata-paddingright=\"[0,0,0,0]\"\n\t\t\tdata-paddingbottom=\"[0,0,0,0]\"\n\t\t\tdata-paddingleft=\"[0,0,0,0]\"\n\n\t\t\tstyle=\"z-index: 9;\"><img src=\"https:\/\/webmister.pro\/wp-content\/uploads\/2016\/03\/Learnnovators_Infographics_Elearning_4.png\" alt=\"Infografika\" data-ww=\"131px\" data-hh=\"73px\" width=\"384\" height=\"213\" data-no-retina> <\/div>\n\n\t\t<!-- LAYER NR. 6 -->\n\t\t<div class=\"tp-caption   tp-resizeme\" \n\t\t\t id=\"slide-45-layer-50\" \n\t\t\t data-x=\"511\" \n\t\t\t data-y=\"214\" \n\t\t\t\t\t\tdata-width=\"['none','none','none','none']\"\n\t\t\tdata-height=\"['none','none','none','none']\"\n \n\t\t\tdata-type=\"image\" \n\t\t\tdata-responsive_offset=\"on\" \n\n\t\t\tdata-frames='[{\"delay\":6150,\"speed\":680,\"frame\":\"0\",\"from\":\"x:[175%];y:0px;z:0;rX:0;rY:0;rZ:0;sX:1;sY:1;skX:0;skY:0;opacity:1;\",\"mask\":\"x:[-100%];y:0;s:inherit;e:inherit;\",\"to\":\"o:1;\",\"ease\":\"Power3.easeOut\"},{\"delay\":\"wait\",\"speed\":300,\"frame\":\"999\",\"to\":\"opacity:0;\",\"ease\":\"nothing\"}]'\n\t\t\tdata-textAlign=\"['left','left','left','left']\"\n\t\t\tdata-paddingtop=\"[0,0,0,0]\"\n\t\t\tdata-paddingright=\"[0,0,0,0]\"\n\t\t\tdata-paddingbottom=\"[0,0,0,0]\"\n\t\t\tdata-paddingleft=\"[0,0,0,0]\"\n\n\t\t\tstyle=\"z-index: 10;\"><img src=\"https:\/\/webmister.pro\/wp-content\/uploads\/2016\/03\/4-5.png\" alt=\"Infografika\" data-ww=\"117px\" data-hh=\"55px\" width=\"423\" height=\"198\" data-no-retina> <\/div>\n\t<\/li>\n\t<!-- SLIDE  -->\n\t<li data-index=\"rs-45-1\" data-transition=\"fade\" data-slotamount=\"default\" data-hideafterloop=\"0\" data-hideslideonmobile=\"off\"  data-easein=\"default\" data-easeout=\"default\" data-masterspeed=\"300\"  data-rotate=\"0\"  data-saveperformance=\"off\"  data-title=\"Slide\" data-param1=\"\" data-param2=\"\" data-param3=\"\" data-param4=\"\" data-param5=\"\" data-param6=\"\" data-param7=\"\" data-param8=\"\" data-param9=\"\" data-param10=\"\" data-description=\"\">\n\t\t<!-- MAIN IMAGE -->\n\t\t<img src=\"https:\/\/webmister.pro\/wp-content\/uploads\/2016\/03\/slide3.jpg\"  alt=\"Infografika\" title=\"slide3\"  width=\"1600\" height=\"900\" data-bgposition=\"center center\" data-bgfit=\"cover\" data-bgrepeat=\"no-repeat\" class=\"rev-slidebg\" data-no-retina>\n\t\t<!-- LAYERS -->\n\n\t\t<!-- LAYER NR. 7 -->\n\t\t<div class=\"tp-caption   tp-resizeme\" \n\t\t\t id=\"slide-451-layer-1\" \n\t\t\t data-x=\"34\" \n\t\t\t data-y=\"242\" \n\t\t\t\t\t\tdata-width=\"['auto']\"\n\t\t\tdata-height=\"['auto']\"\n \n\t\t\tdata-type=\"text\" \n\t\t\tdata-responsive_offset=\"on\" \n\n\t\t\tdata-frames='[{\"delay\":0,\"speed\":2000,\"frame\":\"0\",\"from\":\"y:[100%];z:0;rX:0deg;rY:0;rZ:0;sX:1;sY:1;skX:0;skY:0;opacity:0;\",\"to\":\"o:1;\",\"ease\":\"Power4.easeInOut\"},{\"delay\":\"wait\",\"speed\":300,\"frame\":\"999\",\"to\":\"opacity:0;\",\"ease\":\"nothing\"}]'\n\t\t\tdata-textAlign=\"['left','left','left','left']\"\n\t\t\tdata-paddingtop=\"[0,0,0,0]\"\n\t\t\tdata-paddingright=\"[0,0,0,0]\"\n\t\t\tdata-paddingbottom=\"[0,0,0,0]\"\n\t\t\tdata-paddingleft=\"[0,0,0,0]\"\n\n\t\t\tstyle=\"z-index: 5; white-space: nowrap; font-size: 50px; line-height: 55px; font-weight: 100; color: rgba(255,255,255,1);font-family:Roboto;\">INFOGRAFIKA <\/div>\n\n\t\t<!-- LAYER NR. 8 -->\n\t\t<div class=\"tp-caption   tp-resizeme\" \n\t\t\t id=\"slide-451-layer-45\" \n\t\t\t data-x=\"903\" \n\t\t\t data-y=\"132\" \n\t\t\t\t\t\tdata-width=\"['none','none','none','none']\"\n\t\t\tdata-height=\"['none','none','none','none']\"\n \n\t\t\tdata-type=\"image\" \n\t\t\tdata-responsive_offset=\"on\" \n\n\t\t\tdata-frames='[{\"delay\":2040,\"speed\":1350,\"frame\":\"0\",\"from\":\"y:[100%];z:0;rX:0deg;rY:0;rZ:0;sX:1;sY:1;skX:0;skY:0;opacity:0;\",\"mask\":\"x:0px;y:[100%];s:inherit;e:inherit;\",\"to\":\"o:1;\",\"ease\":\"Power2.easeInOut\"},{\"delay\":\"wait\",\"speed\":300,\"frame\":\"999\",\"to\":\"opacity:0;\",\"ease\":\"nothing\"}]'\n\t\t\tdata-textAlign=\"['left','left','left','left']\"\n\t\t\tdata-paddingtop=\"[0,0,0,0]\"\n\t\t\tdata-paddingright=\"[0,0,0,0]\"\n\t\t\tdata-paddingbottom=\"[0,0,0,0]\"\n\t\t\tdata-paddingleft=\"[0,0,0,0]\"\n\n\t\t\tstyle=\"z-index: 6;\"><img src=\"https:\/\/webmister.pro\/wp-content\/uploads\/2016\/03\/Infographic.jpg\" alt=\"Infografika\" data-ww=\"398px\" data-hh=\"398px\" width=\"600\" height=\"600\" data-no-retina> <\/div>\n\n\t\t<!-- LAYER NR. 9 -->\n\t\t<div class=\"tp-caption   tp-resizeme\" \n\t\t\t id=\"slide-451-layer-46\" \n\t\t\t data-x=\"629\" \n\t\t\t data-y=\"104\" \n\t\t\t\t\t\tdata-width=\"['none','none','none','none']\"\n\t\t\tdata-height=\"['none','none','none','none']\"\n \n\t\t\tdata-type=\"image\" \n\t\t\tdata-responsive_offset=\"on\" \n\n\t\t\tdata-frames='[{\"delay\":3300,\"speed\":1530,\"frame\":\"0\",\"from\":\"x:{-250,250};y:{-150,150};rX:{-90,90};rY:{-90,90};rZ:{-360,360};sX:0;sY:0;opacity:0;\",\"to\":\"o:1;\",\"ease\":\"Power2.easeInOut\"},{\"delay\":\"wait\",\"speed\":300,\"frame\":\"999\",\"to\":\"opacity:0;\",\"ease\":\"nothing\"}]'\n\t\t\tdata-textAlign=\"['left','left','left','left']\"\n\t\t\tdata-paddingtop=\"[0,0,0,0]\"\n\t\t\tdata-paddingright=\"[0,0,0,0]\"\n\t\t\tdata-paddingbottom=\"[0,0,0,0]\"\n\t\t\tdata-paddingleft=\"[0,0,0,0]\"\n\n\t\t\tstyle=\"z-index: 7;\"><img src=\"https:\/\/webmister.pro\/wp-content\/uploads\/2016\/03\/1-7.png\" alt=\"Infografika\" data-ww=\"337px\" data-hh=\"357px\" width=\"568\" height=\"600\" data-no-retina> <\/div>\n\n\t\t<!-- LAYER NR. 10 -->\n\t\t<div class=\"tp-caption   tp-resizeme\" \n\t\t\t id=\"slide-451-layer-48\" \n\t\t\t data-x=\"417\" \n\t\t\t data-y=\"348\" \n\t\t\t\t\t\tdata-width=\"['none','none','none','none']\"\n\t\t\tdata-height=\"['none','none','none','none']\"\n \n\t\t\tdata-type=\"image\" \n\t\t\tdata-responsive_offset=\"on\" \n\n\t\t\tdata-frames='[{\"delay\":5010,\"speed\":820,\"frame\":\"0\",\"from\":\"y:[100%];z:0;rX:0deg;rY:0;rZ:0;sX:1;sY:1;skX:0;skY:0;opacity:0;\",\"mask\":\"x:0px;y:[100%];s:inherit;e:inherit;\",\"to\":\"o:1;\",\"ease\":\"Power2.easeInOut\"},{\"delay\":\"wait\",\"speed\":300,\"frame\":\"999\",\"to\":\"opacity:0;\",\"ease\":\"nothing\"}]'\n\t\t\tdata-textAlign=\"['left','left','left','left']\"\n\t\t\tdata-paddingtop=\"[0,0,0,0]\"\n\t\t\tdata-paddingright=\"[0,0,0,0]\"\n\t\t\tdata-paddingbottom=\"[0,0,0,0]\"\n\t\t\tdata-paddingleft=\"[0,0,0,0]\"\n\n\t\t\tstyle=\"z-index: 8;\"><img src=\"https:\/\/webmister.pro\/wp-content\/uploads\/2016\/03\/3-6.png\" alt=\"Infografika\" data-ww=\"236px\" data-hh=\"89px\" width=\"932\" height=\"351\" data-no-retina> <\/div>\n\n\t\t<!-- LAYER NR. 11 -->\n\t\t<div class=\"tp-caption   tp-resizeme\" \n\t\t\t id=\"slide-451-layer-49\" \n\t\t\t data-x=\"506\" \n\t\t\t data-y=\"260\" \n\t\t\t\t\t\tdata-width=\"['none','none','none','none']\"\n\t\t\tdata-height=\"['none','none','none','none']\"\n \n\t\t\tdata-type=\"image\" \n\t\t\tdata-responsive_offset=\"on\" \n\n\t\t\tdata-frames='[{\"delay\":5980,\"speed\":770,\"frame\":\"0\",\"from\":\"x:[-175%];y:0px;z:0;rX:0;rY:0;rZ:0;sX:1;sY:1;skX:0;skY:0;opacity:1;\",\"mask\":\"x:[100%];y:0;s:inherit;e:inherit;\",\"to\":\"o:1;\",\"ease\":\"Power3.easeOut\"},{\"delay\":\"wait\",\"speed\":300,\"frame\":\"999\",\"to\":\"opacity:0;\",\"ease\":\"nothing\"}]'\n\t\t\tdata-textAlign=\"['left','left','left','left']\"\n\t\t\tdata-paddingtop=\"[0,0,0,0]\"\n\t\t\tdata-paddingright=\"[0,0,0,0]\"\n\t\t\tdata-paddingbottom=\"[0,0,0,0]\"\n\t\t\tdata-paddingleft=\"[0,0,0,0]\"\n\n\t\t\tstyle=\"z-index: 9;\"><img src=\"https:\/\/webmister.pro\/wp-content\/uploads\/2016\/03\/Learnnovators_Infographics_Elearning_4.png\" alt=\"Infografika\" data-ww=\"131px\" data-hh=\"73px\" width=\"384\" height=\"213\" data-no-retina> <\/div>\n\n\t\t<!-- LAYER NR. 12 -->\n\t\t<div class=\"tp-caption   tp-resizeme\" \n\t\t\t id=\"slide-451-layer-50\" \n\t\t\t data-x=\"511\" \n\t\t\t data-y=\"214\" \n\t\t\t\t\t\tdata-width=\"['none','none','none','none']\"\n\t\t\tdata-height=\"['none','none','none','none']\"\n \n\t\t\tdata-type=\"image\" \n\t\t\tdata-responsive_offset=\"on\" \n\n\t\t\tdata-frames='[{\"delay\":6150,\"speed\":680,\"frame\":\"0\",\"from\":\"x:[175%];y:0px;z:0;rX:0;rY:0;rZ:0;sX:1;sY:1;skX:0;skY:0;opacity:1;\",\"mask\":\"x:[-100%];y:0;s:inherit;e:inherit;\",\"to\":\"o:1;\",\"ease\":\"Power3.easeOut\"},{\"delay\":\"wait\",\"speed\":300,\"frame\":\"999\",\"to\":\"opacity:0;\",\"ease\":\"nothing\"}]'\n\t\t\tdata-textAlign=\"['left','left','left','left']\"\n\t\t\tdata-paddingtop=\"[0,0,0,0]\"\n\t\t\tdata-paddingright=\"[0,0,0,0]\"\n\t\t\tdata-paddingbottom=\"[0,0,0,0]\"\n\t\t\tdata-paddingleft=\"[0,0,0,0]\"\n\n\t\t\tstyle=\"z-index: 10;\"><img src=\"https:\/\/webmister.pro\/wp-content\/uploads\/2016\/03\/4-5.png\" alt=\"Infografika\" data-ww=\"117px\" data-hh=\"55px\" width=\"423\" height=\"198\" data-no-retina> <\/div>\n\t<\/li>\n<\/ul>\n<div class=\"tp-bannertimer tp-bottom\" style=\"visibility: hidden !important;\"><\/div>\t<\/div>\n<script>var htmlDiv = document.getElementById(\"rs-plugin-settings-inline-css\"); var htmlDivCss=\"\";\n\t\t\t\tif(htmlDiv) {\n\t\t\t\t\thtmlDiv.innerHTML = htmlDiv.innerHTML + htmlDivCss;\n\t\t\t\t}else{\n\t\t\t\t\tvar htmlDiv = document.createElement(\"div\");\n\t\t\t\t\thtmlDiv.innerHTML = \"<style>\" + htmlDivCss + \"<\/style>\";\n\t\t\t\t\tdocument.getElementsByTagName(\"head\")[0].appendChild(htmlDiv.childNodes[0]);\n\t\t\t\t}\n\t\t\t<\/script>\n\t\t<script type=\"text\/javascript\">\nif (setREVStartSize!==undefined) setREVStartSize(\n\t{c: '#rev_slider_32_1', gridwidth: [1240], gridheight: [450], sliderLayout: 'fullwidth'});\n\t\t\t\nvar revapi32,\n\ttpj;\t\n(function() {\t\t\t\n\tif (!\/loaded|interactive|complete\/.test(document.readyState)) document.addEventListener(\"DOMContentLoaded\",onLoad); else onLoad();\t\n\tfunction onLoad() {\t\t\t\t\n\t\tif (tpj===undefined) { tpj = jQuery; if(\"off\" == \"on\") tpj.noConflict();}\n\tif(tpj(\"#rev_slider_32_1\").revolution == undefined){\n\t\trevslider_showDoubleJqueryError(\"#rev_slider_32_1\");\n\t}else{\n\t\trevapi32 = tpj(\"#rev_slider_32_1\").show().revolution({\n\t\t\tsliderType:\"standard\",\n\t\t\tjsFileLocation:\"\/\/webmister.pro\/wp-content\/plugins\/revslider\/public\/assets\/js\/\",\n\t\t\tsliderLayout:\"fullwidth\",\n\t\t\tdottedOverlay:\"none\",\n\t\t\tdelay:9000,\n\t\t\tnavigation: {\n\t\t\t\tonHoverStop:\"off\",\n\t\t\t},\n\t\t\tvisibilityLevels:[1240,1024,778,480],\n\t\t\tgridwidth:1240,\n\t\t\tgridheight:450,\n\t\t\tlazyType:\"none\",\n\t\t\tshadow:0,\n\t\t\tspinner:\"spinner4\",\n\t\t\tstopLoop:\"off\",\n\t\t\tstopAfterLoops:-1,\n\t\t\tstopAtSlide:-1,\n\t\t\tshuffle:\"off\",\n\t\t\tautoHeight:\"off\",\n\t\t\tdisableProgressBar:\"on\",\n\t\t\thideThumbsOnMobile:\"off\",\n\t\t\thideSliderAtLimit:0,\n\t\t\thideCaptionAtLimit:0,\n\t\t\thideAllCaptionAtLilmit:0,\n\t\t\tdebugMode:false,\n\t\t\tfallbacks: {\n\t\t\t\tsimplifyAll:\"off\",\n\t\t\t\tnextSlideOnWindowFocus:\"off\",\n\t\t\t\tdisableFocusListener:false,\n\t\t\t}\n\t\t});\n\t}; \/* END OF revapi call *\/\n\t\n }; \/* END OF ON LOAD FUNCTION *\/\n}()); \/* END OF WRAPPING FUNCTION *\/\n<\/script>\n\t\t<script>\n\t\t\t\t\tvar htmlDivCss = '\t#rev_slider_32_1_wrapper .tp-loader.spinner4 div { background-color: #FFFFFF !important; } ';\n\t\t\t\t\tvar htmlDiv = document.getElementById('rs-plugin-settings-inline-css');\n\t\t\t\t\tif(htmlDiv) {\n\t\t\t\t\t\thtmlDiv.innerHTML = htmlDiv.innerHTML + htmlDivCss;\n\t\t\t\t\t}\n\t\t\t\t\telse{\n\t\t\t\t\t\tvar htmlDiv = document.createElement('div');\n\t\t\t\t\t\thtmlDiv.innerHTML = '<style>' + htmlDivCss + '<\/style>';\n\t\t\t\t\t\tdocument.getElementsByTagName('head')[0].appendChild(htmlDiv.childNodes[0]);\n\t\t\t\t\t}\n\t\t\t\t\t<\/script>\n\t\t\t\t\t<\/div><!-- END REVOLUTION SLIDER -->[\/vc_column][\/vc_row][vc_row css=&#8220;.vc_custom_1458328818806{padding-top: 70px !important;}&#8220;][vc_column][vc_column_text animation=&#8220;flip-x&#8220;]\n<p style=\"text-align: justify;\">Infografika je vizu\u00e1ln\u00ed grafick\u00e9 zn\u00e1zorn\u011bn\u00ed n\u011bjak\u00fdch, na prvn\u00ed pohled pot\u0159ebn\u00fdch, ale t\u011b\u017ek\u00fdch pro vn\u00edm\u00e1n\u00ed \u010d\u00edsel a fakt\u016f.<\/p>\n<p style=\"text-align: justify;\">Pomoc\u00ed infografiky m\u016f\u017eete: pov\u011bd\u011bt, \u010d\u00edm se zab\u00fdv\u00e1 va\u0161e firma, sezn\u00e1mit s provozem va\u0161ich webov\u00fdch str\u00e1nek, p\u0159ipravit zpr\u00e1vu o vykonan\u00e9 pr\u00e1ci, zobrazit historii va\u0161\u00ed spole\u010dnosti, vytvo\u0159it stru\u010dn\u00fd n\u00e1vod k tomu, t\u0159eba, jak spr\u00e1vn\u011b rezervovat letenky na va\u0161ich webov\u00fdch str\u00e1nk\u00e1ch a mnoho dal\u0161\u00edho, v\u0161e, co se pom\u016f\u017ee va\u0161emu podnik\u00e1n\u00ed rozv\u00edjet.<\/p>\n[\/vc_column_text][mk_fancy_title tag_name=&#8220;h3&#8243; color=&#8220;#ffffff&#8220; size=&#8220;48&#8243; font_weight=&#8220;100&#8243; txt_transform=&#8220;uppercase&#8220; margin_top=&#8220;70&#8243; font_family=&#8220;none&#8220; align=&#8220;center&#8220; animation=&#8220;scale-up&#8220;]CO TO V\u00c1M D\u00c1V\u00c1?[\/mk_fancy_title][vc_column_text animation=&#8220;flip-x&#8220;]\n<p style=\"text-align: justify;\"><strong>Pokrokovost<\/strong>. Jak vid\u00edte, &#8222;t\u00e9ma&#8220; je to nov\u00e1 a velmi zaj\u00edmav\u00e1. Proto, vyu\u017eiv infografiku, m\u016f\u017eete si pova\u017eovat za opravdu progresivn\u00edho \u010dlov\u011bka.<\/p>\n<p style=\"text-align: justify;\"><strong>Jednoduchost vn\u00edm\u00e1n\u00ed<\/strong>. P\u0159esn\u011bji \u0159e\u010deno, pro tento \u00fa\u010del i byla vytvo\u0159ena infografika. Pro to, aby zobrazovat komplexn\u00ed materi\u00e1l graficky. V\u017edyt\u2019 nen\u00ed \u017e\u00e1dn\u00fdm tajemstv\u00edm, \u017ee ka\u017ed\u00fd \u010dlov\u011bk m\u00e1 r\u016fznou pam\u011bt\u2019. Infografika v tomto ohledu p\u016fsob\u00ed jako jak\u00fdsi univerz\u00e1ln\u00ed n\u00e1stroj pro tyto \u010dinnosti.<\/p>\n<p style=\"text-align: justify;\"><strong>Srozumitelnost<\/strong><strong> a stru\u010dnost<\/strong>. Infografika nezab\u00edr\u00e1 stovky str\u00e1nek v knize. To je n\u011bjak\u00e9 &#8222;shrnut\u00ed&#8220; fakt\u016f a n\u00e1stroj\u016f, jak se \u0159\u00edk\u00e1, &#8222;bez vody&#8220;, kter\u00e9 mnoz\u00ed maj\u00ed velmi r\u00e1di. T\u00edm v\u00edce, d\u00edky grafick\u00fdm prvk\u016fm, v infografice v\u0161echno je ud\u011blano stru\u010dn\u011b a maxim\u00e1ln\u011b srozumiteln\u011b.<\/p>\n[\/vc_column_text]<div class=\"ult-animation  ult-animate-viewport  ult-no-mobile  vc_custom_1458328847877\" data-animate=\"bounceIn\" data-animation-delay=\"0\" data-animation-duration=\"3\" data-animation-iteration=\"1\" style=\"opacity:0;\" data-opacity_start_effect=\"\">[mk_pricing_table style=&#8220;monocolor&#8220; order=&#8220;ASC&#8220; tables=&#8220;2770, 2768, 2766, 2764&#8243;][\/mk_pricing_table]<\/div>[\/vc_column][\/vc_row][mk_page_section bg_color=&#8220;#232323&#8243; sidebar=&#8220;sidebar-1&#8243;][vc_column css=&#8220;.vc_custom_1458463526207{padding-top: 70px !important;}&#8220;][vc_column_text]\n<h3 style=\"text-align: center;\">CHCETE SI OBJEDNAT INFOGRAFIKU?<\/h3>\n<h2 style=\"text-align: center;\">VYZKOU\u0160EJTE NEBO NAPLN\u011aTE N\u00c1SLEDNOU FORMU!<\/h2>\n[\/vc_column_text][vc_row_inner css=&#8220;.vc_custom_1458463538007{padding-top: 35px !important;padding-bottom: 70px !important;}&#8220;][vc_column_inner width=&#8220;1\/2&#8243;]<div role=\"form\" class=\"wpcf7\" id=\"wpcf7-f3980-o1\" lang=\"ru-RU\" dir=\"ltr\">\n<div class=\"screen-reader-response\"><p role=\"status\" aria-live=\"polite\" aria-atomic=\"true\"><\/p> <ul><\/ul><\/div>\n<form action=\"\/cz\/wp-json\/wp\/v2\/pages\/3497#wpcf7-f3980-o1\" method=\"post\" class=\"wpcf7-form init\" novalidate=\"novalidate\" data-status=\"init\">\n<div style=\"display: none;\">\n<input type=\"hidden\" name=\"_wpcf7\" value=\"3980\" \/>\n<input type=\"hidden\" name=\"_wpcf7_version\" value=\"5.5.2\" \/>\n<input type=\"hidden\" name=\"_wpcf7_locale\" value=\"ru_RU\" \/>\n<input type=\"hidden\" name=\"_wpcf7_unit_tag\" value=\"wpcf7-f3980-o1\" \/>\n<input type=\"hidden\" name=\"_wpcf7_container_post\" value=\"0\" \/>\n<input type=\"hidden\" name=\"_wpcf7_posted_data_hash\" value=\"\" \/>\n<\/div>\n<p>Typ zaj\u00edmav\u00e9ho infogramu:<br \/>\n    <span class=\"wpcf7-form-control-wrap radio-601\"><span class=\"wpcf7-form-control wpcf7-radio\"><span class=\"wpcf7-list-item first\"><input type=\"radio\" name=\"radio-601\" value=\"Simple\" checked=\"checked\" \/><span class=\"wpcf7-list-item-label\">Simple<\/span><\/span><span class=\"wpcf7-list-item\"><input type=\"radio\" name=\"radio-601\" value=\"Standart\" \/><span class=\"wpcf7-list-item-label\">Standart<\/span><\/span><span class=\"wpcf7-list-item\"><input type=\"radio\" name=\"radio-601\" value=\"Standart+\" \/><span class=\"wpcf7-list-item-label\">Standart+<\/span><\/span><span class=\"wpcf7-list-item last\"><input type=\"radio\" name=\"radio-601\" value=\"PRO\" \/><span class=\"wpcf7-list-item-label\">PRO<\/span><\/span><\/span><\/span> <\/p>\n<p><span class=\"wpcf7-form-control-wrap your-name\"><input type=\"text\" name=\"your-name\" value=\"\" size=\"40\" class=\"wpcf7-form-control wpcf7-text wpcf7-validates-as-required\" aria-required=\"true\" aria-invalid=\"false\" placeholder=\"Jm\u00e9no *\" \/><\/span> <\/p>\n<p><span class=\"wpcf7-form-control-wrap your-email\"><input type=\"email\" name=\"your-email\" value=\"\" size=\"40\" class=\"wpcf7-form-control wpcf7-text wpcf7-email wpcf7-validates-as-required wpcf7-validates-as-email\" aria-required=\"true\" aria-invalid=\"false\" placeholder=\"Email *\" \/><\/span><\/p>\n<p><span class=\"wpcf7-form-control-wrap your-message\"><textarea name=\"your-message\" cols=\"40\" rows=\"10\" class=\"wpcf7-form-control wpcf7-textarea\" aria-invalid=\"false\" placeholder=\"Zpr\u00e1va\"><\/textarea><\/span> <\/p>\n<div class=\"webmister-box-agree\"><span class=\"wpcf7-form-control-wrap agree\"><span class=\"wpcf7-form-control wpcf7-acceptance invert\"><span class=\"wpcf7-list-item\"><input type=\"checkbox\" name=\"agree\" value=\"1\" aria-invalid=\"false\" checked=\"checked\" class=\"webmister-agree\" \/><\/span><\/span><\/span><\/div>\n<div class=\"webmister-submit\"><input type=\"submit\" value=\"Poslat\" class=\"wpcf7-form-control has-spinner wpcf7-submit\" \/><\/div>\n<div class=\"wpcf7-response-output\" aria-hidden=\"true\"><\/div><\/form><\/div>[\/vc_column_inner][vc_column_inner width=&#8220;1\/2&#8243;]<div class=\"ult-animation  ult-animate-viewport  ult-no-mobile \" data-animate=\"infinite InfiniteBounce\" data-animation-delay=\"0\" data-animation-duration=\"3\" data-animation-iteration=\"infinite\" style=\"opacity:0;\" data-opacity_start_effect=\"\">[vc_column_text align=&#8220;center&#8220;]<img loading=\"lazy\" class=\"size-full wp-image-1261 aligncenter\" src=\"https:\/\/webmister.pro\/wp-content\/uploads\/2016\/03\/book2.png\" alt=\"book2\" width=\"441\" height=\"500\" srcset=\"https:\/\/webmister.pro\/wp-content\/uploads\/2016\/03\/book2.png 441w, https:\/\/webmister.pro\/wp-content\/uploads\/2016\/03\/book2-265x300.png 265w, https:\/\/webmister.pro\/wp-content\/uploads\/2016\/03\/book2-229x260.png 229w\" sizes=\"(max-width: 441px) 100vw, 441px\" \/>[\/vc_column_text]<\/div>[\/vc_column_inner][\/vc_row_inner][\/vc_column][\/mk_page_section]\n","protected":false},"excerpt":{"rendered":"<p>[vc_row][vc_column][\/vc_column][\/vc_row][vc_row css=&#8220;.vc_custom_1458328818806{padding-top: 70px !important;}&#8220;][vc_column][vc_column_text animation=&#8220;flip-x&#8220;] Infografika je vizu\u00e1ln\u00ed grafick\u00e9 zn\u00e1zorn\u011bn\u00ed n\u011bjak\u00fdch, na prvn\u00ed pohled pot\u0159ebn\u00fdch, ale t\u011b\u017ek\u00fdch pro vn\u00edm\u00e1n\u00ed \u010d\u00edsel a fakt\u016f. Pomoc\u00ed infografiky m\u016f\u017eete: pov\u011bd\u011bt, \u010d\u00edm se zab\u00fdv\u00e1 va\u0161e firma, sezn\u00e1mit s provozem va\u0161ich webov\u00fdch str\u00e1nek, p\u0159ipravit zpr\u00e1vu o vykonan\u00e9 pr\u00e1ci, zobrazit historii va\u0161\u00ed spole\u010dnosti, vytvo\u0159it stru\u010dn\u00fd n\u00e1vod k tomu, t\u0159eba, jak spr\u00e1vn\u011b rezervovat [&hellip;]<\/p>\n","protected":false},"author":1,"featured_media":0,"parent":0,"menu_order":0,"comment_status":"closed","ping_status":"closed","template":"","meta":[],"_links":{"self":[{"href":"https:\/\/webmister.pro\/cz\/wp-json\/wp\/v2\/pages\/3497"}],"collection":[{"href":"https:\/\/webmister.pro\/cz\/wp-json\/wp\/v2\/pages"}],"about":[{"href":"https:\/\/webmister.pro\/cz\/wp-json\/wp\/v2\/types\/page"}],"author":[{"embeddable":true,"href":"https:\/\/webmister.pro\/cz\/wp-json\/wp\/v2\/users\/1"}],"replies":[{"embeddable":true,"href":"https:\/\/webmister.pro\/cz\/wp-json\/wp\/v2\/comments?post=3497"}],"version-history":[{"count":0,"href":"https:\/\/webmister.pro\/cz\/wp-json\/wp\/v2\/pages\/3497\/revisions"}],"wp:attachment":[{"href":"https:\/\/webmister.pro\/cz\/wp-json\/wp\/v2\/media?parent=3497"}],"curies":[{"name":"wp","href":"https:\/\/api.w.org\/{rel}","templated":true}]}}