{"id":3490,"date":"2016-02-26T00:36:08","date_gmt":"2016-02-25T21:36:08","guid":{"rendered":"https:\/\/webmister.pro\/site-design\/"},"modified":"2017-06-28T19:33:03","modified_gmt":"2017-06-28T16:33:03","slug":"site-design","status":"publish","type":"page","link":"https:\/\/webmister.pro\/cz\/site-design\/","title":{"rendered":"Design webov\u00fdch str\u00e1nek"},"content":{"rendered":"[vc_row][vc_column]<link href=\"https:\/\/fonts.googleapis.com\/css?family=Roboto:100\" rel=\"stylesheet\" property=\"stylesheet\" type=\"text\/css\" media=\"all\">\n<div id=\"rev_slider_31_1_wrapper\" class=\"rev_slider_wrapper fullwidthbanner-container\" data-source=\"gallery\" style=\"margin:0px auto;background:transparent;padding:0px;margin-top:0px;margin-bottom:0px;\">\n<!-- START REVOLUTION SLIDER 5.4.7.2 fullwidth mode -->\n\t<div id=\"rev_slider_31_1\" class=\"rev_slider fullwidthabanner\" style=\"display:none;\" data-version=\"5.4.7.2\">\n<ul>\t<!-- SLIDE  -->\n\t<li data-index=\"rs-44\" data-transition=\"fade\" data-slotamount=\"default\" data-hideafterloop=\"0\" data-hideslideonmobile=\"off\"  data-easein=\"default\" data-easeout=\"default\" data-masterspeed=\"300\"  data-rotate=\"0\"  data-saveperformance=\"off\"  data-title=\"Slide\" data-param1=\"\" data-param2=\"\" data-param3=\"\" data-param4=\"\" data-param5=\"\" data-param6=\"\" data-param7=\"\" data-param8=\"\" data-param9=\"\" data-param10=\"\" data-description=\"\">\n\t\t<!-- MAIN IMAGE -->\n\t\t<img src=\"https:\/\/webmister.pro\/wp-content\/uploads\/2016\/03\/slide3.jpg\"  alt=\"Design webov\u00fdch str\u00e1nek\" title=\"slide3\"  width=\"1600\" height=\"900\" data-bgposition=\"center center\" data-bgfit=\"cover\" data-bgrepeat=\"no-repeat\" class=\"rev-slidebg\" data-no-retina>\n\t\t<!-- LAYERS -->\n\n\t\t<!-- LAYER NR. 1 -->\n\t\t<div class=\"tp-caption   tp-resizeme\" \n\t\t\t id=\"slide-44-layer-1\" \n\t\t\t data-x=\"202\" \n\t\t\t data-y=\"133\" \n\t\t\t\t\t\tdata-width=\"['auto']\"\n\t\t\tdata-height=\"['auto']\"\n \n\t\t\tdata-type=\"text\" \n\t\t\tdata-responsive_offset=\"on\" \n\n\t\t\tdata-frames='[{\"delay\":30,\"speed\":2000,\"frame\":\"0\",\"from\":\"y:[100%];z:0;rX:0deg;rY:0;rZ:0;sX:1;sY:1;skX:0;skY:0;opacity:0;\",\"to\":\"o:1;\",\"ease\":\"Power4.easeInOut\"},{\"delay\":\"wait\",\"speed\":300,\"frame\":\"999\",\"to\":\"opacity:0;\",\"ease\":\"nothing\"}]'\n\t\t\tdata-textAlign=\"['left','left','left','left']\"\n\t\t\tdata-paddingtop=\"[0,0,0,0]\"\n\t\t\tdata-paddingright=\"[0,0,0,0]\"\n\t\t\tdata-paddingbottom=\"[0,0,0,0]\"\n\t\t\tdata-paddingleft=\"[0,0,0,0]\"\n\n\t\t\tstyle=\"z-index: 5; white-space: nowrap; font-size: 50px; line-height: 55px; font-weight: 100; color: rgba(255,255,255,1);font-family:Roboto;\">DESIGN WEBOV\u00ddCH STR\u00c1NEK <\/div>\n\n\t\t<!-- LAYER NR. 2 -->\n\t\t<div class=\"tp-caption   tp-resizeme\" \n\t\t\t id=\"slide-44-layer-41\" \n\t\t\t data-x=\"-773\" \n\t\t\t data-y=\"-72\" \n\t\t\t\t\t\tdata-width=\"['none','none','none','none']\"\n\t\t\tdata-height=\"['none','none','none','none']\"\n \n\t\t\tdata-type=\"image\" \n\t\t\tdata-responsive_offset=\"on\" \n\n\t\t\tdata-frames='[{\"delay\":4160,\"speed\":1820,\"frame\":\"0\",\"from\":\"y:-50px;opacity:0;\",\"to\":\"o:1;rZ:180;\",\"ease\":\"Power3.easeInOut\"},{\"delay\":\"wait\",\"speed\":300,\"frame\":\"999\",\"to\":\"opacity:0;\",\"ease\":\"nothing\"}]'\n\t\t\tdata-textAlign=\"['left','left','left','left']\"\n\t\t\tdata-paddingtop=\"[0,0,0,0]\"\n\t\t\tdata-paddingright=\"[0,0,0,0]\"\n\t\t\tdata-paddingbottom=\"[0,0,0,0]\"\n\t\t\tdata-paddingleft=\"[0,0,0,0]\"\n\n\t\t\tstyle=\"z-index: 6;\"><img src=\"https:\/\/webmister.pro\/wp-content\/uploads\/2016\/03\/1-6.png\" alt=\"Design webov\u00fdch str\u00e1nek\" data-ww=\"1062px\" data-hh=\"336px\" width=\"1062\" height=\"336\" data-no-retina> <\/div>\n\n\t\t<!-- LAYER NR. 3 -->\n\t\t<div class=\"tp-caption   tp-resizeme\" \n\t\t\t id=\"slide-44-layer-44\" \n\t\t\t data-x=\"7\" \n\t\t\t data-y=\"-175\" \n\t\t\t\t\t\tdata-width=\"['none','none','none','none']\"\n\t\t\tdata-height=\"['none','none','none','none']\"\n \n\t\t\tdata-type=\"image\" \n\t\t\tdata-responsive_offset=\"on\" \n\n\t\t\tdata-frames='[{\"delay\":2500,\"speed\":1000,\"frame\":\"0\",\"from\":\"z:0;rX:0deg;rY:0;rZ:0;sX:2;sY:2;skX:0;skY:0;opacity:0;\",\"mask\":\"x:0px;y:0px;s:inherit;e:inherit;\",\"to\":\"o:1;\",\"ease\":\"Power2.easeOut\"},{\"delay\":\"wait\",\"speed\":300,\"frame\":\"999\",\"to\":\"opacity:0;\",\"ease\":\"nothing\"}]'\n\t\t\tdata-textAlign=\"['left','left','left','left']\"\n\t\t\tdata-paddingtop=\"[0,0,0,0]\"\n\t\t\tdata-paddingright=\"[0,0,0,0]\"\n\t\t\tdata-paddingbottom=\"[0,0,0,0]\"\n\t\t\tdata-paddingleft=\"[0,0,0,0]\"\n\n\t\t\tstyle=\"z-index: 7;\"><img src=\"https:\/\/webmister.pro\/wp-content\/uploads\/2016\/03\/bloc1.png\" alt=\"Design webov\u00fdch str\u00e1nek\" data-ww=\"1294px\" data-hh=\"621px\" width=\"1294\" height=\"621\" data-no-retina> <\/div>\n\t<\/li>\n\t<!-- SLIDE  -->\n\t<li data-index=\"rs-44-1\" data-transition=\"fade\" data-slotamount=\"default\" data-hideafterloop=\"0\" data-hideslideonmobile=\"off\"  data-easein=\"default\" data-easeout=\"default\" data-masterspeed=\"300\"  data-rotate=\"0\"  data-saveperformance=\"off\"  data-title=\"Slide\" data-param1=\"\" data-param2=\"\" data-param3=\"\" data-param4=\"\" data-param5=\"\" data-param6=\"\" data-param7=\"\" data-param8=\"\" data-param9=\"\" data-param10=\"\" data-description=\"\">\n\t\t<!-- MAIN IMAGE -->\n\t\t<img src=\"https:\/\/webmister.pro\/wp-content\/uploads\/2016\/03\/slide3.jpg\"  alt=\"Design webov\u00fdch str\u00e1nek\" title=\"slide3\"  width=\"1600\" height=\"900\" data-bgposition=\"center center\" data-bgfit=\"cover\" data-bgrepeat=\"no-repeat\" class=\"rev-slidebg\" data-no-retina>\n\t\t<!-- LAYERS -->\n\n\t\t<!-- LAYER NR. 4 -->\n\t\t<div class=\"tp-caption   tp-resizeme\" \n\t\t\t id=\"slide-441-layer-1\" \n\t\t\t data-x=\"202\" \n\t\t\t data-y=\"133\" \n\t\t\t\t\t\tdata-width=\"['auto']\"\n\t\t\tdata-height=\"['auto']\"\n \n\t\t\tdata-type=\"text\" \n\t\t\tdata-responsive_offset=\"on\" \n\n\t\t\tdata-frames='[{\"delay\":30,\"speed\":2000,\"frame\":\"0\",\"from\":\"y:[100%];z:0;rX:0deg;rY:0;rZ:0;sX:1;sY:1;skX:0;skY:0;opacity:0;\",\"to\":\"o:1;\",\"ease\":\"Power4.easeInOut\"},{\"delay\":\"wait\",\"speed\":300,\"frame\":\"999\",\"to\":\"opacity:0;\",\"ease\":\"nothing\"}]'\n\t\t\tdata-textAlign=\"['left','left','left','left']\"\n\t\t\tdata-paddingtop=\"[0,0,0,0]\"\n\t\t\tdata-paddingright=\"[0,0,0,0]\"\n\t\t\tdata-paddingbottom=\"[0,0,0,0]\"\n\t\t\tdata-paddingleft=\"[0,0,0,0]\"\n\n\t\t\tstyle=\"z-index: 5; white-space: nowrap; font-size: 50px; line-height: 55px; font-weight: 100; color: rgba(255,255,255,1);font-family:Roboto;\">DESIGN WEBOV\u00ddCH STR\u00c1NEK <\/div>\n\n\t\t<!-- LAYER NR. 5 -->\n\t\t<div class=\"tp-caption   tp-resizeme\" \n\t\t\t id=\"slide-441-layer-41\" \n\t\t\t data-x=\"-773\" \n\t\t\t data-y=\"-72\" \n\t\t\t\t\t\tdata-width=\"['none','none','none','none']\"\n\t\t\tdata-height=\"['none','none','none','none']\"\n \n\t\t\tdata-type=\"image\" \n\t\t\tdata-responsive_offset=\"on\" \n\n\t\t\tdata-frames='[{\"delay\":4160,\"speed\":1820,\"frame\":\"0\",\"from\":\"y:-50px;opacity:0;\",\"to\":\"o:1;rZ:180;\",\"ease\":\"Power3.easeInOut\"},{\"delay\":\"wait\",\"speed\":300,\"frame\":\"999\",\"to\":\"opacity:0;\",\"ease\":\"nothing\"}]'\n\t\t\tdata-textAlign=\"['left','left','left','left']\"\n\t\t\tdata-paddingtop=\"[0,0,0,0]\"\n\t\t\tdata-paddingright=\"[0,0,0,0]\"\n\t\t\tdata-paddingbottom=\"[0,0,0,0]\"\n\t\t\tdata-paddingleft=\"[0,0,0,0]\"\n\n\t\t\tstyle=\"z-index: 6;\"><img src=\"https:\/\/webmister.pro\/wp-content\/uploads\/2016\/03\/1-6.png\" alt=\"Design webov\u00fdch str\u00e1nek\" data-ww=\"1062px\" data-hh=\"336px\" width=\"1062\" height=\"336\" data-no-retina> <\/div>\n\n\t\t<!-- LAYER NR. 6 -->\n\t\t<div class=\"tp-caption   tp-resizeme\" \n\t\t\t id=\"slide-441-layer-44\" \n\t\t\t data-x=\"7\" \n\t\t\t data-y=\"-175\" \n\t\t\t\t\t\tdata-width=\"['none','none','none','none']\"\n\t\t\tdata-height=\"['none','none','none','none']\"\n \n\t\t\tdata-type=\"image\" \n\t\t\tdata-responsive_offset=\"on\" \n\n\t\t\tdata-frames='[{\"delay\":2500,\"speed\":1000,\"frame\":\"0\",\"from\":\"z:0;rX:0deg;rY:0;rZ:0;sX:2;sY:2;skX:0;skY:0;opacity:0;\",\"mask\":\"x:0px;y:0px;s:inherit;e:inherit;\",\"to\":\"o:1;\",\"ease\":\"Power2.easeOut\"},{\"delay\":\"wait\",\"speed\":300,\"frame\":\"999\",\"to\":\"opacity:0;\",\"ease\":\"nothing\"}]'\n\t\t\tdata-textAlign=\"['left','left','left','left']\"\n\t\t\tdata-paddingtop=\"[0,0,0,0]\"\n\t\t\tdata-paddingright=\"[0,0,0,0]\"\n\t\t\tdata-paddingbottom=\"[0,0,0,0]\"\n\t\t\tdata-paddingleft=\"[0,0,0,0]\"\n\n\t\t\tstyle=\"z-index: 7;\"><img src=\"https:\/\/webmister.pro\/wp-content\/uploads\/2016\/03\/bloc1.png\" alt=\"Design webov\u00fdch str\u00e1nek\" data-ww=\"1294px\" data-hh=\"621px\" width=\"1294\" height=\"621\" data-no-retina> <\/div>\n\t<\/li>\n<\/ul>\n<div class=\"tp-bannertimer tp-bottom\" style=\"visibility: hidden !important;\"><\/div>\t<\/div>\n<script>var htmlDiv = document.getElementById(\"rs-plugin-settings-inline-css\"); var htmlDivCss=\"\";\n\t\t\t\tif(htmlDiv) {\n\t\t\t\t\thtmlDiv.innerHTML = htmlDiv.innerHTML + htmlDivCss;\n\t\t\t\t}else{\n\t\t\t\t\tvar htmlDiv = document.createElement(\"div\");\n\t\t\t\t\thtmlDiv.innerHTML = \"<style>\" + htmlDivCss + \"<\/style>\";\n\t\t\t\t\tdocument.getElementsByTagName(\"head\")[0].appendChild(htmlDiv.childNodes[0]);\n\t\t\t\t}\n\t\t\t<\/script>\n\t\t<script type=\"text\/javascript\">\nif (setREVStartSize!==undefined) setREVStartSize(\n\t{c: '#rev_slider_31_1', gridwidth: [1240], gridheight: [450], sliderLayout: 'fullwidth'});\n\t\t\t\nvar revapi31,\n\ttpj;\t\n(function() {\t\t\t\n\tif (!\/loaded|interactive|complete\/.test(document.readyState)) document.addEventListener(\"DOMContentLoaded\",onLoad); else onLoad();\t\n\tfunction onLoad() {\t\t\t\t\n\t\tif (tpj===undefined) { tpj = jQuery; if(\"off\" == \"on\") tpj.noConflict();}\n\tif(tpj(\"#rev_slider_31_1\").revolution == undefined){\n\t\trevslider_showDoubleJqueryError(\"#rev_slider_31_1\");\n\t}else{\n\t\trevapi31 = tpj(\"#rev_slider_31_1\").show().revolution({\n\t\t\tsliderType:\"standard\",\n\t\t\tjsFileLocation:\"\/\/webmister.pro\/wp-content\/plugins\/revslider\/public\/assets\/js\/\",\n\t\t\tsliderLayout:\"fullwidth\",\n\t\t\tdottedOverlay:\"none\",\n\t\t\tdelay:9000,\n\t\t\tnavigation: {\n\t\t\t\tonHoverStop:\"off\",\n\t\t\t},\n\t\t\tvisibilityLevels:[1240,1024,778,480],\n\t\t\tgridwidth:1240,\n\t\t\tgridheight:450,\n\t\t\tlazyType:\"none\",\n\t\t\tshadow:0,\n\t\t\tspinner:\"spinner4\",\n\t\t\tstopLoop:\"off\",\n\t\t\tstopAfterLoops:-1,\n\t\t\tstopAtSlide:-1,\n\t\t\tshuffle:\"off\",\n\t\t\tautoHeight:\"off\",\n\t\t\tdisableProgressBar:\"on\",\n\t\t\thideThumbsOnMobile:\"off\",\n\t\t\thideSliderAtLimit:0,\n\t\t\thideCaptionAtLimit:0,\n\t\t\thideAllCaptionAtLilmit:0,\n\t\t\tdebugMode:false,\n\t\t\tfallbacks: {\n\t\t\t\tsimplifyAll:\"off\",\n\t\t\t\tnextSlideOnWindowFocus:\"off\",\n\t\t\t\tdisableFocusListener:false,\n\t\t\t}\n\t\t});\n\t}; \/* END OF revapi call *\/\n\t\n }; \/* END OF ON LOAD FUNCTION *\/\n}()); \/* END OF WRAPPING FUNCTION *\/\n<\/script>\n\t\t<script>\n\t\t\t\t\tvar htmlDivCss = '\t#rev_slider_31_1_wrapper .tp-loader.spinner4 div { background-color: #FFFFFF !important; } ';\n\t\t\t\t\tvar htmlDiv = document.getElementById('rs-plugin-settings-inline-css');\n\t\t\t\t\tif(htmlDiv) {\n\t\t\t\t\t\thtmlDiv.innerHTML = htmlDiv.innerHTML + htmlDivCss;\n\t\t\t\t\t}\n\t\t\t\t\telse{\n\t\t\t\t\t\tvar htmlDiv = document.createElement('div');\n\t\t\t\t\t\thtmlDiv.innerHTML = '<style>' + htmlDivCss + '<\/style>';\n\t\t\t\t\t\tdocument.getElementsByTagName('head')[0].appendChild(htmlDiv.childNodes[0]);\n\t\t\t\t\t}\n\t\t\t\t\t<\/script>\n\t\t\t\t\t<\/div><!-- END REVOLUTION SLIDER -->[\/vc_column][\/vc_row][vc_row css=&#8220;.vc_custom_1458327169448{padding-top: 70px !important;}&#8220;][vc_column][vc_column_text animation=&#8220;flip-x&#8220;]\n<p style=\"text-align: justify;\">\u00daprava webov\u00fdch str\u00e1nek je to jejich vizitka, jsou to &#8222;\u0161aty&#8220;, je\u017e d\u011blaj\u00ed v\u00e1\u0161 projekt u\u017eivatel\u00e9.<\/p>\n<p style=\"text-align: justify;\">Podstatou slu\u017eby je v\u00fdvoj pojet\u00ed vzhledu webov\u00fdch str\u00e1nek, vytvo\u0159en\u00ed hlavn\u00edch str\u00e1nek makety jednotliv\u00fdmi vrstvami ve form\u00e1tu PSD, d\u00edky \u010demu\u017e se prvky designu mohou snadno transformovat a zapojovat se do nov\u00fdch str\u00e1nek webu.<\/p>\n<p style=\"text-align: justify;\">P\u0159\u00edklady designu webov\u00fdch str\u00e1nek m\u016f\u017eete prohl\u00e9dnout v sekci portfolio.<\/p>\n<p style=\"text-align: justify;\">Tak\u00e9 krom\u011b vytvo\u0159en\u00ed design-makety m\u016f\u017eeme plnit i jin\u00e9 \u00fakoly pro web design, nap\u0159\u00edklad, kreslit banner, tla\u010d\u00edtko, vytvo\u0159it novou str\u00e1nku atd.<\/p>\n[\/vc_column_text][mk_fancy_title tag_name=&#8220;h3&#8243; color=&#8220;#ffffff&#8220; size=&#8220;48&#8243; font_weight=&#8220;100&#8243; txt_transform=&#8220;uppercase&#8220; margin_top=&#8220;70&#8243; font_family=&#8220;none&#8220; align=&#8220;center&#8220; animation=&#8220;scale-up&#8220;]CO TO V\u00c1M D\u00c1V\u00c1?[\/mk_fancy_title][vc_column_text animation=&#8220;flip-x&#8220;]\n<ol>\n<li style=\"text-align: justify;\">Profesion\u00e1ln\u00ed design v souladu se stylem a po\u017eadavky Va\u0161\u00ed spole\u010dnosti.<\/li>\n<li style=\"text-align: justify;\">Orientace designu na o\u010dek\u00e1v\u00e1n\u00ed potenci\u00e1ln\u00edho publika internetov\u00fdch zdroj\u016f.<\/li>\n<li style=\"text-align: justify;\">Logick\u00e9 sch\u00e9ma a struktura webov\u00fdch str\u00e1nek<\/li>\n<\/ol>\n<p style=\"text-align: justify;\">Tak\u00e9 si m\u016f\u017eete objednat vytvo\u0159en\u00ed webov\u00fdch str\u00e1nek na b\u00e1zi vyvinut\u00e9ho designu. S na\u0161imi pracemi se m\u016f\u017eete sezn\u00e1mit zde.<\/p>\n[\/vc_column_text][mk_fancy_title tag_name=&#8220;h3&#8243; color=&#8220;#ffffff&#8220; size=&#8220;48&#8243; font_weight=&#8220;100&#8243; txt_transform=&#8220;uppercase&#8220; margin_top=&#8220;70&#8243; font_family=&#8220;none&#8220; align=&#8220;center&#8220; animation=&#8220;scale-up&#8220;]DESIGN LANDING PAGE[\/mk_fancy_title][vc_column_text animation=&#8220;flip-x&#8220;]\n<p style=\"text-align: justify;\">Landing Page je to jednostr\u00e1nkov\u00fd web, kter\u00fd mnohem lep\u0161\u00ed stimuluje n\u00e1v\u0161t\u011bvn\u00edka k akci, ne\u017e b\u011b\u017en\u00e9 webov\u00e9 str\u00e1nky, jin\u00fdmi slovy je to web, kter\u00fd prod\u00e1v\u00e1.<\/p>\n<p style=\"text-align: justify;\">Z\u00e1kladn\u00edm ukazatelem \u00fasp\u011b\u0161nosti landing page je jeho konverze, tj. pom\u011br po\u010dtu hovor\u016f\/objedn\u00e1vek\/nab\u00eddek k po\u010dtu n\u00e1v\u0161t\u011bvn\u00edk\u016f za obdob\u00ed. V prvn\u00ed \u0159ad\u011b na konverzi t\u011bchto webov\u00fdch str\u00e1nek m\u00e1 vliv jejich design: spr\u00e1vn\u00e1 struktura, logika a dostupnost informac\u00ed.<\/p>\n[\/vc_column_text][mk_fancy_title tag_name=&#8220;h3&#8243; color=&#8220;#ffffff&#8220; size=&#8220;48&#8243; font_weight=&#8220;100&#8243; txt_transform=&#8220;uppercase&#8220; margin_top=&#8220;70&#8243; font_family=&#8220;none&#8220; align=&#8220;center&#8220; animation=&#8220;scale-up&#8220;]DESIGN WEBU-VIZITKY[\/mk_fancy_title][vc_column_text animation=&#8220;flip-x&#8220;]\n<p style=\"text-align: justify;\">Web-vizitka stru\u010dn\u011b, ale efektivn\u011b p\u0159edstavuje V\u00e1s, Va\u0161i spole\u010dnost, produkt nebo slu\u017ebu v s\u00edti Internet.<\/p>\n<p style=\"text-align: justify;\">Web-vizitka je popul\u00e1rn\u00ed mezi mal\u00e9 spole\u010dnosti, p\u016fsob\u00edc\u00ed v oblasti slu\u017eeb, soukrom\u00fdch specialist\u016f a jednotliv\u00fdch podnikatel\u016f &#8211; poradc\u016f, advok\u00e1t\u016f, l\u00e9ka\u0159\u016f atd, \u0158e\u0161en\u00ed &#8222;Web-vizitka&#8220; znamen\u00e1 jednoduchou jednof\u00e1zovou strukturu webov\u00fdch str\u00e1nek, bez vlo\u017een\u00fdch sekc\u00ed.<\/p>\n[\/vc_column_text][mk_fancy_title tag_name=&#8220;h3&#8243; color=&#8220;#ffffff&#8220; size=&#8220;48&#8243; font_weight=&#8220;100&#8243; txt_transform=&#8220;uppercase&#8220; margin_top=&#8220;70&#8243; font_family=&#8220;none&#8220; align=&#8220;center&#8220; animation=&#8220;scale-up&#8220;]DESIGN FIREMN\u00cdCH WEBOV\u00ddCH STR\u00c1NEK[\/mk_fancy_title][vc_column_text animation=&#8220;flip-x&#8220;]\n<p style=\"text-align: justify;\">Firemn\u00ed webov\u00e9 str\u00e1nky jsou komplexn\u00edm n\u00e1strojem, jen\u017e m\u016f\u017ee plnit hned n\u011bkolik funkc\u00ed \u2014 poskytovat informace o hlavn\u00edch produktech a slu\u017eb\u00e1ch spole\u010dnosti, slou\u017eit jako komunika\u010dn\u00ed platforma pro zam\u011bstnance spole\u010dnosti, zobrazovat kontaktn\u00ed informace pobo\u010dek.<\/p>\n<p style=\"text-align: justify;\">Hlavn\u00edm rysem p\u0159i vybudov\u00e1n\u00ed firemn\u00edch webov\u00fdch str\u00e1nek je vytvo\u0159it u\u017eivatelsky p\u0159\u00edjemn\u00fd interface a evidentn\u00ed (pro u\u017eivatele) strukturu, t.j. firemn\u00ed webov\u00e9 str\u00e1nky obvykle zahrnuj\u00ed pom\u011brn\u011b velk\u00fd po\u010det str\u00e1nek.<\/p>\n[\/vc_column_text][mk_fancy_title tag_name=&#8220;h3&#8243; color=&#8220;#ffffff&#8220; size=&#8220;48&#8243; font_weight=&#8220;100&#8243; txt_transform=&#8220;uppercase&#8220; margin_top=&#8220;70&#8243; font_family=&#8220;none&#8220; align=&#8220;center&#8220; animation=&#8220;scale-up&#8220;]DESIGN INTERNETOV\u00c9HO OBCHODU[\/mk_fancy_title][vc_column_text animation=&#8220;flip-x&#8220;]\n<p style=\"text-align: justify;\">Internetov\u00fd obchod je to nejen katalog produkt\u016f on-line, ale pln\u011b vybaven\u00fd obchod s funkcemi skute\u010dn\u00e9 obchodn\u00ed s\u00edn\u011b.<\/p>\n<p style=\"text-align: justify;\">Vytvo\u0159en\u00ed internetov\u00e9ho obchodu v\u00e1m umo\u017en\u00ed v\u00fdrazn\u011b roz\u0161\u00ed\u0159it maloobchodn\u00ed a velkoobchodn\u00ed s\u00edt\u011b, vstoupit se sv\u00fdmi produkty na nov\u00e9 trhy a naj\u00edt nov\u00e9 z\u00e1kazn\u00edky. Pokud m\u00e1te v pl\u00e1nu vytvo\u0159it design internetov\u00e9ho obchodu, pamatujte si, \u017ee hlavn\u00edm \u00fakolem takov\u00e9ho webu jsou prodeje, tak\u017ee, p\u0159edev\u0161\u00edm, on mus\u00ed b\u00fdt u\u017eivatelsky p\u0159\u00edv\u011btiv\u00fd a srozumiteln\u00fd, a to pouze za druh\u00e9 \u2013 kr\u00e1sn\u00fd. A jsme, vzhledem k\u00a0tomuto pravidlu, ud\u011bl\u00e1me pro V\u00e1s maketu \u2014 jednoduchou, intuitivn\u00ed, p\u0159izp\u016fsobitelnou, je\u017e bude pln\u011b plnit \u00fakoly, kter\u00e9 ukl\u00e1daj\u00ed na design internetov\u00e9ho obchodu.<\/p>\n[\/vc_column_text][\/vc_column][\/vc_row][vc_row css=&#8220;.vc_custom_1458463307267{padding-top: 70px !important;}&#8220;][vc_column]<div class=\"ult-animation  ult-animate-viewport  ult-no-mobile \" data-animate=\"bounceIn\" data-animation-delay=\"0\" data-animation-duration=\"3\" data-animation-iteration=\"1\" style=\"opacity:0;\" data-opacity_start_effect=\"\">[mk_pricing_table style=&#8220;monocolor&#8220; order=&#8220;ASC&#8220; tables=&#8220;2778, 2776, 2774, 2772&#8243;][\/mk_pricing_table]<\/div>[\/vc_column][\/vc_row][mk_page_section bg_color=&#8220;#232323&#8243; sidebar=&#8220;sidebar-1&#8243;][vc_column css=&#8220;.vc_custom_1458463182258{padding-top: 70px !important;}&#8220;][vc_column_text]\n<h3 style=\"text-align: center;\">CHCETE SI OBJEDNAT DESIGN WEBOV\u00ddCH STR\u00c1NEK?<\/h3>\n<h2 style=\"text-align: center;\">VYZKOU\u0160EJTE NEBO NAPLN\u011aTE N\u00c1SLEDNOU FORMU!<\/h2>\n[\/vc_column_text][vc_row_inner css=&#8220;.vc_custom_1458463378607{padding-top: 35px !important;padding-bottom: 70px !important;}&#8220;][vc_column_inner width=&#8220;1\/2&#8243;]<div role=\"form\" class=\"wpcf7\" id=\"wpcf7-f3982-o1\" lang=\"ru-RU\" dir=\"ltr\">\n<div class=\"screen-reader-response\"><p role=\"status\" aria-live=\"polite\" aria-atomic=\"true\"><\/p> <ul><\/ul><\/div>\n<form action=\"\/cz\/wp-json\/wp\/v2\/pages\/3490#wpcf7-f3982-o1\" method=\"post\" class=\"wpcf7-form init\" novalidate=\"novalidate\" data-status=\"init\">\n<div style=\"display: none;\">\n<input type=\"hidden\" name=\"_wpcf7\" value=\"3982\" \/>\n<input type=\"hidden\" name=\"_wpcf7_version\" value=\"5.5.2\" \/>\n<input type=\"hidden\" name=\"_wpcf7_locale\" value=\"ru_RU\" \/>\n<input type=\"hidden\" name=\"_wpcf7_unit_tag\" value=\"wpcf7-f3982-o1\" \/>\n<input type=\"hidden\" name=\"_wpcf7_container_post\" value=\"0\" \/>\n<input type=\"hidden\" name=\"_wpcf7_posted_data_hash\" value=\"\" \/>\n<\/div>\n<p>Co se designu webov\u00fdch str\u00e1nek budete pot\u0159ebovat?<br \/>\n    <span class=\"wpcf7-form-control-wrap radio-601\"><span class=\"wpcf7-form-control wpcf7-radio\"><span class=\"wpcf7-list-item first\"><input type=\"radio\" name=\"radio-601\" value=\"Landing page\" checked=\"checked\" \/><span class=\"wpcf7-list-item-label\">Landing page<\/span><\/span><span class=\"wpcf7-list-item\"><input type=\"radio\" name=\"radio-601\" value=\"Webu-vizitky\" \/><span class=\"wpcf7-list-item-label\">Webu-vizitky<\/span><\/span><span class=\"wpcf7-list-item\"><input type=\"radio\" name=\"radio-601\" value=\"Firemn\u00ed webov\u00e9 str\u00e1nky\" \/><span class=\"wpcf7-list-item-label\">Firemn\u00ed webov\u00e9 str\u00e1nky<\/span><\/span><span class=\"wpcf7-list-item last\"><input type=\"radio\" name=\"radio-601\" value=\"On-line obchod\" \/><span class=\"wpcf7-list-item-label\">On-line obchod<\/span><\/span><\/span><\/span> <\/p>\n<p><span class=\"wpcf7-form-control-wrap your-name\"><input type=\"text\" name=\"your-name\" value=\"\" size=\"40\" class=\"wpcf7-form-control wpcf7-text wpcf7-validates-as-required\" aria-required=\"true\" aria-invalid=\"false\" placeholder=\"Jm\u00e9no *\" \/><\/span> <\/p>\n<p><span class=\"wpcf7-form-control-wrap your-email\"><input type=\"email\" name=\"your-email\" value=\"\" size=\"40\" class=\"wpcf7-form-control wpcf7-text wpcf7-email wpcf7-validates-as-required wpcf7-validates-as-email\" aria-required=\"true\" aria-invalid=\"false\" placeholder=\"Email *\" \/><\/span><\/p>\n<p><span class=\"wpcf7-form-control-wrap your-message\"><textarea name=\"your-message\" cols=\"40\" rows=\"10\" class=\"wpcf7-form-control wpcf7-textarea\" aria-invalid=\"false\" placeholder=\"Zpr\u00e1va\"><\/textarea><\/span> <\/p>\n<div class=\"webmister-box-agree\"><span class=\"wpcf7-form-control-wrap agree\"><span class=\"wpcf7-form-control wpcf7-acceptance invert\"><span class=\"wpcf7-list-item\"><input type=\"checkbox\" name=\"agree\" value=\"1\" aria-invalid=\"false\" checked=\"checked\" class=\"webmister-agree\" \/><\/span><\/span><\/span><\/div>\n<div class=\"webmister-submit\"><input type=\"submit\" value=\"Poslat\" class=\"wpcf7-form-control has-spinner wpcf7-submit\" \/><\/div>\n<div class=\"wpcf7-response-output\" aria-hidden=\"true\"><\/div><\/form><\/div>[\/vc_column_inner][vc_column_inner width=&#8220;1\/2&#8243;]<div class=\"ult-animation  ult-animate-viewport  ult-no-mobile \" data-animate=\"infinite InfiniteHorizontalShake\" data-animation-delay=\"0\" data-animation-duration=\"3\" data-animation-iteration=\"infinite\" style=\"opacity:0;\" data-opacity_start_effect=\"\">[vc_column_text align=&#8220;center&#8220;]<img loading=\"lazy\" class=\"size-full wp-image-1261 aligncenter\" src=\"https:\/\/webmister.pro\/wp-content\/uploads\/2016\/03\/book2.png\" alt=\"book2\" width=\"441\" height=\"500\" srcset=\"https:\/\/webmister.pro\/wp-content\/uploads\/2016\/03\/book2.png 441w, https:\/\/webmister.pro\/wp-content\/uploads\/2016\/03\/book2-265x300.png 265w, https:\/\/webmister.pro\/wp-content\/uploads\/2016\/03\/book2-229x260.png 229w\" sizes=\"(max-width: 441px) 100vw, 441px\" \/>[\/vc_column_text]<\/div>[\/vc_column_inner][\/vc_row_inner][\/vc_column][\/mk_page_section]\n","protected":false},"excerpt":{"rendered":"<p>[vc_row][vc_column][\/vc_column][\/vc_row][vc_row css=&#8220;.vc_custom_1458327169448{padding-top: 70px !important;}&#8220;][vc_column][vc_column_text animation=&#8220;flip-x&#8220;] \u00daprava webov\u00fdch str\u00e1nek je to jejich vizitka, jsou to &#8222;\u0161aty&#8220;, je\u017e d\u011blaj\u00ed v\u00e1\u0161 projekt u\u017eivatel\u00e9. Podstatou slu\u017eby je v\u00fdvoj pojet\u00ed vzhledu webov\u00fdch str\u00e1nek, vytvo\u0159en\u00ed hlavn\u00edch str\u00e1nek makety jednotliv\u00fdmi vrstvami ve form\u00e1tu PSD, d\u00edky \u010demu\u017e se prvky designu mohou snadno transformovat a zapojovat se do nov\u00fdch str\u00e1nek webu. P\u0159\u00edklady designu webov\u00fdch [&hellip;]<\/p>\n","protected":false},"author":1,"featured_media":0,"parent":0,"menu_order":0,"comment_status":"closed","ping_status":"closed","template":"","meta":[],"_links":{"self":[{"href":"https:\/\/webmister.pro\/cz\/wp-json\/wp\/v2\/pages\/3490"}],"collection":[{"href":"https:\/\/webmister.pro\/cz\/wp-json\/wp\/v2\/pages"}],"about":[{"href":"https:\/\/webmister.pro\/cz\/wp-json\/wp\/v2\/types\/page"}],"author":[{"embeddable":true,"href":"https:\/\/webmister.pro\/cz\/wp-json\/wp\/v2\/users\/1"}],"replies":[{"embeddable":true,"href":"https:\/\/webmister.pro\/cz\/wp-json\/wp\/v2\/comments?post=3490"}],"version-history":[{"count":0,"href":"https:\/\/webmister.pro\/cz\/wp-json\/wp\/v2\/pages\/3490\/revisions"}],"wp:attachment":[{"href":"https:\/\/webmister.pro\/cz\/wp-json\/wp\/v2\/media?parent=3490"}],"curies":[{"name":"wp","href":"https:\/\/api.w.org\/{rel}","templated":true}]}}